{"id":5919,"date":"2025-07-22T14:50:47","date_gmt":"2025-07-22T13:50:47","guid":{"rendered":"https:\/\/hydropartsholland.com\/product\/levelling-box-assembly-case-international\/"},"modified":"2023-08-31T11:52:38","modified_gmt":"2023-08-31T10:52:38","slug":"levelling-box-assembly-case-international","status":"publish","type":"product","link":"https:\/\/hydropartsholland.com\/de\/produkt\/levelling-box-assembly-case-international\/","title":{"rendered":"Hubstange f\u00fcr Case IH 385 454 474 475 Schleppers"},"content":{"rendered":"<p>Hubstange Montagebox f\u00fcr Case IH Schleppers.<\/p>\n<p>Hubstange passend f\u00fcr CASE IH 385, 454, 474, 475, 484, 485, 495, 574, 584, 585, 595, 674, 684, 685, 695, 784, 785,\u00a0 795, 884, 885, 895, 895 und mehr .<\/p>\n<p>OEM:<\/p>\n<ul>\n<li>S.74506<\/li>\n<li>S74506<\/li>\n<li>74506<\/li>\n<\/ul>\n<p>&nbsp;<\/p>\n<ul>\n<li>Schaftl\u00e4nge: 400 mm.<\/li>\n<li>Gabelabstand: 45 mm.<\/li>\n<li>Min.-Max.: 590\u2013730 mm<\/li>\n<\/ul>\n<p>*Die Original-Ersatzteilnummern dienen ausschlie\u00dflich zu Vergleichszwecken.<\/p>\n","protected":false},"excerpt":{"rendered":"<ul>\n<li>Schaftl\u00e4nge: 400 mm.<\/li>\n<li>Gabelabstand: 45 mm.<\/li>\n<li>Min.-Max.: 590\u2013730 mm<\/li>\n<\/ul>\n","protected":false},"featured_media":3681,"comment_status":"open","ping_status":"closed","template":"","meta":{"inline_featured_image":false},"product_cat":[647,648],"product_tag":[],"class_list":{"0":"post-5919","1":"product","2":"type-product","3":"status-publish","4":"has-post-thumbnail","6":"product_cat-hubstangen","7":"product_cat-case-ihc-de","9":"first","10":"instock","11":"taxable","12":"shipping-taxable","13":"purchasable","14":"product-type-simple"},"yoast_head":"<!-- This site is optimized with the Yoast SEO plugin v23.3 - https:\/\/yoast.com\/wordpress\/plugins\/seo\/ -->\n<title>Hubstange f\u00fcr Case IH 385 454 474 475 Schleppers - Hydropartsholland<\/title>\n<meta name=\"description\" content=\"Hubstange Montagebox f\u00fcr Case IH Schleppers. Hubstange passend f\u00fcr CASE IH 385, 454, 474, 475, 484, 485, 495, 574, 584, 585, 595, 674, 684, 685, 695, 784, 785,\u00a0 795, 884, 885, 895, 895 und mehr.\" \/>\n<meta name=\"robots\" content=\"index, follow, max-snippet:-1, max-image-preview:large, max-video-preview:-1\" \/>\n<link rel=\"canonical\" href=\"https:\/\/hydropartsholland.com\/de\/produkt\/levelling-box-assembly-case-international\/\" \/>\n<meta property=\"og:locale\" content=\"de_DE\" \/>\n<meta property=\"og:type\" content=\"article\" \/>\n<meta property=\"og:title\" content=\"Hubstange f\u00fcr Case IH 385 454 474 475 Schleppers - Hydropartsholland\" \/>\n<meta property=\"og:description\" content=\"Hubstange Montagebox f\u00fcr Case IH Schleppers. Hubstange passend f\u00fcr CASE IH 385, 454, 474, 475, 484, 485, 495, 574, 584, 585, 595, 674, 684, 685, 695, 784, 785,\u00a0 795, 884, 885, 895, 895 und mehr.\" \/>\n<meta property=\"og:url\" content=\"https:\/\/hydropartsholland.com\/de\/produkt\/levelling-box-assembly-case-international\/\" \/>\n<meta property=\"og:site_name\" content=\"Hydropartsholland\" \/>\n<meta property=\"article:modified_time\" content=\"2023-08-31T10:52:38+00:00\" \/>\n<meta property=\"og:image\" content=\"https:\/\/hydropartsholland.com\/wp-content\/uploads\/2022\/07\/s-l1600-2-5-4.jpg\" \/>\n\t<meta property=\"og:image:width\" content=\"952\" \/>\n\t<meta property=\"og:image:height\" content=\"509\" \/>\n\t<meta property=\"og:image:type\" content=\"image\/jpeg\" \/>\n<meta name=\"twitter:card\" content=\"summary_large_image\" \/>\n<meta name=\"twitter:label1\" content=\"Gesch\u00e4tzte Lesezeit\" \/>\n\t<meta name=\"twitter:data1\" content=\"1\u00a0Minute\" \/>\n<script type=\"application\/ld+json\" class=\"yoast-schema-graph\">{\"@context\":\"https:\/\/schema.org\",\"@graph\":[{\"@type\":\"WebPage\",\"@id\":\"https:\/\/hydropartsholland.com\/de\/produkt\/levelling-box-assembly-case-international\/\",\"url\":\"https:\/\/hydropartsholland.com\/de\/produkt\/levelling-box-assembly-case-international\/\",\"name\":\"Hubstange f\u00fcr Case IH 385 454 474 475 Schleppers - Hydropartsholland\",\"isPartOf\":{\"@id\":\"https:\/\/hydropartsholland.com\/#website\"},\"primaryImageOfPage\":{\"@id\":\"https:\/\/hydropartsholland.com\/de\/produkt\/levelling-box-assembly-case-international\/#primaryimage\"},\"image\":{\"@id\":\"https:\/\/hydropartsholland.com\/de\/produkt\/levelling-box-assembly-case-international\/#primaryimage\"},\"thumbnailUrl\":\"https:\/\/hydropartsholland.com\/wp-content\/uploads\/2022\/07\/s-l1600-2-5-4.jpg\",\"datePublished\":\"2025-07-22T13:50:47+00:00\",\"dateModified\":\"2023-08-31T10:52:38+00:00\",\"description\":\"Hubstange Montagebox f\u00fcr Case IH Schleppers. Hubstange passend f\u00fcr CASE IH 385, 454, 474, 475, 484, 485, 495, 574, 584, 585, 595, 674, 684, 685, 695, 784, 785,\u00a0 795, 884, 885, 895, 895 und mehr.\",\"breadcrumb\":{\"@id\":\"https:\/\/hydropartsholland.com\/de\/produkt\/levelling-box-assembly-case-international\/#breadcrumb\"},\"inLanguage\":\"de\",\"potentialAction\":[{\"@type\":\"ReadAction\",\"target\":[\"https:\/\/hydropartsholland.com\/de\/produkt\/levelling-box-assembly-case-international\/\"]}]},{\"@type\":\"ImageObject\",\"inLanguage\":\"de\",\"@id\":\"https:\/\/hydropartsholland.com\/de\/produkt\/levelling-box-assembly-case-international\/#primaryimage\",\"url\":\"https:\/\/hydropartsholland.com\/wp-content\/uploads\/2022\/07\/s-l1600-2-5-4.jpg\",\"contentUrl\":\"https:\/\/hydropartsholland.com\/wp-content\/uploads\/2022\/07\/s-l1600-2-5-4.jpg\",\"width\":952,\"height\":509},{\"@type\":\"BreadcrumbList\",\"@id\":\"https:\/\/hydropartsholland.com\/de\/produkt\/levelling-box-assembly-case-international\/#breadcrumb\",\"itemListElement\":[{\"@type\":\"ListItem\",\"position\":1,\"name\":\"Home\",\"item\":\"https:\/\/hydropartsholland.com\/\"},{\"@type\":\"ListItem\",\"position\":2,\"name\":\"Gesch\u00e4ft\",\"item\":\"https:\/\/hydropartsholland.com\/de\/shop-3\/\"},{\"@type\":\"ListItem\",\"position\":3,\"name\":\"Hubstange f\u00fcr Case IH 385 454 474 475 Schleppers\"}]},{\"@type\":\"WebSite\",\"@id\":\"https:\/\/hydropartsholland.com\/#website\",\"url\":\"https:\/\/hydropartsholland.com\/\",\"name\":\"Hydropartsholland\",\"description\":\"\",\"publisher\":{\"@id\":\"https:\/\/hydropartsholland.com\/#organization\"},\"potentialAction\":[{\"@type\":\"SearchAction\",\"target\":{\"@type\":\"EntryPoint\",\"urlTemplate\":\"https:\/\/hydropartsholland.com\/?s={search_term_string}\"},\"query-input\":\"required name=search_term_string\"}],\"inLanguage\":\"de\"},{\"@type\":\"Organization\",\"@id\":\"https:\/\/hydropartsholland.com\/#organization\",\"name\":\"Spare Parts Holland\",\"url\":\"https:\/\/hydropartsholland.com\/\",\"logo\":{\"@type\":\"ImageObject\",\"inLanguage\":\"de\",\"@id\":\"https:\/\/hydropartsholland.com\/#\/schema\/logo\/image\/\",\"url\":\"https:\/\/hydropartsholland.com\/wp-content\/uploads\/2022\/06\/spareparts-1.png\",\"contentUrl\":\"https:\/\/hydropartsholland.com\/wp-content\/uploads\/2022\/06\/spareparts-1.png\",\"width\":824,\"height\":685,\"caption\":\"Spare Parts Holland\"},\"image\":{\"@id\":\"https:\/\/hydropartsholland.com\/#\/schema\/logo\/image\/\"}}]}<\/script>\n<!-- \/ Yoast SEO plugin. -->","yoast_head_json":{"title":"Hubstange f\u00fcr Case IH 385 454 474 475 Schleppers - Hydropartsholland","description":"Hubstange Montagebox f\u00fcr Case IH Schleppers. Hubstange passend f\u00fcr CASE IH 385, 454, 474, 475, 484, 485, 495, 574, 584, 585, 595, 674, 684, 685, 695, 784, 785,\u00a0 795, 884, 885, 895, 895 und mehr.","robots":{"index":"index","follow":"follow","max-snippet":"max-snippet:-1","max-image-preview":"max-image-preview:large","max-video-preview":"max-video-preview:-1"},"canonical":"https:\/\/hydropartsholland.com\/de\/produkt\/levelling-box-assembly-case-international\/","og_locale":"de_DE","og_type":"article","og_title":"Hubstange f\u00fcr Case IH 385 454 474 475 Schleppers - Hydropartsholland","og_description":"Hubstange Montagebox f\u00fcr Case IH Schleppers. Hubstange passend f\u00fcr CASE IH 385, 454, 474, 475, 484, 485, 495, 574, 584, 585, 595, 674, 684, 685, 695, 784, 785,\u00a0 795, 884, 885, 895, 895 und mehr.","og_url":"https:\/\/hydropartsholland.com\/de\/produkt\/levelling-box-assembly-case-international\/","og_site_name":"Hydropartsholland","article_modified_time":"2023-08-31T10:52:38+00:00","og_image":[{"width":952,"height":509,"url":"https:\/\/hydropartsholland.com\/wp-content\/uploads\/2022\/07\/s-l1600-2-5-4.jpg","type":"image\/jpeg"}],"twitter_card":"summary_large_image","twitter_misc":{"Gesch\u00e4tzte Lesezeit":"1\u00a0Minute"},"schema":{"@context":"https:\/\/schema.org","@graph":[{"@type":"WebPage","@id":"https:\/\/hydropartsholland.com\/de\/produkt\/levelling-box-assembly-case-international\/","url":"https:\/\/hydropartsholland.com\/de\/produkt\/levelling-box-assembly-case-international\/","name":"Hubstange f\u00fcr Case IH 385 454 474 475 Schleppers - Hydropartsholland","isPartOf":{"@id":"https:\/\/hydropartsholland.com\/#website"},"primaryImageOfPage":{"@id":"https:\/\/hydropartsholland.com\/de\/produkt\/levelling-box-assembly-case-international\/#primaryimage"},"image":{"@id":"https:\/\/hydropartsholland.com\/de\/produkt\/levelling-box-assembly-case-international\/#primaryimage"},"thumbnailUrl":"https:\/\/hydropartsholland.com\/wp-content\/uploads\/2022\/07\/s-l1600-2-5-4.jpg","datePublished":"2025-07-22T13:50:47+00:00","dateModified":"2023-08-31T10:52:38+00:00","description":"Hubstange Montagebox f\u00fcr Case IH Schleppers. Hubstange passend f\u00fcr CASE IH 385, 454, 474, 475, 484, 485, 495, 574, 584, 585, 595, 674, 684, 685, 695, 784, 785,\u00a0 795, 884, 885, 895, 895 und mehr.","breadcrumb":{"@id":"https:\/\/hydropartsholland.com\/de\/produkt\/levelling-box-assembly-case-international\/#breadcrumb"},"inLanguage":"de","potentialAction":[{"@type":"ReadAction","target":["https:\/\/hydropartsholland.com\/de\/produkt\/levelling-box-assembly-case-international\/"]}]},{"@type":"ImageObject","inLanguage":"de","@id":"https:\/\/hydropartsholland.com\/de\/produkt\/levelling-box-assembly-case-international\/#primaryimage","url":"https:\/\/hydropartsholland.com\/wp-content\/uploads\/2022\/07\/s-l1600-2-5-4.jpg","contentUrl":"https:\/\/hydropartsholland.com\/wp-content\/uploads\/2022\/07\/s-l1600-2-5-4.jpg","width":952,"height":509},{"@type":"BreadcrumbList","@id":"https:\/\/hydropartsholland.com\/de\/produkt\/levelling-box-assembly-case-international\/#breadcrumb","itemListElement":[{"@type":"ListItem","position":1,"name":"Home","item":"https:\/\/hydropartsholland.com\/"},{"@type":"ListItem","position":2,"name":"Gesch\u00e4ft","item":"https:\/\/hydropartsholland.com\/de\/shop-3\/"},{"@type":"ListItem","position":3,"name":"Hubstange f\u00fcr Case IH 385 454 474 475 Schleppers"}]},{"@type":"WebSite","@id":"https:\/\/hydropartsholland.com\/#website","url":"https:\/\/hydropartsholland.com\/","name":"Hydropartsholland","description":"","publisher":{"@id":"https:\/\/hydropartsholland.com\/#organization"},"potentialAction":[{"@type":"SearchAction","target":{"@type":"EntryPoint","urlTemplate":"https:\/\/hydropartsholland.com\/?s={search_term_string}"},"query-input":"required name=search_term_string"}],"inLanguage":"de"},{"@type":"Organization","@id":"https:\/\/hydropartsholland.com\/#organization","name":"Spare Parts Holland","url":"https:\/\/hydropartsholland.com\/","logo":{"@type":"ImageObject","inLanguage":"de","@id":"https:\/\/hydropartsholland.com\/#\/schema\/logo\/image\/","url":"https:\/\/hydropartsholland.com\/wp-content\/uploads\/2022\/06\/spareparts-1.png","contentUrl":"https:\/\/hydropartsholland.com\/wp-content\/uploads\/2022\/06\/spareparts-1.png","width":824,"height":685,"caption":"Spare Parts Holland"},"image":{"@id":"https:\/\/hydropartsholland.com\/#\/schema\/logo\/image\/"}}]}},"_links":{"self":[{"href":"https:\/\/hydropartsholland.com\/de\/wp-json\/wp\/v2\/product\/5919","targetHints":{"allow":["GET"]}}],"collection":[{"href":"https:\/\/hydropartsholland.com\/de\/wp-json\/wp\/v2\/product"}],"about":[{"href":"https:\/\/hydropartsholland.com\/de\/wp-json\/wp\/v2\/types\/product"}],"replies":[{"embeddable":true,"href":"https:\/\/hydropartsholland.com\/de\/wp-json\/wp\/v2\/comments?post=5919"}],"wp:featuredmedia":[{"embeddable":true,"href":"https:\/\/hydropartsholland.com\/de\/wp-json\/wp\/v2\/media\/3681"}],"wp:attachment":[{"href":"https:\/\/hydropartsholland.com\/de\/wp-json\/wp\/v2\/media?parent=5919"}],"wp:term":[{"taxonomy":"product_cat","embeddable":true,"href":"https:\/\/hydropartsholland.com\/de\/wp-json\/wp\/v2\/product_cat?post=5919"},{"taxonomy":"product_tag","embeddable":true,"href":"https:\/\/hydropartsholland.com\/de\/wp-json\/wp\/v2\/product_tag?post=5919"}],"curies":[{"name":"wp","href":"https:\/\/api.w.org\/{rel}","templated":true}]}}