{"id":5916,"date":"2025-07-22T14:50:45","date_gmt":"2025-07-22T13:50:45","guid":{"rendered":"https:\/\/hydropartsholland.com\/product\/leveling-assembly-fits-john-deere-4500-4600-4700-5200-5300-re45632-3pt-lift\/"},"modified":"2023-02-06T15:38:40","modified_gmt":"2023-02-06T14:38:40","slug":"leveling-assembly-fits-john-deere-4500-4600-4700-5200-5300-re45632-3pt-lift","status":"publish","type":"product","link":"https:\/\/hydropartsholland.com\/de\/produkt\/leveling-assembly-fits-john-deere-4500-4600-4700-5200-5300-re45632-3pt-lift\/","title":{"rendered":"RE4563 &#8211; Hubstange f\u00fcr John Deere 4500 4600 4700 5200 5300 Schleppers"},"content":{"rendered":"<p>Neue Aftermarket Hubverbindung.<\/p>\n<p>Hergestellt f\u00fcr John Deere Schlepper Modelle: 4500, 4600, 4700, 5200, 5300, 5400, 5500, 5210, 5310, 5410, 5510, 5220, 5320, 5420, 5520, 5403, 5105, 5205, 5615, 51,52, 5251 5, 52515 5425, 5625, 5725, 110 Traktor, 110 Lader.<\/p>\n<ul>\n<li>Rechtsh\u00e4ndig. (zur Verwendung an einigen Modellen sind hintere Felgen gr\u00f6\u00dfer als 24 Zoll erforderlich)<\/li>\n<\/ul>\n<p><strong>Ersetzt Teilenummern: <\/strong><\/p>\n<ul>\n<li>RE243216<\/li>\n<li>RE247409<\/li>\n<li>RE45632<\/li>\n<\/ul>\n","protected":false},"excerpt":{"rendered":"<ul>\n<li>Rechtsh\u00e4ndig. (zur Verwendung an einigen Modellen sind hintere Felgen gr\u00f6\u00dfer als 24 Zoll erforderlich)<\/li>\n<\/ul>\n","protected":false},"featured_media":3707,"comment_status":"open","ping_status":"closed","template":"","meta":{"inline_featured_image":false},"product_cat":[647,651],"product_tag":[],"class_list":{"0":"post-5916","1":"product","2":"type-product","3":"status-publish","4":"has-post-thumbnail","6":"product_cat-hubstangen","7":"product_cat-john-deere-de","9":"first","10":"instock","11":"taxable","12":"shipping-taxable","13":"purchasable","14":"product-type-simple"},"yoast_head":"<!-- This site is optimized with the Yoast SEO plugin v23.3 - https:\/\/yoast.com\/wordpress\/plugins\/seo\/ -->\n<title>RE4563 - Hubstange f\u00fcr John Deere 4500 4600 4700 5200 5300 Schleppers - Hydropartsholland<\/title>\n<meta name=\"description\" content=\"Neue Aftermarket-Hubverbindung. Hergestellt f\u00fcr John Deere Modelle: 4500, 4600, 4700, 5200, 5300, 5400, 5500, 5210, 5310, 5410, 5510, 5220, 5320, 5420, 5520, 5403, 5105, 5205, 5615, 51,52, 5251 5, 52515 5425, 5625, 5725, 110 TRAKTOR, 110 LADER\" \/>\n<meta name=\"robots\" content=\"index, follow, max-snippet:-1, max-image-preview:large, max-video-preview:-1\" \/>\n<link rel=\"canonical\" href=\"https:\/\/hydropartsholland.com\/de\/produkt\/leveling-assembly-fits-john-deere-4500-4600-4700-5200-5300-re45632-3pt-lift\/\" \/>\n<meta property=\"og:locale\" content=\"de_DE\" \/>\n<meta property=\"og:type\" content=\"article\" \/>\n<meta property=\"og:title\" content=\"RE4563 - Hubstange f\u00fcr John Deere 4500 4600 4700 5200 5300 Schleppers - Hydropartsholland\" \/>\n<meta property=\"og:description\" content=\"Neue Aftermarket-Hubverbindung. Hergestellt f\u00fcr John Deere Modelle: 4500, 4600, 4700, 5200, 5300, 5400, 5500, 5210, 5310, 5410, 5510, 5220, 5320, 5420, 5520, 5403, 5105, 5205, 5615, 51,52, 5251 5, 52515 5425, 5625, 5725, 110 TRAKTOR, 110 LADER\" \/>\n<meta property=\"og:url\" content=\"https:\/\/hydropartsholland.com\/de\/produkt\/leveling-assembly-fits-john-deere-4500-4600-4700-5200-5300-re45632-3pt-lift\/\" \/>\n<meta property=\"og:site_name\" content=\"Hydropartsholland\" \/>\n<meta property=\"article:modified_time\" content=\"2023-02-06T14:38:40+00:00\" \/>\n<meta property=\"og:image\" content=\"https:\/\/hydropartsholland.com\/wp-content\/uploads\/2022\/07\/s-l1600-2-6-4.jpg\" \/>\n\t<meta property=\"og:image:width\" content=\"1184\" \/>\n\t<meta property=\"og:image:height\" content=\"720\" \/>\n\t<meta property=\"og:image:type\" content=\"image\/jpeg\" \/>\n<meta name=\"twitter:card\" content=\"summary_large_image\" \/>\n<meta name=\"twitter:label1\" content=\"Gesch\u00e4tzte Lesezeit\" \/>\n\t<meta name=\"twitter:data1\" content=\"1\u00a0Minute\" \/>\n<script type=\"application\/ld+json\" class=\"yoast-schema-graph\">{\"@context\":\"https:\/\/schema.org\",\"@graph\":[{\"@type\":\"WebPage\",\"@id\":\"https:\/\/hydropartsholland.com\/de\/produkt\/leveling-assembly-fits-john-deere-4500-4600-4700-5200-5300-re45632-3pt-lift\/\",\"url\":\"https:\/\/hydropartsholland.com\/de\/produkt\/leveling-assembly-fits-john-deere-4500-4600-4700-5200-5300-re45632-3pt-lift\/\",\"name\":\"RE4563 - Hubstange f\u00fcr John Deere 4500 4600 4700 5200 5300 Schleppers - Hydropartsholland\",\"isPartOf\":{\"@id\":\"https:\/\/hydropartsholland.com\/#website\"},\"primaryImageOfPage\":{\"@id\":\"https:\/\/hydropartsholland.com\/de\/produkt\/leveling-assembly-fits-john-deere-4500-4600-4700-5200-5300-re45632-3pt-lift\/#primaryimage\"},\"image\":{\"@id\":\"https:\/\/hydropartsholland.com\/de\/produkt\/leveling-assembly-fits-john-deere-4500-4600-4700-5200-5300-re45632-3pt-lift\/#primaryimage\"},\"thumbnailUrl\":\"https:\/\/hydropartsholland.com\/wp-content\/uploads\/2022\/07\/s-l1600-2-6-4.jpg\",\"datePublished\":\"2025-07-22T13:50:45+00:00\",\"dateModified\":\"2023-02-06T14:38:40+00:00\",\"description\":\"Neue Aftermarket-Hubverbindung. Hergestellt f\u00fcr John Deere Modelle: 4500, 4600, 4700, 5200, 5300, 5400, 5500, 5210, 5310, 5410, 5510, 5220, 5320, 5420, 5520, 5403, 5105, 5205, 5615, 51,52, 5251 5, 52515 5425, 5625, 5725, 110 TRAKTOR, 110 LADER\",\"breadcrumb\":{\"@id\":\"https:\/\/hydropartsholland.com\/de\/produkt\/leveling-assembly-fits-john-deere-4500-4600-4700-5200-5300-re45632-3pt-lift\/#breadcrumb\"},\"inLanguage\":\"de\",\"potentialAction\":[{\"@type\":\"ReadAction\",\"target\":[\"https:\/\/hydropartsholland.com\/de\/produkt\/leveling-assembly-fits-john-deere-4500-4600-4700-5200-5300-re45632-3pt-lift\/\"]}]},{\"@type\":\"ImageObject\",\"inLanguage\":\"de\",\"@id\":\"https:\/\/hydropartsholland.com\/de\/produkt\/leveling-assembly-fits-john-deere-4500-4600-4700-5200-5300-re45632-3pt-lift\/#primaryimage\",\"url\":\"https:\/\/hydropartsholland.com\/wp-content\/uploads\/2022\/07\/s-l1600-2-6-4.jpg\",\"contentUrl\":\"https:\/\/hydropartsholland.com\/wp-content\/uploads\/2022\/07\/s-l1600-2-6-4.jpg\",\"width\":1184,\"height\":720},{\"@type\":\"BreadcrumbList\",\"@id\":\"https:\/\/hydropartsholland.com\/de\/produkt\/leveling-assembly-fits-john-deere-4500-4600-4700-5200-5300-re45632-3pt-lift\/#breadcrumb\",\"itemListElement\":[{\"@type\":\"ListItem\",\"position\":1,\"name\":\"Home\",\"item\":\"https:\/\/hydropartsholland.com\/\"},{\"@type\":\"ListItem\",\"position\":2,\"name\":\"Gesch\u00e4ft\",\"item\":\"https:\/\/hydropartsholland.com\/de\/shop-3\/\"},{\"@type\":\"ListItem\",\"position\":3,\"name\":\"RE4563 &#8211; Hubstange f\u00fcr John Deere 4500 4600 4700 5200 5300 Schleppers\"}]},{\"@type\":\"WebSite\",\"@id\":\"https:\/\/hydropartsholland.com\/#website\",\"url\":\"https:\/\/hydropartsholland.com\/\",\"name\":\"Hydropartsholland\",\"description\":\"\",\"publisher\":{\"@id\":\"https:\/\/hydropartsholland.com\/#organization\"},\"potentialAction\":[{\"@type\":\"SearchAction\",\"target\":{\"@type\":\"EntryPoint\",\"urlTemplate\":\"https:\/\/hydropartsholland.com\/?s={search_term_string}\"},\"query-input\":\"required name=search_term_string\"}],\"inLanguage\":\"de\"},{\"@type\":\"Organization\",\"@id\":\"https:\/\/hydropartsholland.com\/#organization\",\"name\":\"Spare Parts Holland\",\"url\":\"https:\/\/hydropartsholland.com\/\",\"logo\":{\"@type\":\"ImageObject\",\"inLanguage\":\"de\",\"@id\":\"https:\/\/hydropartsholland.com\/#\/schema\/logo\/image\/\",\"url\":\"https:\/\/hydropartsholland.com\/wp-content\/uploads\/2022\/06\/spareparts-1.png\",\"contentUrl\":\"https:\/\/hydropartsholland.com\/wp-content\/uploads\/2022\/06\/spareparts-1.png\",\"width\":824,\"height\":685,\"caption\":\"Spare Parts Holland\"},\"image\":{\"@id\":\"https:\/\/hydropartsholland.com\/#\/schema\/logo\/image\/\"}}]}<\/script>\n<!-- \/ Yoast SEO plugin. -->","yoast_head_json":{"title":"RE4563 - Hubstange f\u00fcr John Deere 4500 4600 4700 5200 5300 Schleppers - Hydropartsholland","description":"Neue Aftermarket-Hubverbindung. Hergestellt f\u00fcr John Deere Modelle: 4500, 4600, 4700, 5200, 5300, 5400, 5500, 5210, 5310, 5410, 5510, 5220, 5320, 5420, 5520, 5403, 5105, 5205, 5615, 51,52, 5251 5, 52515 5425, 5625, 5725, 110 TRAKTOR, 110 LADER","robots":{"index":"index","follow":"follow","max-snippet":"max-snippet:-1","max-image-preview":"max-image-preview:large","max-video-preview":"max-video-preview:-1"},"canonical":"https:\/\/hydropartsholland.com\/de\/produkt\/leveling-assembly-fits-john-deere-4500-4600-4700-5200-5300-re45632-3pt-lift\/","og_locale":"de_DE","og_type":"article","og_title":"RE4563 - Hubstange f\u00fcr John Deere 4500 4600 4700 5200 5300 Schleppers - Hydropartsholland","og_description":"Neue Aftermarket-Hubverbindung. Hergestellt f\u00fcr John Deere Modelle: 4500, 4600, 4700, 5200, 5300, 5400, 5500, 5210, 5310, 5410, 5510, 5220, 5320, 5420, 5520, 5403, 5105, 5205, 5615, 51,52, 5251 5, 52515 5425, 5625, 5725, 110 TRAKTOR, 110 LADER","og_url":"https:\/\/hydropartsholland.com\/de\/produkt\/leveling-assembly-fits-john-deere-4500-4600-4700-5200-5300-re45632-3pt-lift\/","og_site_name":"Hydropartsholland","article_modified_time":"2023-02-06T14:38:40+00:00","og_image":[{"width":1184,"height":720,"url":"https:\/\/hydropartsholland.com\/wp-content\/uploads\/2022\/07\/s-l1600-2-6-4.jpg","type":"image\/jpeg"}],"twitter_card":"summary_large_image","twitter_misc":{"Gesch\u00e4tzte Lesezeit":"1\u00a0Minute"},"schema":{"@context":"https:\/\/schema.org","@graph":[{"@type":"WebPage","@id":"https:\/\/hydropartsholland.com\/de\/produkt\/leveling-assembly-fits-john-deere-4500-4600-4700-5200-5300-re45632-3pt-lift\/","url":"https:\/\/hydropartsholland.com\/de\/produkt\/leveling-assembly-fits-john-deere-4500-4600-4700-5200-5300-re45632-3pt-lift\/","name":"RE4563 - Hubstange f\u00fcr John Deere 4500 4600 4700 5200 5300 Schleppers - Hydropartsholland","isPartOf":{"@id":"https:\/\/hydropartsholland.com\/#website"},"primaryImageOfPage":{"@id":"https:\/\/hydropartsholland.com\/de\/produkt\/leveling-assembly-fits-john-deere-4500-4600-4700-5200-5300-re45632-3pt-lift\/#primaryimage"},"image":{"@id":"https:\/\/hydropartsholland.com\/de\/produkt\/leveling-assembly-fits-john-deere-4500-4600-4700-5200-5300-re45632-3pt-lift\/#primaryimage"},"thumbnailUrl":"https:\/\/hydropartsholland.com\/wp-content\/uploads\/2022\/07\/s-l1600-2-6-4.jpg","datePublished":"2025-07-22T13:50:45+00:00","dateModified":"2023-02-06T14:38:40+00:00","description":"Neue Aftermarket-Hubverbindung. Hergestellt f\u00fcr John Deere Modelle: 4500, 4600, 4700, 5200, 5300, 5400, 5500, 5210, 5310, 5410, 5510, 5220, 5320, 5420, 5520, 5403, 5105, 5205, 5615, 51,52, 5251 5, 52515 5425, 5625, 5725, 110 TRAKTOR, 110 LADER","breadcrumb":{"@id":"https:\/\/hydropartsholland.com\/de\/produkt\/leveling-assembly-fits-john-deere-4500-4600-4700-5200-5300-re45632-3pt-lift\/#breadcrumb"},"inLanguage":"de","potentialAction":[{"@type":"ReadAction","target":["https:\/\/hydropartsholland.com\/de\/produkt\/leveling-assembly-fits-john-deere-4500-4600-4700-5200-5300-re45632-3pt-lift\/"]}]},{"@type":"ImageObject","inLanguage":"de","@id":"https:\/\/hydropartsholland.com\/de\/produkt\/leveling-assembly-fits-john-deere-4500-4600-4700-5200-5300-re45632-3pt-lift\/#primaryimage","url":"https:\/\/hydropartsholland.com\/wp-content\/uploads\/2022\/07\/s-l1600-2-6-4.jpg","contentUrl":"https:\/\/hydropartsholland.com\/wp-content\/uploads\/2022\/07\/s-l1600-2-6-4.jpg","width":1184,"height":720},{"@type":"BreadcrumbList","@id":"https:\/\/hydropartsholland.com\/de\/produkt\/leveling-assembly-fits-john-deere-4500-4600-4700-5200-5300-re45632-3pt-lift\/#breadcrumb","itemListElement":[{"@type":"ListItem","position":1,"name":"Home","item":"https:\/\/hydropartsholland.com\/"},{"@type":"ListItem","position":2,"name":"Gesch\u00e4ft","item":"https:\/\/hydropartsholland.com\/de\/shop-3\/"},{"@type":"ListItem","position":3,"name":"RE4563 &#8211; Hubstange f\u00fcr John Deere 4500 4600 4700 5200 5300 Schleppers"}]},{"@type":"WebSite","@id":"https:\/\/hydropartsholland.com\/#website","url":"https:\/\/hydropartsholland.com\/","name":"Hydropartsholland","description":"","publisher":{"@id":"https:\/\/hydropartsholland.com\/#organization"},"potentialAction":[{"@type":"SearchAction","target":{"@type":"EntryPoint","urlTemplate":"https:\/\/hydropartsholland.com\/?s={search_term_string}"},"query-input":"required name=search_term_string"}],"inLanguage":"de"},{"@type":"Organization","@id":"https:\/\/hydropartsholland.com\/#organization","name":"Spare Parts Holland","url":"https:\/\/hydropartsholland.com\/","logo":{"@type":"ImageObject","inLanguage":"de","@id":"https:\/\/hydropartsholland.com\/#\/schema\/logo\/image\/","url":"https:\/\/hydropartsholland.com\/wp-content\/uploads\/2022\/06\/spareparts-1.png","contentUrl":"https:\/\/hydropartsholland.com\/wp-content\/uploads\/2022\/06\/spareparts-1.png","width":824,"height":685,"caption":"Spare Parts Holland"},"image":{"@id":"https:\/\/hydropartsholland.com\/#\/schema\/logo\/image\/"}}]}},"_links":{"self":[{"href":"https:\/\/hydropartsholland.com\/de\/wp-json\/wp\/v2\/product\/5916","targetHints":{"allow":["GET"]}}],"collection":[{"href":"https:\/\/hydropartsholland.com\/de\/wp-json\/wp\/v2\/product"}],"about":[{"href":"https:\/\/hydropartsholland.com\/de\/wp-json\/wp\/v2\/types\/product"}],"replies":[{"embeddable":true,"href":"https:\/\/hydropartsholland.com\/de\/wp-json\/wp\/v2\/comments?post=5916"}],"wp:featuredmedia":[{"embeddable":true,"href":"https:\/\/hydropartsholland.com\/de\/wp-json\/wp\/v2\/media\/3707"}],"wp:attachment":[{"href":"https:\/\/hydropartsholland.com\/de\/wp-json\/wp\/v2\/media?parent=5916"}],"wp:term":[{"taxonomy":"product_cat","embeddable":true,"href":"https:\/\/hydropartsholland.com\/de\/wp-json\/wp\/v2\/product_cat?post=5916"},{"taxonomy":"product_tag","embeddable":true,"href":"https:\/\/hydropartsholland.com\/de\/wp-json\/wp\/v2\/product_tag?post=5916"}],"curies":[{"name":"wp","href":"https:\/\/api.w.org\/{rel}","templated":true}]}}