{"id":5866,"date":"2025-07-22T14:50:42","date_gmt":"2025-07-22T13:50:42","guid":{"rendered":"https:\/\/hydropartsholland.com\/product\/hydraulic-top-link-cat-1-1-360%e2%86%92470-mm\/"},"modified":"2025-03-11T13:07:48","modified_gmt":"2025-03-11T12:07:48","slug":"hydraulic-top-link-cat-1-1-360%e2%86%92470-mm","status":"publish","type":"product","link":"https:\/\/hydropartsholland.com\/de\/produkt\/hydraulic-top-link-cat-1-1-360%e2%86%92470-mm\/","title":{"rendered":"Hydraulischer Oberlenker Kat. 1-1 (360-470 mm) mit Sperrblock und Schl\u00e4uchen"},"content":{"rendered":"<p>Hydraulischer Oberlenker Kat 1, 360 &#8211; 470 mm, mit Sperrblock und 2 Schl\u00e4uchen.<\/p>\n<p>Der von uns angebotene hydraulische Oberlenker ersetzt den vorhandenen Oberlenker am Traktor und erleichtert Ihnen die t\u00e4gliche Arbeit. Hierzu ist ein doppeltwirkendes Steuerventil am Traktor erforderlich \u2013 in Kombination mit dem integrierten Sperrblock* eine unschlagbare Kombination.<\/p>\n<p>* Bei der Einstellung des Oberlenkers ist es sehr wichtig, dass die eingestellte Position auch nach l\u00e4ngerer Zeit erhalten bleibt. Bei Oberlenkern ohne Sperrblock ist dies kaum m\u00f6glich, da die Steuerger\u00e4te des Traktors nicht so fest abschlie\u00dfen. Dieser Oberlenker ist daher mit einem Sperrblock ausgestattet. Bei diesem Ventil wird das \u00d6l durch ein Sperrblock im Zylinder zur\u00fcckgehalten. Erst wenn wieder \u00d6ldruck vom Traktor vorhanden ist, \u00f6ffnet sich das Ventil und der Zylinder kann verstellt werden.<\/p>\n<ul>\n<li>Hochwertig, schwarz lackiert<\/li>\n<li>Inkl. Sperrblock<\/li>\n<li>2x hydraulischer Anschluss<\/li>\n<li>Die Lieferung erfolgt komplett montiert<\/li>\n<\/ul>\n<p>Technische Spezifikationen:<\/p>\n<ul>\n<li>Hydraulikanschluss: 3\/8&#8243;<\/li>\n<li>Traktor-Oberlenker mit \u00d819 mm (3\/4&#8221;) Stiftl\u00f6chern an beiden Enden (Kolben kann bei Bedarf gedreht werden)<\/li>\n<li>Kugelbreite: 44 mm (1-3\/4&#8221;) (beide Enden)<\/li>\n<li>Zylinderbohrung: \u00d850mm (2&#8221;)<\/li>\n<li>Ca. 1 Oberlenkerdurchmesser: \u00d830 mm (1-3\/16&#8221;)<\/li>\n<li>Hydraulikdruck max. 250 bar<\/li>\n<li>Schubkraft: 3,5 Tonnen<\/li>\n<li>Zugkraft: 2,3 Tonnen<\/li>\n<li>Gewicht: ca. 17 Pfund \/ 8 kg<\/li>\n<\/ul>\n<p>2 x Hydraulikschlauch mit Stecker und Staubschutz<\/p>\n<ul>\n<li>Anschluss: 12-L-Schottgr\u00f6\u00dfe 3 (gemeinsamer Kupplungsstecker), 18-1,5 SW22-Nippel + Drehgelenk<\/li>\n<li>Schlauchbezeichnung Blue Flex SAE 100 3\/8 R2AT DIN EN 853 2SN DN10<\/li>\n<li>Betriebsdruck: 180 bar<\/li>\n<li>L\u00e4nge: 75 cm<\/li>\n<\/ul>\n","protected":false},"excerpt":{"rendered":"<ul class=\"a-unordered-list a-vertical a-spacing-mini\">\n<li><span class=\"a-list-item\">2x hydraulischer Anschluss<\/span><\/li>\n<li><span class=\"a-list-item\">Hydraulischer Anschluss: 3\/8&#8243;<\/span><\/li>\n<li><span class=\"a-list-item\">Schlauch L\u00e4nge: 75 cm<\/span><\/li>\n<\/ul>\n","protected":false},"featured_media":3854,"comment_status":"open","ping_status":"closed","template":"","meta":{"inline_featured_image":false},"product_cat":[641,642],"product_tag":[],"class_list":{"0":"post-5866","1":"product","2":"type-product","3":"status-publish","4":"has-post-thumbnail","6":"product_cat-hydraulische-oberlenker","7":"product_cat-kat-1","9":"first","10":"instock","11":"taxable","12":"shipping-taxable","13":"purchasable","14":"product-type-simple"},"yoast_head":"<!-- This site is optimized with the Yoast SEO plugin v23.3 - https:\/\/yoast.com\/wordpress\/plugins\/seo\/ -->\n<title>Hydraulischer Oberlenker Kat. 1-1 (360-470 mm) mit Sperrblock und Schl\u00e4uchen - Hydropartsholland<\/title>\n<meta name=\"description\" content=\"Hydraulischer Oberlenker Kat. 1 mit Sperrblock, 360- 470 mm und zwei Slauchen. 2x hydraulischer Anschluss. Hydraulischer Anschluss: 3\/8&quot;.\" \/>\n<meta name=\"robots\" content=\"index, follow, max-snippet:-1, max-image-preview:large, max-video-preview:-1\" \/>\n<link rel=\"canonical\" href=\"https:\/\/hydropartsholland.com\/de\/produkt\/hydraulic-top-link-cat-1-1-360\u2192470-mm\/\" \/>\n<meta property=\"og:locale\" content=\"de_DE\" \/>\n<meta property=\"og:type\" content=\"article\" \/>\n<meta property=\"og:title\" content=\"Hydraulischer Oberlenker Kat. 1-1 (360-470 mm) mit Sperrblock und Schl\u00e4uchen - Hydropartsholland\" \/>\n<meta property=\"og:description\" content=\"Hydraulischer Oberlenker Kat. 1 mit Sperrblock, 360- 470 mm und zwei Slauchen. 2x hydraulischer Anschluss. Hydraulischer Anschluss: 3\/8&quot;.\" \/>\n<meta property=\"og:url\" content=\"https:\/\/hydropartsholland.com\/de\/produkt\/hydraulic-top-link-cat-1-1-360\u2192470-mm\/\" \/>\n<meta property=\"og:site_name\" content=\"Hydropartsholland\" \/>\n<meta property=\"article:modified_time\" content=\"2025-03-11T12:07:48+00:00\" \/>\n<meta property=\"og:image\" content=\"https:\/\/hydropartsholland.com\/wp-content\/uploads\/2022\/07\/WhatsApp-Image-2022-02-04-at-01.27.59-1.jpeg\" \/>\n\t<meta property=\"og:image:width\" content=\"1075\" \/>\n\t<meta property=\"og:image:height\" content=\"839\" \/>\n\t<meta property=\"og:image:type\" content=\"image\/jpeg\" \/>\n<meta name=\"twitter:card\" content=\"summary_large_image\" \/>\n<meta name=\"twitter:label1\" content=\"Gesch\u00e4tzte Lesezeit\" \/>\n\t<meta name=\"twitter:data1\" content=\"1\u00a0Minute\" \/>\n<script type=\"application\/ld+json\" class=\"yoast-schema-graph\">{\"@context\":\"https:\/\/schema.org\",\"@graph\":[{\"@type\":\"WebPage\",\"@id\":\"https:\/\/hydropartsholland.com\/de\/produkt\/hydraulic-top-link-cat-1-1-360%e2%86%92470-mm\/\",\"url\":\"https:\/\/hydropartsholland.com\/de\/produkt\/hydraulic-top-link-cat-1-1-360%e2%86%92470-mm\/\",\"name\":\"Hydraulischer Oberlenker Kat. 1-1 (360-470 mm) mit Sperrblock und Schl\u00e4uchen - Hydropartsholland\",\"isPartOf\":{\"@id\":\"https:\/\/hydropartsholland.com\/#website\"},\"primaryImageOfPage\":{\"@id\":\"https:\/\/hydropartsholland.com\/de\/produkt\/hydraulic-top-link-cat-1-1-360%e2%86%92470-mm\/#primaryimage\"},\"image\":{\"@id\":\"https:\/\/hydropartsholland.com\/de\/produkt\/hydraulic-top-link-cat-1-1-360%e2%86%92470-mm\/#primaryimage\"},\"thumbnailUrl\":\"https:\/\/hydropartsholland.com\/wp-content\/uploads\/2022\/07\/WhatsApp-Image-2022-02-04-at-01.27.59-1.jpeg\",\"datePublished\":\"2025-07-22T13:50:42+00:00\",\"dateModified\":\"2025-03-11T12:07:48+00:00\",\"description\":\"Hydraulischer Oberlenker Kat. 1 mit Sperrblock, 360- 470 mm und zwei Slauchen. 2x hydraulischer Anschluss. Hydraulischer Anschluss: 3\/8\\\".\",\"breadcrumb\":{\"@id\":\"https:\/\/hydropartsholland.com\/de\/produkt\/hydraulic-top-link-cat-1-1-360%e2%86%92470-mm\/#breadcrumb\"},\"inLanguage\":\"de\",\"potentialAction\":[{\"@type\":\"ReadAction\",\"target\":[\"https:\/\/hydropartsholland.com\/de\/produkt\/hydraulic-top-link-cat-1-1-360%e2%86%92470-mm\/\"]}]},{\"@type\":\"ImageObject\",\"inLanguage\":\"de\",\"@id\":\"https:\/\/hydropartsholland.com\/de\/produkt\/hydraulic-top-link-cat-1-1-360%e2%86%92470-mm\/#primaryimage\",\"url\":\"https:\/\/hydropartsholland.com\/wp-content\/uploads\/2022\/07\/WhatsApp-Image-2022-02-04-at-01.27.59-1.jpeg\",\"contentUrl\":\"https:\/\/hydropartsholland.com\/wp-content\/uploads\/2022\/07\/WhatsApp-Image-2022-02-04-at-01.27.59-1.jpeg\",\"width\":1075,\"height\":839},{\"@type\":\"BreadcrumbList\",\"@id\":\"https:\/\/hydropartsholland.com\/de\/produkt\/hydraulic-top-link-cat-1-1-360%e2%86%92470-mm\/#breadcrumb\",\"itemListElement\":[{\"@type\":\"ListItem\",\"position\":1,\"name\":\"Home\",\"item\":\"https:\/\/hydropartsholland.com\/\"},{\"@type\":\"ListItem\",\"position\":2,\"name\":\"Gesch\u00e4ft\",\"item\":\"https:\/\/hydropartsholland.com\/de\/shop-3\/\"},{\"@type\":\"ListItem\",\"position\":3,\"name\":\"Hydraulischer Oberlenker Kat. 1-1 (360-470 mm) mit Sperrblock und Schl\u00e4uchen\"}]},{\"@type\":\"WebSite\",\"@id\":\"https:\/\/hydropartsholland.com\/#website\",\"url\":\"https:\/\/hydropartsholland.com\/\",\"name\":\"Hydropartsholland\",\"description\":\"\",\"publisher\":{\"@id\":\"https:\/\/hydropartsholland.com\/#organization\"},\"potentialAction\":[{\"@type\":\"SearchAction\",\"target\":{\"@type\":\"EntryPoint\",\"urlTemplate\":\"https:\/\/hydropartsholland.com\/?s={search_term_string}\"},\"query-input\":\"required name=search_term_string\"}],\"inLanguage\":\"de\"},{\"@type\":\"Organization\",\"@id\":\"https:\/\/hydropartsholland.com\/#organization\",\"name\":\"Spare Parts Holland\",\"url\":\"https:\/\/hydropartsholland.com\/\",\"logo\":{\"@type\":\"ImageObject\",\"inLanguage\":\"de\",\"@id\":\"https:\/\/hydropartsholland.com\/#\/schema\/logo\/image\/\",\"url\":\"https:\/\/hydropartsholland.com\/wp-content\/uploads\/2022\/06\/spareparts-1.png\",\"contentUrl\":\"https:\/\/hydropartsholland.com\/wp-content\/uploads\/2022\/06\/spareparts-1.png\",\"width\":824,\"height\":685,\"caption\":\"Spare Parts Holland\"},\"image\":{\"@id\":\"https:\/\/hydropartsholland.com\/#\/schema\/logo\/image\/\"}}]}<\/script>\n<!-- \/ Yoast SEO plugin. -->","yoast_head_json":{"title":"Hydraulischer Oberlenker Kat. 1-1 (360-470 mm) mit Sperrblock und Schl\u00e4uchen - Hydropartsholland","description":"Hydraulischer Oberlenker Kat. 1 mit Sperrblock, 360- 470 mm und zwei Slauchen. 2x hydraulischer Anschluss. Hydraulischer Anschluss: 3\/8\".","robots":{"index":"index","follow":"follow","max-snippet":"max-snippet:-1","max-image-preview":"max-image-preview:large","max-video-preview":"max-video-preview:-1"},"canonical":"https:\/\/hydropartsholland.com\/de\/produkt\/hydraulic-top-link-cat-1-1-360\u2192470-mm\/","og_locale":"de_DE","og_type":"article","og_title":"Hydraulischer Oberlenker Kat. 1-1 (360-470 mm) mit Sperrblock und Schl\u00e4uchen - Hydropartsholland","og_description":"Hydraulischer Oberlenker Kat. 1 mit Sperrblock, 360- 470 mm und zwei Slauchen. 2x hydraulischer Anschluss. Hydraulischer Anschluss: 3\/8\".","og_url":"https:\/\/hydropartsholland.com\/de\/produkt\/hydraulic-top-link-cat-1-1-360\u2192470-mm\/","og_site_name":"Hydropartsholland","article_modified_time":"2025-03-11T12:07:48+00:00","og_image":[{"width":1075,"height":839,"url":"https:\/\/hydropartsholland.com\/wp-content\/uploads\/2022\/07\/WhatsApp-Image-2022-02-04-at-01.27.59-1.jpeg","type":"image\/jpeg"}],"twitter_card":"summary_large_image","twitter_misc":{"Gesch\u00e4tzte Lesezeit":"1\u00a0Minute"},"schema":{"@context":"https:\/\/schema.org","@graph":[{"@type":"WebPage","@id":"https:\/\/hydropartsholland.com\/de\/produkt\/hydraulic-top-link-cat-1-1-360%e2%86%92470-mm\/","url":"https:\/\/hydropartsholland.com\/de\/produkt\/hydraulic-top-link-cat-1-1-360%e2%86%92470-mm\/","name":"Hydraulischer Oberlenker Kat. 1-1 (360-470 mm) mit Sperrblock und Schl\u00e4uchen - Hydropartsholland","isPartOf":{"@id":"https:\/\/hydropartsholland.com\/#website"},"primaryImageOfPage":{"@id":"https:\/\/hydropartsholland.com\/de\/produkt\/hydraulic-top-link-cat-1-1-360%e2%86%92470-mm\/#primaryimage"},"image":{"@id":"https:\/\/hydropartsholland.com\/de\/produkt\/hydraulic-top-link-cat-1-1-360%e2%86%92470-mm\/#primaryimage"},"thumbnailUrl":"https:\/\/hydropartsholland.com\/wp-content\/uploads\/2022\/07\/WhatsApp-Image-2022-02-04-at-01.27.59-1.jpeg","datePublished":"2025-07-22T13:50:42+00:00","dateModified":"2025-03-11T12:07:48+00:00","description":"Hydraulischer Oberlenker Kat. 1 mit Sperrblock, 360- 470 mm und zwei Slauchen. 2x hydraulischer Anschluss. Hydraulischer Anschluss: 3\/8\".","breadcrumb":{"@id":"https:\/\/hydropartsholland.com\/de\/produkt\/hydraulic-top-link-cat-1-1-360%e2%86%92470-mm\/#breadcrumb"},"inLanguage":"de","potentialAction":[{"@type":"ReadAction","target":["https:\/\/hydropartsholland.com\/de\/produkt\/hydraulic-top-link-cat-1-1-360%e2%86%92470-mm\/"]}]},{"@type":"ImageObject","inLanguage":"de","@id":"https:\/\/hydropartsholland.com\/de\/produkt\/hydraulic-top-link-cat-1-1-360%e2%86%92470-mm\/#primaryimage","url":"https:\/\/hydropartsholland.com\/wp-content\/uploads\/2022\/07\/WhatsApp-Image-2022-02-04-at-01.27.59-1.jpeg","contentUrl":"https:\/\/hydropartsholland.com\/wp-content\/uploads\/2022\/07\/WhatsApp-Image-2022-02-04-at-01.27.59-1.jpeg","width":1075,"height":839},{"@type":"BreadcrumbList","@id":"https:\/\/hydropartsholland.com\/de\/produkt\/hydraulic-top-link-cat-1-1-360%e2%86%92470-mm\/#breadcrumb","itemListElement":[{"@type":"ListItem","position":1,"name":"Home","item":"https:\/\/hydropartsholland.com\/"},{"@type":"ListItem","position":2,"name":"Gesch\u00e4ft","item":"https:\/\/hydropartsholland.com\/de\/shop-3\/"},{"@type":"ListItem","position":3,"name":"Hydraulischer Oberlenker Kat. 1-1 (360-470 mm) mit Sperrblock und Schl\u00e4uchen"}]},{"@type":"WebSite","@id":"https:\/\/hydropartsholland.com\/#website","url":"https:\/\/hydropartsholland.com\/","name":"Hydropartsholland","description":"","publisher":{"@id":"https:\/\/hydropartsholland.com\/#organization"},"potentialAction":[{"@type":"SearchAction","target":{"@type":"EntryPoint","urlTemplate":"https:\/\/hydropartsholland.com\/?s={search_term_string}"},"query-input":"required name=search_term_string"}],"inLanguage":"de"},{"@type":"Organization","@id":"https:\/\/hydropartsholland.com\/#organization","name":"Spare Parts Holland","url":"https:\/\/hydropartsholland.com\/","logo":{"@type":"ImageObject","inLanguage":"de","@id":"https:\/\/hydropartsholland.com\/#\/schema\/logo\/image\/","url":"https:\/\/hydropartsholland.com\/wp-content\/uploads\/2022\/06\/spareparts-1.png","contentUrl":"https:\/\/hydropartsholland.com\/wp-content\/uploads\/2022\/06\/spareparts-1.png","width":824,"height":685,"caption":"Spare Parts Holland"},"image":{"@id":"https:\/\/hydropartsholland.com\/#\/schema\/logo\/image\/"}}]}},"_links":{"self":[{"href":"https:\/\/hydropartsholland.com\/de\/wp-json\/wp\/v2\/product\/5866","targetHints":{"allow":["GET"]}}],"collection":[{"href":"https:\/\/hydropartsholland.com\/de\/wp-json\/wp\/v2\/product"}],"about":[{"href":"https:\/\/hydropartsholland.com\/de\/wp-json\/wp\/v2\/types\/product"}],"replies":[{"embeddable":true,"href":"https:\/\/hydropartsholland.com\/de\/wp-json\/wp\/v2\/comments?post=5866"}],"wp:featuredmedia":[{"embeddable":true,"href":"https:\/\/hydropartsholland.com\/de\/wp-json\/wp\/v2\/media\/3854"}],"wp:attachment":[{"href":"https:\/\/hydropartsholland.com\/de\/wp-json\/wp\/v2\/media?parent=5866"}],"wp:term":[{"taxonomy":"product_cat","embeddable":true,"href":"https:\/\/hydropartsholland.com\/de\/wp-json\/wp\/v2\/product_cat?post=5866"},{"taxonomy":"product_tag","embeddable":true,"href":"https:\/\/hydropartsholland.com\/de\/wp-json\/wp\/v2\/product_tag?post=5866"}],"curies":[{"name":"wp","href":"https:\/\/api.w.org\/{rel}","templated":true}]}}