{"id":5859,"date":"2025-07-22T14:50:33","date_gmt":"2025-07-22T13:50:33","guid":{"rendered":"https:\/\/hydropartsholland.com\/product\/double-acting-hydraulic-cylinder-with-end-plug-hole\/"},"modified":"2025-03-11T13:04:59","modified_gmt":"2025-03-11T12:04:59","slug":"doppeltwirkender-hydraulikzylinder-mit-endverschlussloch","status":"publish","type":"product","link":"https:\/\/hydropartsholland.com\/de\/produkt\/doppeltwirkender-hydraulikzylinder-mit-endverschlussloch\/","title":{"rendered":"Doppeltwirkender Hydraulikzylinder mit Querbohrung (mehrere Varianten)"},"content":{"rendered":"<p>Unsere Hydraulikzylinder sind aus hochwertigem Stahl gefertigt und eine clevere L\u00f6sung, um defekte Zylinder auszutauschen oder an individuelle Anforderungen anzupassen. Der Hydraulikzylinder ist aus einem gehonten Stahlrohr gedreht. Das von innen verkleidete Rohr wurde aus dem Werkstoff S235 JR gefertigt. Die Kolbenstange ist hartverchromt, ebenso die Kolbenbacken. Diese spezielle Oberfl\u00e4chenbehandlung macht den Stahl glatt und reduziert so den Dichtungsverschlei\u00df auf ein Minimum. Auch diese Art der Verchromung erh\u00f6ht die Widerstandsf\u00e4higkeit deutlich. Dadurch k\u00f6nnen wir auch eine lange Lebensdauer durch den Korrosionsschutz garantieren. Die von uns angegebene Druck- und Zugkraft ist bei einem Betriebsdruck von 180 bar angegeben.<\/p>\n<ul>\n<li>Hartverchromte Kolbenstange<\/li>\n<li>Gehontes Stahlrohr<\/li>\n<li>Betriebsdruck 180bar<\/li>\n<li>Au\u00dferdem k\u00f6nnen Sie ihn bis zu einem Spitzendruck von 230 bar belasten.<\/li>\n<li>Schwarz lackiert<\/li>\n<li>3\/8-Zoll-Anschl\u00fcsse<\/li>\n<\/ul>\n","protected":false},"excerpt":{"rendered":"<ul>\n<li>Hartverchromte Kolbenstange<\/li>\n<li>Gehontes Stahlrohr<\/li>\n<li>Betriebsdruck 180bar<\/li>\n<li>Au\u00dferdem k\u00f6nnen Sie ihn bis zu einem Spitzendruck von 230 bar belasten.<\/li>\n<li>Schwarz lackiert<\/li>\n<li>3\/8-Zoll-Anschl\u00fcsse<\/li>\n<\/ul>\n","protected":false},"featured_media":33264,"comment_status":"open","ping_status":"closed","template":"","meta":{"inline_featured_image":false},"product_cat":[2188],"product_tag":[],"class_list":{"0":"post-5859","1":"product","2":"type-product","3":"status-publish","4":"has-post-thumbnail","6":"product_cat-hydraulische-zylinder","8":"first","9":"instock","10":"taxable","11":"shipping-taxable","12":"purchasable","13":"product-type-variable"},"yoast_head":"<!-- This site is optimized with the Yoast SEO plugin v23.3 - https:\/\/yoast.com\/wordpress\/plugins\/seo\/ -->\n<title>Doppeltwirkender Hydraulikzylinder mit Querbohrung (mehrere Varianten) - Hydropartsholland<\/title>\n<meta name=\"description\" content=\"Unsere Hydraulikzylinder sind aus hochwertigem Stahl gefertigt und stellen eine clevere L\u00f6sung dar, um defekte Zylinder auszutauschen oder an individuelle Anforderungen anzupassen. Der Hydraulikzylinder wird aus einem gehonten Stahlrohr gedreht. Das von innen verkleidete Rohr wurde aus dem Werkstoff S235 JR gefertigt.\" \/>\n<meta name=\"robots\" content=\"index, follow, max-snippet:-1, max-image-preview:large, max-video-preview:-1\" \/>\n<link rel=\"canonical\" href=\"https:\/\/hydropartsholland.com\/de\/produkt\/doppeltwirkender-hydraulikzylinder-mit-endverschlussloch\/\" \/>\n<meta property=\"og:locale\" content=\"de_DE\" \/>\n<meta property=\"og:type\" content=\"article\" \/>\n<meta property=\"og:title\" content=\"Doppeltwirkender Hydraulikzylinder mit Querbohrung (mehrere Varianten) - Hydropartsholland\" \/>\n<meta property=\"og:description\" content=\"Unsere Hydraulikzylinder sind aus hochwertigem Stahl gefertigt und stellen eine clevere L\u00f6sung dar, um defekte Zylinder auszutauschen oder an individuelle Anforderungen anzupassen. Der Hydraulikzylinder wird aus einem gehonten Stahlrohr gedreht. Das von innen verkleidete Rohr wurde aus dem Werkstoff S235 JR gefertigt.\" \/>\n<meta property=\"og:url\" content=\"https:\/\/hydropartsholland.com\/de\/produkt\/doppeltwirkender-hydraulikzylinder-mit-endverschlussloch\/\" \/>\n<meta property=\"og:site_name\" content=\"Hydropartsholland\" \/>\n<meta property=\"article:modified_time\" content=\"2025-03-11T12:04:59+00:00\" \/>\n<meta property=\"og:image\" content=\"https:\/\/hydropartsholland.com\/wp-content\/uploads\/2022\/07\/1-39-scaled.jpg\" \/>\n\t<meta property=\"og:image:width\" content=\"2560\" \/>\n\t<meta property=\"og:image:height\" content=\"2560\" \/>\n\t<meta property=\"og:image:type\" content=\"image\/jpeg\" \/>\n<meta name=\"twitter:card\" content=\"summary_large_image\" \/>\n<meta name=\"twitter:label1\" content=\"Gesch\u00e4tzte Lesezeit\" \/>\n\t<meta name=\"twitter:data1\" content=\"1\u00a0Minute\" \/>\n<script type=\"application\/ld+json\" class=\"yoast-schema-graph\">{\"@context\":\"https:\/\/schema.org\",\"@graph\":[{\"@type\":\"WebPage\",\"@id\":\"https:\/\/hydropartsholland.com\/de\/produkt\/doppeltwirkender-hydraulikzylinder-mit-endverschlussloch\/\",\"url\":\"https:\/\/hydropartsholland.com\/de\/produkt\/doppeltwirkender-hydraulikzylinder-mit-endverschlussloch\/\",\"name\":\"Doppeltwirkender Hydraulikzylinder mit Querbohrung (mehrere Varianten) - Hydropartsholland\",\"isPartOf\":{\"@id\":\"https:\/\/hydropartsholland.com\/#website\"},\"primaryImageOfPage\":{\"@id\":\"https:\/\/hydropartsholland.com\/de\/produkt\/doppeltwirkender-hydraulikzylinder-mit-endverschlussloch\/#primaryimage\"},\"image\":{\"@id\":\"https:\/\/hydropartsholland.com\/de\/produkt\/doppeltwirkender-hydraulikzylinder-mit-endverschlussloch\/#primaryimage\"},\"thumbnailUrl\":\"https:\/\/hydropartsholland.com\/wp-content\/uploads\/2022\/07\/1-39-scaled.jpg\",\"datePublished\":\"2025-07-22T13:50:33+00:00\",\"dateModified\":\"2025-03-11T12:04:59+00:00\",\"description\":\"Unsere Hydraulikzylinder sind aus hochwertigem Stahl gefertigt und stellen eine clevere L\u00f6sung dar, um defekte Zylinder auszutauschen oder an individuelle Anforderungen anzupassen. Der Hydraulikzylinder wird aus einem gehonten Stahlrohr gedreht. Das von innen verkleidete Rohr wurde aus dem Werkstoff S235 JR gefertigt.\",\"breadcrumb\":{\"@id\":\"https:\/\/hydropartsholland.com\/de\/produkt\/doppeltwirkender-hydraulikzylinder-mit-endverschlussloch\/#breadcrumb\"},\"inLanguage\":\"de\",\"potentialAction\":[{\"@type\":\"ReadAction\",\"target\":[\"https:\/\/hydropartsholland.com\/de\/produkt\/doppeltwirkender-hydraulikzylinder-mit-endverschlussloch\/\"]}]},{\"@type\":\"ImageObject\",\"inLanguage\":\"de\",\"@id\":\"https:\/\/hydropartsholland.com\/de\/produkt\/doppeltwirkender-hydraulikzylinder-mit-endverschlussloch\/#primaryimage\",\"url\":\"https:\/\/hydropartsholland.com\/wp-content\/uploads\/2022\/07\/1-39-scaled.jpg\",\"contentUrl\":\"https:\/\/hydropartsholland.com\/wp-content\/uploads\/2022\/07\/1-39-scaled.jpg\",\"width\":2560,\"height\":2560},{\"@type\":\"BreadcrumbList\",\"@id\":\"https:\/\/hydropartsholland.com\/de\/produkt\/doppeltwirkender-hydraulikzylinder-mit-endverschlussloch\/#breadcrumb\",\"itemListElement\":[{\"@type\":\"ListItem\",\"position\":1,\"name\":\"Home\",\"item\":\"https:\/\/hydropartsholland.com\/\"},{\"@type\":\"ListItem\",\"position\":2,\"name\":\"Gesch\u00e4ft\",\"item\":\"https:\/\/hydropartsholland.com\/de\/shop-3\/\"},{\"@type\":\"ListItem\",\"position\":3,\"name\":\"Doppeltwirkender Hydraulikzylinder mit Querbohrung (mehrere Varianten)\"}]},{\"@type\":\"WebSite\",\"@id\":\"https:\/\/hydropartsholland.com\/#website\",\"url\":\"https:\/\/hydropartsholland.com\/\",\"name\":\"Hydropartsholland\",\"description\":\"\",\"publisher\":{\"@id\":\"https:\/\/hydropartsholland.com\/#organization\"},\"potentialAction\":[{\"@type\":\"SearchAction\",\"target\":{\"@type\":\"EntryPoint\",\"urlTemplate\":\"https:\/\/hydropartsholland.com\/?s={search_term_string}\"},\"query-input\":\"required name=search_term_string\"}],\"inLanguage\":\"de\"},{\"@type\":\"Organization\",\"@id\":\"https:\/\/hydropartsholland.com\/#organization\",\"name\":\"Spare Parts Holland\",\"url\":\"https:\/\/hydropartsholland.com\/\",\"logo\":{\"@type\":\"ImageObject\",\"inLanguage\":\"de\",\"@id\":\"https:\/\/hydropartsholland.com\/#\/schema\/logo\/image\/\",\"url\":\"https:\/\/hydropartsholland.com\/wp-content\/uploads\/2022\/06\/spareparts-1.png\",\"contentUrl\":\"https:\/\/hydropartsholland.com\/wp-content\/uploads\/2022\/06\/spareparts-1.png\",\"width\":824,\"height\":685,\"caption\":\"Spare Parts Holland\"},\"image\":{\"@id\":\"https:\/\/hydropartsholland.com\/#\/schema\/logo\/image\/\"}}]}<\/script>\n<!-- \/ Yoast SEO plugin. -->","yoast_head_json":{"title":"Doppeltwirkender Hydraulikzylinder mit Querbohrung (mehrere Varianten) - Hydropartsholland","description":"Unsere Hydraulikzylinder sind aus hochwertigem Stahl gefertigt und stellen eine clevere L\u00f6sung dar, um defekte Zylinder auszutauschen oder an individuelle Anforderungen anzupassen. Der Hydraulikzylinder wird aus einem gehonten Stahlrohr gedreht. Das von innen verkleidete Rohr wurde aus dem Werkstoff S235 JR gefertigt.","robots":{"index":"index","follow":"follow","max-snippet":"max-snippet:-1","max-image-preview":"max-image-preview:large","max-video-preview":"max-video-preview:-1"},"canonical":"https:\/\/hydropartsholland.com\/de\/produkt\/doppeltwirkender-hydraulikzylinder-mit-endverschlussloch\/","og_locale":"de_DE","og_type":"article","og_title":"Doppeltwirkender Hydraulikzylinder mit Querbohrung (mehrere Varianten) - Hydropartsholland","og_description":"Unsere Hydraulikzylinder sind aus hochwertigem Stahl gefertigt und stellen eine clevere L\u00f6sung dar, um defekte Zylinder auszutauschen oder an individuelle Anforderungen anzupassen. Der Hydraulikzylinder wird aus einem gehonten Stahlrohr gedreht. Das von innen verkleidete Rohr wurde aus dem Werkstoff S235 JR gefertigt.","og_url":"https:\/\/hydropartsholland.com\/de\/produkt\/doppeltwirkender-hydraulikzylinder-mit-endverschlussloch\/","og_site_name":"Hydropartsholland","article_modified_time":"2025-03-11T12:04:59+00:00","og_image":[{"width":2560,"height":2560,"url":"https:\/\/hydropartsholland.com\/wp-content\/uploads\/2022\/07\/1-39-scaled.jpg","type":"image\/jpeg"}],"twitter_card":"summary_large_image","twitter_misc":{"Gesch\u00e4tzte Lesezeit":"1\u00a0Minute"},"schema":{"@context":"https:\/\/schema.org","@graph":[{"@type":"WebPage","@id":"https:\/\/hydropartsholland.com\/de\/produkt\/doppeltwirkender-hydraulikzylinder-mit-endverschlussloch\/","url":"https:\/\/hydropartsholland.com\/de\/produkt\/doppeltwirkender-hydraulikzylinder-mit-endverschlussloch\/","name":"Doppeltwirkender Hydraulikzylinder mit Querbohrung (mehrere Varianten) - Hydropartsholland","isPartOf":{"@id":"https:\/\/hydropartsholland.com\/#website"},"primaryImageOfPage":{"@id":"https:\/\/hydropartsholland.com\/de\/produkt\/doppeltwirkender-hydraulikzylinder-mit-endverschlussloch\/#primaryimage"},"image":{"@id":"https:\/\/hydropartsholland.com\/de\/produkt\/doppeltwirkender-hydraulikzylinder-mit-endverschlussloch\/#primaryimage"},"thumbnailUrl":"https:\/\/hydropartsholland.com\/wp-content\/uploads\/2022\/07\/1-39-scaled.jpg","datePublished":"2025-07-22T13:50:33+00:00","dateModified":"2025-03-11T12:04:59+00:00","description":"Unsere Hydraulikzylinder sind aus hochwertigem Stahl gefertigt und stellen eine clevere L\u00f6sung dar, um defekte Zylinder auszutauschen oder an individuelle Anforderungen anzupassen. Der Hydraulikzylinder wird aus einem gehonten Stahlrohr gedreht. Das von innen verkleidete Rohr wurde aus dem Werkstoff S235 JR gefertigt.","breadcrumb":{"@id":"https:\/\/hydropartsholland.com\/de\/produkt\/doppeltwirkender-hydraulikzylinder-mit-endverschlussloch\/#breadcrumb"},"inLanguage":"de","potentialAction":[{"@type":"ReadAction","target":["https:\/\/hydropartsholland.com\/de\/produkt\/doppeltwirkender-hydraulikzylinder-mit-endverschlussloch\/"]}]},{"@type":"ImageObject","inLanguage":"de","@id":"https:\/\/hydropartsholland.com\/de\/produkt\/doppeltwirkender-hydraulikzylinder-mit-endverschlussloch\/#primaryimage","url":"https:\/\/hydropartsholland.com\/wp-content\/uploads\/2022\/07\/1-39-scaled.jpg","contentUrl":"https:\/\/hydropartsholland.com\/wp-content\/uploads\/2022\/07\/1-39-scaled.jpg","width":2560,"height":2560},{"@type":"BreadcrumbList","@id":"https:\/\/hydropartsholland.com\/de\/produkt\/doppeltwirkender-hydraulikzylinder-mit-endverschlussloch\/#breadcrumb","itemListElement":[{"@type":"ListItem","position":1,"name":"Home","item":"https:\/\/hydropartsholland.com\/"},{"@type":"ListItem","position":2,"name":"Gesch\u00e4ft","item":"https:\/\/hydropartsholland.com\/de\/shop-3\/"},{"@type":"ListItem","position":3,"name":"Doppeltwirkender Hydraulikzylinder mit Querbohrung (mehrere Varianten)"}]},{"@type":"WebSite","@id":"https:\/\/hydropartsholland.com\/#website","url":"https:\/\/hydropartsholland.com\/","name":"Hydropartsholland","description":"","publisher":{"@id":"https:\/\/hydropartsholland.com\/#organization"},"potentialAction":[{"@type":"SearchAction","target":{"@type":"EntryPoint","urlTemplate":"https:\/\/hydropartsholland.com\/?s={search_term_string}"},"query-input":"required name=search_term_string"}],"inLanguage":"de"},{"@type":"Organization","@id":"https:\/\/hydropartsholland.com\/#organization","name":"Spare Parts Holland","url":"https:\/\/hydropartsholland.com\/","logo":{"@type":"ImageObject","inLanguage":"de","@id":"https:\/\/hydropartsholland.com\/#\/schema\/logo\/image\/","url":"https:\/\/hydropartsholland.com\/wp-content\/uploads\/2022\/06\/spareparts-1.png","contentUrl":"https:\/\/hydropartsholland.com\/wp-content\/uploads\/2022\/06\/spareparts-1.png","width":824,"height":685,"caption":"Spare Parts Holland"},"image":{"@id":"https:\/\/hydropartsholland.com\/#\/schema\/logo\/image\/"}}]}},"_links":{"self":[{"href":"https:\/\/hydropartsholland.com\/de\/wp-json\/wp\/v2\/product\/5859","targetHints":{"allow":["GET"]}}],"collection":[{"href":"https:\/\/hydropartsholland.com\/de\/wp-json\/wp\/v2\/product"}],"about":[{"href":"https:\/\/hydropartsholland.com\/de\/wp-json\/wp\/v2\/types\/product"}],"replies":[{"embeddable":true,"href":"https:\/\/hydropartsholland.com\/de\/wp-json\/wp\/v2\/comments?post=5859"}],"wp:featuredmedia":[{"embeddable":true,"href":"https:\/\/hydropartsholland.com\/de\/wp-json\/wp\/v2\/media\/33264"}],"wp:attachment":[{"href":"https:\/\/hydropartsholland.com\/de\/wp-json\/wp\/v2\/media?parent=5859"}],"wp:term":[{"taxonomy":"product_cat","embeddable":true,"href":"https:\/\/hydropartsholland.com\/de\/wp-json\/wp\/v2\/product_cat?post=5859"},{"taxonomy":"product_tag","embeddable":true,"href":"https:\/\/hydropartsholland.com\/de\/wp-json\/wp\/v2\/product_tag?post=5859"}],"curies":[{"name":"wp","href":"https:\/\/api.w.org\/{rel}","templated":true}]}}