{"id":35255,"date":"2025-07-22T14:49:20","date_gmt":"2025-07-22T13:49:20","guid":{"rendered":"https:\/\/hydropartsholland.com\/?post_type=product&#038;p=35255"},"modified":"2025-03-11T12:20:22","modified_gmt":"2025-03-11T11:20:22","slug":"hydraulischer-oberlenker-kat-2-585-795-mm-mit-kugelgelenk-fanghaken-und-sperrblock","status":"publish","type":"product","link":"https:\/\/hydropartsholland.com\/de\/produkt\/hydraulischer-oberlenker-kat-2-585-795-mm-mit-kugelgelenk-fanghaken-und-sperrblock\/","title":{"rendered":"Hydraulischer Oberlenker Kat 2 (585 &#8211; 795 mm) mit Kugelgelenk, Fanghaken und Sperrblock"},"content":{"rendered":"<div>Der von uns angebotene hydraulische Oberlenker ersetzt den vorhandenen Oberlenker am Schlepper und erleichtert Ihnen die t\u00e4gliche Arbeit. Hierzu ist ein doppeltwirkendes Steuerventil am Traktor notwendig \u2013 in Kombination mit dem integrierten Sperrblock* eine unschlagbare Kombination.<\/div>\n<div><\/div>\n<div>* Beim Einstellen des Oberlenkers ist es sehr wichtig, dass die eingestellte Position auch nach l\u00e4ngerer Zeit beibehalten wird. Bei Oberlenkern ohne Sperrblock ist das kaum m\u00f6glich, da die Steuerger\u00e4te des Traktors nicht so fest arretieren. Dieser Oberlenker ist daher mit einem Sperrblock ausgestattet. Bei diesem Ventil wird das \u00d6l im Zylinder durch ein R\u00fcckschlagventil eingeschlossen. Erst wenn wieder \u00d6ldruck vom Schlepper anliegt, \u00f6ffnet das Ventil und der Zylinder kann verstellt werden.<\/div>\n<ul>\n<li>Hochwertig, schwarz lackiert<\/li>\n<li>Inkl. Sperrblock<\/li>\n<li>2 x Hydraulikanschluss<\/li>\n<li>Die Lieferung erfolgt komplett montiert<\/li>\n<li>2 x Hydraulikschlauch mit Stecker und Staubschutz<\/li>\n<\/ul>\n<div><strong>Technische Spezifikationen:<\/strong><\/div>\n<ul>\n<li>Anschluss: 12-L Schott Gr. 3 (\u00fcblicher Kupplungsstecker), 18-1,5 SW22 Nippel + Verschraubung<\/li>\n<li>Schlauchbezeichnung Blue Flex SAE 100 3\/8 R2AT DIN EN 853 2SN DN10 W.P.330<\/li>\n<li>Betriebsdruck: 330 bar<\/li>\n<li>L\u00e4nge: 75 cm<\/li>\n<\/ul>\n","protected":false},"excerpt":{"rendered":"<ul>\n<li>Hochwertig, schwarz lackiert<\/li>\n<li>Inkl. Sperrblock<\/li>\n<li>2 x Hydraulikanschluss<\/li>\n<li>Die Lieferung erfolgt komplett montiert<\/li>\n<li>2 x Hydraulikschlauch mit Stecker und Staubschutz<\/li>\n<\/ul>\n","protected":false},"featured_media":35024,"comment_status":"open","ping_status":"closed","template":"","meta":{"inline_featured_image":false},"product_cat":[646],"product_tag":[],"class_list":{"0":"post-35255","1":"product","2":"type-product","3":"status-publish","4":"has-post-thumbnail","6":"product_cat-unterlenker-fanghaken-kat-3","8":"first","9":"instock","10":"taxable","11":"shipping-taxable","12":"purchasable","13":"product-type-simple"},"yoast_head":"<!-- This site is optimized with the Yoast SEO plugin v23.3 - https:\/\/yoast.com\/wordpress\/plugins\/seo\/ -->\n<title>Hydraulischer Oberlenker Kat 2 (585 - 795 mm) mit Kugelgelenk, Fanghaken und Sperrblock - Hydropartsholland<\/title>\n<meta name=\"description\" content=\"Der von uns angebotene hydraulische Oberlenker ersetzt den vorhandenen Oberlenker am Schlepper und erleichtert Ihnen die t\u00e4gliche Arbeit.\" \/>\n<meta name=\"robots\" content=\"index, follow, max-snippet:-1, max-image-preview:large, max-video-preview:-1\" \/>\n<link rel=\"canonical\" href=\"https:\/\/hydropartsholland.com\/de\/produkt\/hydraulischer-oberlenker-kat-2-585-795-mm-mit-kugelgelenk-fanghaken-und-sperrblock\/\" \/>\n<meta property=\"og:locale\" content=\"de_DE\" \/>\n<meta property=\"og:type\" content=\"article\" \/>\n<meta property=\"og:title\" content=\"Hydraulischer Oberlenker Kat 2 (585 - 795 mm) mit Kugelgelenk, Fanghaken und Sperrblock - Hydropartsholland\" \/>\n<meta property=\"og:description\" content=\"Der von uns angebotene hydraulische Oberlenker ersetzt den vorhandenen Oberlenker am Schlepper und erleichtert Ihnen die t\u00e4gliche Arbeit.\" \/>\n<meta property=\"og:url\" content=\"https:\/\/hydropartsholland.com\/de\/produkt\/hydraulischer-oberlenker-kat-2-585-795-mm-mit-kugelgelenk-fanghaken-und-sperrblock\/\" \/>\n<meta property=\"og:site_name\" content=\"Hydropartsholland\" \/>\n<meta property=\"article:modified_time\" content=\"2025-03-11T11:20:22+00:00\" \/>\n<meta property=\"og:image\" content=\"https:\/\/hydropartsholland.com\/wp-content\/uploads\/2023\/10\/SPH320059-scaled.jpg\" \/>\n\t<meta property=\"og:image:width\" content=\"2560\" \/>\n\t<meta property=\"og:image:height\" content=\"2560\" \/>\n\t<meta property=\"og:image:type\" content=\"image\/jpeg\" \/>\n<meta name=\"twitter:card\" content=\"summary_large_image\" \/>\n<meta name=\"twitter:label1\" content=\"Gesch\u00e4tzte Lesezeit\" \/>\n\t<meta name=\"twitter:data1\" content=\"1\u00a0Minute\" \/>\n<script type=\"application\/ld+json\" class=\"yoast-schema-graph\">{\"@context\":\"https:\/\/schema.org\",\"@graph\":[{\"@type\":\"WebPage\",\"@id\":\"https:\/\/hydropartsholland.com\/de\/produkt\/hydraulischer-oberlenker-kat-2-585-795-mm-mit-kugelgelenk-fanghaken-und-sperrblock\/\",\"url\":\"https:\/\/hydropartsholland.com\/de\/produkt\/hydraulischer-oberlenker-kat-2-585-795-mm-mit-kugelgelenk-fanghaken-und-sperrblock\/\",\"name\":\"Hydraulischer Oberlenker Kat 2 (585 - 795 mm) mit Kugelgelenk, Fanghaken und Sperrblock - Hydropartsholland\",\"isPartOf\":{\"@id\":\"https:\/\/hydropartsholland.com\/#website\"},\"primaryImageOfPage\":{\"@id\":\"https:\/\/hydropartsholland.com\/de\/produkt\/hydraulischer-oberlenker-kat-2-585-795-mm-mit-kugelgelenk-fanghaken-und-sperrblock\/#primaryimage\"},\"image\":{\"@id\":\"https:\/\/hydropartsholland.com\/de\/produkt\/hydraulischer-oberlenker-kat-2-585-795-mm-mit-kugelgelenk-fanghaken-und-sperrblock\/#primaryimage\"},\"thumbnailUrl\":\"https:\/\/hydropartsholland.com\/wp-content\/uploads\/2023\/10\/SPH320059-scaled.jpg\",\"datePublished\":\"2025-07-22T13:49:20+00:00\",\"dateModified\":\"2025-03-11T11:20:22+00:00\",\"description\":\"Der von uns angebotene hydraulische Oberlenker ersetzt den vorhandenen Oberlenker am Schlepper und erleichtert Ihnen die t\u00e4gliche Arbeit.\",\"breadcrumb\":{\"@id\":\"https:\/\/hydropartsholland.com\/de\/produkt\/hydraulischer-oberlenker-kat-2-585-795-mm-mit-kugelgelenk-fanghaken-und-sperrblock\/#breadcrumb\"},\"inLanguage\":\"de\",\"potentialAction\":[{\"@type\":\"ReadAction\",\"target\":[\"https:\/\/hydropartsholland.com\/de\/produkt\/hydraulischer-oberlenker-kat-2-585-795-mm-mit-kugelgelenk-fanghaken-und-sperrblock\/\"]}]},{\"@type\":\"ImageObject\",\"inLanguage\":\"de\",\"@id\":\"https:\/\/hydropartsholland.com\/de\/produkt\/hydraulischer-oberlenker-kat-2-585-795-mm-mit-kugelgelenk-fanghaken-und-sperrblock\/#primaryimage\",\"url\":\"https:\/\/hydropartsholland.com\/wp-content\/uploads\/2023\/10\/SPH320059-scaled.jpg\",\"contentUrl\":\"https:\/\/hydropartsholland.com\/wp-content\/uploads\/2023\/10\/SPH320059-scaled.jpg\",\"width\":2560,\"height\":2560},{\"@type\":\"BreadcrumbList\",\"@id\":\"https:\/\/hydropartsholland.com\/de\/produkt\/hydraulischer-oberlenker-kat-2-585-795-mm-mit-kugelgelenk-fanghaken-und-sperrblock\/#breadcrumb\",\"itemListElement\":[{\"@type\":\"ListItem\",\"position\":1,\"name\":\"Home\",\"item\":\"https:\/\/hydropartsholland.com\/\"},{\"@type\":\"ListItem\",\"position\":2,\"name\":\"Gesch\u00e4ft\",\"item\":\"https:\/\/hydropartsholland.com\/de\/shop-3\/\"},{\"@type\":\"ListItem\",\"position\":3,\"name\":\"Hydraulischer Oberlenker Kat 2 (585 &#8211; 795 mm) mit Kugelgelenk, Fanghaken und Sperrblock\"}]},{\"@type\":\"WebSite\",\"@id\":\"https:\/\/hydropartsholland.com\/#website\",\"url\":\"https:\/\/hydropartsholland.com\/\",\"name\":\"Hydropartsholland\",\"description\":\"\",\"publisher\":{\"@id\":\"https:\/\/hydropartsholland.com\/#organization\"},\"potentialAction\":[{\"@type\":\"SearchAction\",\"target\":{\"@type\":\"EntryPoint\",\"urlTemplate\":\"https:\/\/hydropartsholland.com\/?s={search_term_string}\"},\"query-input\":\"required name=search_term_string\"}],\"inLanguage\":\"de\"},{\"@type\":\"Organization\",\"@id\":\"https:\/\/hydropartsholland.com\/#organization\",\"name\":\"Spare Parts Holland\",\"url\":\"https:\/\/hydropartsholland.com\/\",\"logo\":{\"@type\":\"ImageObject\",\"inLanguage\":\"de\",\"@id\":\"https:\/\/hydropartsholland.com\/#\/schema\/logo\/image\/\",\"url\":\"https:\/\/hydropartsholland.com\/wp-content\/uploads\/2022\/06\/spareparts-1.png\",\"contentUrl\":\"https:\/\/hydropartsholland.com\/wp-content\/uploads\/2022\/06\/spareparts-1.png\",\"width\":824,\"height\":685,\"caption\":\"Spare Parts Holland\"},\"image\":{\"@id\":\"https:\/\/hydropartsholland.com\/#\/schema\/logo\/image\/\"}}]}<\/script>\n<!-- \/ Yoast SEO plugin. -->","yoast_head_json":{"title":"Hydraulischer Oberlenker Kat 2 (585 - 795 mm) mit Kugelgelenk, Fanghaken und Sperrblock - Hydropartsholland","description":"Der von uns angebotene hydraulische Oberlenker ersetzt den vorhandenen Oberlenker am Schlepper und erleichtert Ihnen die t\u00e4gliche Arbeit.","robots":{"index":"index","follow":"follow","max-snippet":"max-snippet:-1","max-image-preview":"max-image-preview:large","max-video-preview":"max-video-preview:-1"},"canonical":"https:\/\/hydropartsholland.com\/de\/produkt\/hydraulischer-oberlenker-kat-2-585-795-mm-mit-kugelgelenk-fanghaken-und-sperrblock\/","og_locale":"de_DE","og_type":"article","og_title":"Hydraulischer Oberlenker Kat 2 (585 - 795 mm) mit Kugelgelenk, Fanghaken und Sperrblock - Hydropartsholland","og_description":"Der von uns angebotene hydraulische Oberlenker ersetzt den vorhandenen Oberlenker am Schlepper und erleichtert Ihnen die t\u00e4gliche Arbeit.","og_url":"https:\/\/hydropartsholland.com\/de\/produkt\/hydraulischer-oberlenker-kat-2-585-795-mm-mit-kugelgelenk-fanghaken-und-sperrblock\/","og_site_name":"Hydropartsholland","article_modified_time":"2025-03-11T11:20:22+00:00","og_image":[{"width":2560,"height":2560,"url":"https:\/\/hydropartsholland.com\/wp-content\/uploads\/2023\/10\/SPH320059-scaled.jpg","type":"image\/jpeg"}],"twitter_card":"summary_large_image","twitter_misc":{"Gesch\u00e4tzte Lesezeit":"1\u00a0Minute"},"schema":{"@context":"https:\/\/schema.org","@graph":[{"@type":"WebPage","@id":"https:\/\/hydropartsholland.com\/de\/produkt\/hydraulischer-oberlenker-kat-2-585-795-mm-mit-kugelgelenk-fanghaken-und-sperrblock\/","url":"https:\/\/hydropartsholland.com\/de\/produkt\/hydraulischer-oberlenker-kat-2-585-795-mm-mit-kugelgelenk-fanghaken-und-sperrblock\/","name":"Hydraulischer Oberlenker Kat 2 (585 - 795 mm) mit Kugelgelenk, Fanghaken und Sperrblock - Hydropartsholland","isPartOf":{"@id":"https:\/\/hydropartsholland.com\/#website"},"primaryImageOfPage":{"@id":"https:\/\/hydropartsholland.com\/de\/produkt\/hydraulischer-oberlenker-kat-2-585-795-mm-mit-kugelgelenk-fanghaken-und-sperrblock\/#primaryimage"},"image":{"@id":"https:\/\/hydropartsholland.com\/de\/produkt\/hydraulischer-oberlenker-kat-2-585-795-mm-mit-kugelgelenk-fanghaken-und-sperrblock\/#primaryimage"},"thumbnailUrl":"https:\/\/hydropartsholland.com\/wp-content\/uploads\/2023\/10\/SPH320059-scaled.jpg","datePublished":"2025-07-22T13:49:20+00:00","dateModified":"2025-03-11T11:20:22+00:00","description":"Der von uns angebotene hydraulische Oberlenker ersetzt den vorhandenen Oberlenker am Schlepper und erleichtert Ihnen die t\u00e4gliche Arbeit.","breadcrumb":{"@id":"https:\/\/hydropartsholland.com\/de\/produkt\/hydraulischer-oberlenker-kat-2-585-795-mm-mit-kugelgelenk-fanghaken-und-sperrblock\/#breadcrumb"},"inLanguage":"de","potentialAction":[{"@type":"ReadAction","target":["https:\/\/hydropartsholland.com\/de\/produkt\/hydraulischer-oberlenker-kat-2-585-795-mm-mit-kugelgelenk-fanghaken-und-sperrblock\/"]}]},{"@type":"ImageObject","inLanguage":"de","@id":"https:\/\/hydropartsholland.com\/de\/produkt\/hydraulischer-oberlenker-kat-2-585-795-mm-mit-kugelgelenk-fanghaken-und-sperrblock\/#primaryimage","url":"https:\/\/hydropartsholland.com\/wp-content\/uploads\/2023\/10\/SPH320059-scaled.jpg","contentUrl":"https:\/\/hydropartsholland.com\/wp-content\/uploads\/2023\/10\/SPH320059-scaled.jpg","width":2560,"height":2560},{"@type":"BreadcrumbList","@id":"https:\/\/hydropartsholland.com\/de\/produkt\/hydraulischer-oberlenker-kat-2-585-795-mm-mit-kugelgelenk-fanghaken-und-sperrblock\/#breadcrumb","itemListElement":[{"@type":"ListItem","position":1,"name":"Home","item":"https:\/\/hydropartsholland.com\/"},{"@type":"ListItem","position":2,"name":"Gesch\u00e4ft","item":"https:\/\/hydropartsholland.com\/de\/shop-3\/"},{"@type":"ListItem","position":3,"name":"Hydraulischer Oberlenker Kat 2 (585 &#8211; 795 mm) mit Kugelgelenk, Fanghaken und Sperrblock"}]},{"@type":"WebSite","@id":"https:\/\/hydropartsholland.com\/#website","url":"https:\/\/hydropartsholland.com\/","name":"Hydropartsholland","description":"","publisher":{"@id":"https:\/\/hydropartsholland.com\/#organization"},"potentialAction":[{"@type":"SearchAction","target":{"@type":"EntryPoint","urlTemplate":"https:\/\/hydropartsholland.com\/?s={search_term_string}"},"query-input":"required name=search_term_string"}],"inLanguage":"de"},{"@type":"Organization","@id":"https:\/\/hydropartsholland.com\/#organization","name":"Spare Parts Holland","url":"https:\/\/hydropartsholland.com\/","logo":{"@type":"ImageObject","inLanguage":"de","@id":"https:\/\/hydropartsholland.com\/#\/schema\/logo\/image\/","url":"https:\/\/hydropartsholland.com\/wp-content\/uploads\/2022\/06\/spareparts-1.png","contentUrl":"https:\/\/hydropartsholland.com\/wp-content\/uploads\/2022\/06\/spareparts-1.png","width":824,"height":685,"caption":"Spare Parts Holland"},"image":{"@id":"https:\/\/hydropartsholland.com\/#\/schema\/logo\/image\/"}}]}},"_links":{"self":[{"href":"https:\/\/hydropartsholland.com\/de\/wp-json\/wp\/v2\/product\/35255","targetHints":{"allow":["GET"]}}],"collection":[{"href":"https:\/\/hydropartsholland.com\/de\/wp-json\/wp\/v2\/product"}],"about":[{"href":"https:\/\/hydropartsholland.com\/de\/wp-json\/wp\/v2\/types\/product"}],"replies":[{"embeddable":true,"href":"https:\/\/hydropartsholland.com\/de\/wp-json\/wp\/v2\/comments?post=35255"}],"wp:featuredmedia":[{"embeddable":true,"href":"https:\/\/hydropartsholland.com\/de\/wp-json\/wp\/v2\/media\/35024"}],"wp:attachment":[{"href":"https:\/\/hydropartsholland.com\/de\/wp-json\/wp\/v2\/media?parent=35255"}],"wp:term":[{"taxonomy":"product_cat","embeddable":true,"href":"https:\/\/hydropartsholland.com\/de\/wp-json\/wp\/v2\/product_cat?post=35255"},{"taxonomy":"product_tag","embeddable":true,"href":"https:\/\/hydropartsholland.com\/de\/wp-json\/wp\/v2\/product_tag?post=35255"}],"curies":[{"name":"wp","href":"https:\/\/api.w.org\/{rel}","templated":true}]}}