{"id":32605,"date":"2025-07-22T14:49:22","date_gmt":"2025-07-22T13:49:22","guid":{"rendered":"https:\/\/hydropartsholland.com\/?post_type=product&#038;p=32605"},"modified":"2025-03-11T12:20:27","modified_gmt":"2025-03-11T11:20:27","slug":"traktor-eimerhaken-schwerer-greifhaken-abschlepphaken","status":"publish","type":"product","link":"https:\/\/hydropartsholland.com\/de\/produkt\/traktor-eimerhaken-schwerer-greifhaken-abschlepphaken\/","title":{"rendered":"Traktor-Eimerhaken \u2013 Schwerer Greifhaken-Abschlepphaken"},"content":{"rendered":"<p>Dieser Satz Traktorschaufelhaken macht Ihre Traktorschaufel noch benutzerfreundlicher. Der Satz Traktor-Eimerhaken ist von hoher Qualit\u00e4t und aufgrund seiner verdickten R\u00fcckplatte, der soliden Basis und den perfekten Schwei\u00dfn\u00e4hten sehr stabil.<\/p>\n<p>Das Set enth\u00e4lt:<\/p>\n<ul>\n<li>2 anschraubbare Enterhaken (3\/8&#8243;)<\/li>\n<li>2 Stahlplatten 4,25&#8243; x 3,25&#8243;<\/li>\n<li>4 Schrauben Klasse 10.9<\/li>\n<li>4 N\u00fcsse Klasse 10.9<\/li>\n<\/ul>\n","protected":false},"excerpt":{"rendered":"<p>Das Set enth\u00e4lt:<\/p>\n<ul>\n<li>2 anschraubbare Enterhaken (3\/8&#8243;)<\/li>\n<li>2 Stahlplatten 4,25&#8243; x 3,25&#8243;<\/li>\n<li>4 Schrauben Klasse 10.9<\/li>\n<li>4 N\u00fcsse Klasse 10.9<\/li>\n<\/ul>\n","protected":false},"featured_media":32314,"comment_status":"open","ping_status":"closed","template":"","meta":{"inline_featured_image":false},"product_cat":[649,648,650,651,2192,496],"product_tag":[],"class_list":{"0":"post-32605","1":"product","2":"type-product","3":"status-publish","4":"has-post-thumbnail","6":"product_cat-deutz-de","7":"product_cat-case-ihc-de","8":"product_cat-ford-de","9":"product_cat-john-deere-de","10":"product_cat-unterlenker-fanghaken","11":"product_cat-karosseriezubehor","13":"first","14":"outofstock","15":"taxable","16":"shipping-taxable","17":"purchasable","18":"product-type-simple"},"yoast_head":"<!-- This site is optimized with the Yoast SEO plugin v23.3 - https:\/\/yoast.com\/wordpress\/plugins\/seo\/ -->\n<title>Traktor-Eimerhaken \u2013 Schwerer Greifhaken-Abschlepphaken - Hydropartsholland<\/title>\n<meta name=\"description\" content=\"Dieser Satz Traktorschaufelhaken macht Ihre Traktorschaufel noch benutzerfreundlicher. Der Satz Traktor-Eimerhaken ist von hoher Qualit\u00e4t.\" \/>\n<meta name=\"robots\" content=\"index, follow, max-snippet:-1, max-image-preview:large, max-video-preview:-1\" \/>\n<link rel=\"canonical\" href=\"https:\/\/hydropartsholland.com\/de\/produkt\/traktor-eimerhaken-schwerer-greifhaken-abschlepphaken\/\" \/>\n<meta property=\"og:locale\" content=\"de_DE\" \/>\n<meta property=\"og:type\" content=\"article\" \/>\n<meta property=\"og:title\" content=\"Traktor-Eimerhaken \u2013 Schwerer Greifhaken-Abschlepphaken - Hydropartsholland\" \/>\n<meta property=\"og:description\" content=\"Dieser Satz Traktorschaufelhaken macht Ihre Traktorschaufel noch benutzerfreundlicher. Der Satz Traktor-Eimerhaken ist von hoher Qualit\u00e4t.\" \/>\n<meta property=\"og:url\" content=\"https:\/\/hydropartsholland.com\/de\/produkt\/traktor-eimerhaken-schwerer-greifhaken-abschlepphaken\/\" \/>\n<meta property=\"og:site_name\" content=\"Hydropartsholland\" \/>\n<meta property=\"article:modified_time\" content=\"2025-03-11T11:20:27+00:00\" \/>\n<meta property=\"og:image\" content=\"https:\/\/hydropartsholland.com\/wp-content\/uploads\/2023\/07\/3.jpg\" \/>\n\t<meta property=\"og:image:width\" content=\"731\" \/>\n\t<meta property=\"og:image:height\" content=\"498\" \/>\n\t<meta property=\"og:image:type\" content=\"image\/jpeg\" \/>\n<meta name=\"twitter:card\" content=\"summary_large_image\" \/>\n<meta name=\"twitter:label1\" content=\"Gesch\u00e4tzte Lesezeit\" \/>\n\t<meta name=\"twitter:data1\" content=\"1\u00a0Minute\" \/>\n<script type=\"application\/ld+json\" class=\"yoast-schema-graph\">{\"@context\":\"https:\/\/schema.org\",\"@graph\":[{\"@type\":\"WebPage\",\"@id\":\"https:\/\/hydropartsholland.com\/de\/produkt\/traktor-eimerhaken-schwerer-greifhaken-abschlepphaken\/\",\"url\":\"https:\/\/hydropartsholland.com\/de\/produkt\/traktor-eimerhaken-schwerer-greifhaken-abschlepphaken\/\",\"name\":\"Traktor-Eimerhaken \u2013 Schwerer Greifhaken-Abschlepphaken - Hydropartsholland\",\"isPartOf\":{\"@id\":\"https:\/\/hydropartsholland.com\/#website\"},\"primaryImageOfPage\":{\"@id\":\"https:\/\/hydropartsholland.com\/de\/produkt\/traktor-eimerhaken-schwerer-greifhaken-abschlepphaken\/#primaryimage\"},\"image\":{\"@id\":\"https:\/\/hydropartsholland.com\/de\/produkt\/traktor-eimerhaken-schwerer-greifhaken-abschlepphaken\/#primaryimage\"},\"thumbnailUrl\":\"https:\/\/hydropartsholland.com\/wp-content\/uploads\/2023\/07\/3.jpg\",\"datePublished\":\"2025-07-22T13:49:22+00:00\",\"dateModified\":\"2025-03-11T11:20:27+00:00\",\"description\":\"Dieser Satz Traktorschaufelhaken macht Ihre Traktorschaufel noch benutzerfreundlicher. Der Satz Traktor-Eimerhaken ist von hoher Qualit\u00e4t.\",\"breadcrumb\":{\"@id\":\"https:\/\/hydropartsholland.com\/de\/produkt\/traktor-eimerhaken-schwerer-greifhaken-abschlepphaken\/#breadcrumb\"},\"inLanguage\":\"de\",\"potentialAction\":[{\"@type\":\"ReadAction\",\"target\":[\"https:\/\/hydropartsholland.com\/de\/produkt\/traktor-eimerhaken-schwerer-greifhaken-abschlepphaken\/\"]}]},{\"@type\":\"ImageObject\",\"inLanguage\":\"de\",\"@id\":\"https:\/\/hydropartsholland.com\/de\/produkt\/traktor-eimerhaken-schwerer-greifhaken-abschlepphaken\/#primaryimage\",\"url\":\"https:\/\/hydropartsholland.com\/wp-content\/uploads\/2023\/07\/3.jpg\",\"contentUrl\":\"https:\/\/hydropartsholland.com\/wp-content\/uploads\/2023\/07\/3.jpg\",\"width\":731,\"height\":498},{\"@type\":\"BreadcrumbList\",\"@id\":\"https:\/\/hydropartsholland.com\/de\/produkt\/traktor-eimerhaken-schwerer-greifhaken-abschlepphaken\/#breadcrumb\",\"itemListElement\":[{\"@type\":\"ListItem\",\"position\":1,\"name\":\"Home\",\"item\":\"https:\/\/hydropartsholland.com\/\"},{\"@type\":\"ListItem\",\"position\":2,\"name\":\"Gesch\u00e4ft\",\"item\":\"https:\/\/hydropartsholland.com\/de\/shop-3\/\"},{\"@type\":\"ListItem\",\"position\":3,\"name\":\"Traktor-Eimerhaken \u2013 Schwerer Greifhaken-Abschlepphaken\"}]},{\"@type\":\"WebSite\",\"@id\":\"https:\/\/hydropartsholland.com\/#website\",\"url\":\"https:\/\/hydropartsholland.com\/\",\"name\":\"Hydropartsholland\",\"description\":\"\",\"publisher\":{\"@id\":\"https:\/\/hydropartsholland.com\/#organization\"},\"potentialAction\":[{\"@type\":\"SearchAction\",\"target\":{\"@type\":\"EntryPoint\",\"urlTemplate\":\"https:\/\/hydropartsholland.com\/?s={search_term_string}\"},\"query-input\":\"required name=search_term_string\"}],\"inLanguage\":\"de\"},{\"@type\":\"Organization\",\"@id\":\"https:\/\/hydropartsholland.com\/#organization\",\"name\":\"Spare Parts Holland\",\"url\":\"https:\/\/hydropartsholland.com\/\",\"logo\":{\"@type\":\"ImageObject\",\"inLanguage\":\"de\",\"@id\":\"https:\/\/hydropartsholland.com\/#\/schema\/logo\/image\/\",\"url\":\"https:\/\/hydropartsholland.com\/wp-content\/uploads\/2022\/06\/spareparts-1.png\",\"contentUrl\":\"https:\/\/hydropartsholland.com\/wp-content\/uploads\/2022\/06\/spareparts-1.png\",\"width\":824,\"height\":685,\"caption\":\"Spare Parts Holland\"},\"image\":{\"@id\":\"https:\/\/hydropartsholland.com\/#\/schema\/logo\/image\/\"}}]}<\/script>\n<!-- \/ Yoast SEO plugin. -->","yoast_head_json":{"title":"Traktor-Eimerhaken \u2013 Schwerer Greifhaken-Abschlepphaken - Hydropartsholland","description":"Dieser Satz Traktorschaufelhaken macht Ihre Traktorschaufel noch benutzerfreundlicher. Der Satz Traktor-Eimerhaken ist von hoher Qualit\u00e4t.","robots":{"index":"index","follow":"follow","max-snippet":"max-snippet:-1","max-image-preview":"max-image-preview:large","max-video-preview":"max-video-preview:-1"},"canonical":"https:\/\/hydropartsholland.com\/de\/produkt\/traktor-eimerhaken-schwerer-greifhaken-abschlepphaken\/","og_locale":"de_DE","og_type":"article","og_title":"Traktor-Eimerhaken \u2013 Schwerer Greifhaken-Abschlepphaken - Hydropartsholland","og_description":"Dieser Satz Traktorschaufelhaken macht Ihre Traktorschaufel noch benutzerfreundlicher. Der Satz Traktor-Eimerhaken ist von hoher Qualit\u00e4t.","og_url":"https:\/\/hydropartsholland.com\/de\/produkt\/traktor-eimerhaken-schwerer-greifhaken-abschlepphaken\/","og_site_name":"Hydropartsholland","article_modified_time":"2025-03-11T11:20:27+00:00","og_image":[{"width":731,"height":498,"url":"https:\/\/hydropartsholland.com\/wp-content\/uploads\/2023\/07\/3.jpg","type":"image\/jpeg"}],"twitter_card":"summary_large_image","twitter_misc":{"Gesch\u00e4tzte Lesezeit":"1\u00a0Minute"},"schema":{"@context":"https:\/\/schema.org","@graph":[{"@type":"WebPage","@id":"https:\/\/hydropartsholland.com\/de\/produkt\/traktor-eimerhaken-schwerer-greifhaken-abschlepphaken\/","url":"https:\/\/hydropartsholland.com\/de\/produkt\/traktor-eimerhaken-schwerer-greifhaken-abschlepphaken\/","name":"Traktor-Eimerhaken \u2013 Schwerer Greifhaken-Abschlepphaken - Hydropartsholland","isPartOf":{"@id":"https:\/\/hydropartsholland.com\/#website"},"primaryImageOfPage":{"@id":"https:\/\/hydropartsholland.com\/de\/produkt\/traktor-eimerhaken-schwerer-greifhaken-abschlepphaken\/#primaryimage"},"image":{"@id":"https:\/\/hydropartsholland.com\/de\/produkt\/traktor-eimerhaken-schwerer-greifhaken-abschlepphaken\/#primaryimage"},"thumbnailUrl":"https:\/\/hydropartsholland.com\/wp-content\/uploads\/2023\/07\/3.jpg","datePublished":"2025-07-22T13:49:22+00:00","dateModified":"2025-03-11T11:20:27+00:00","description":"Dieser Satz Traktorschaufelhaken macht Ihre Traktorschaufel noch benutzerfreundlicher. Der Satz Traktor-Eimerhaken ist von hoher Qualit\u00e4t.","breadcrumb":{"@id":"https:\/\/hydropartsholland.com\/de\/produkt\/traktor-eimerhaken-schwerer-greifhaken-abschlepphaken\/#breadcrumb"},"inLanguage":"de","potentialAction":[{"@type":"ReadAction","target":["https:\/\/hydropartsholland.com\/de\/produkt\/traktor-eimerhaken-schwerer-greifhaken-abschlepphaken\/"]}]},{"@type":"ImageObject","inLanguage":"de","@id":"https:\/\/hydropartsholland.com\/de\/produkt\/traktor-eimerhaken-schwerer-greifhaken-abschlepphaken\/#primaryimage","url":"https:\/\/hydropartsholland.com\/wp-content\/uploads\/2023\/07\/3.jpg","contentUrl":"https:\/\/hydropartsholland.com\/wp-content\/uploads\/2023\/07\/3.jpg","width":731,"height":498},{"@type":"BreadcrumbList","@id":"https:\/\/hydropartsholland.com\/de\/produkt\/traktor-eimerhaken-schwerer-greifhaken-abschlepphaken\/#breadcrumb","itemListElement":[{"@type":"ListItem","position":1,"name":"Home","item":"https:\/\/hydropartsholland.com\/"},{"@type":"ListItem","position":2,"name":"Gesch\u00e4ft","item":"https:\/\/hydropartsholland.com\/de\/shop-3\/"},{"@type":"ListItem","position":3,"name":"Traktor-Eimerhaken \u2013 Schwerer Greifhaken-Abschlepphaken"}]},{"@type":"WebSite","@id":"https:\/\/hydropartsholland.com\/#website","url":"https:\/\/hydropartsholland.com\/","name":"Hydropartsholland","description":"","publisher":{"@id":"https:\/\/hydropartsholland.com\/#organization"},"potentialAction":[{"@type":"SearchAction","target":{"@type":"EntryPoint","urlTemplate":"https:\/\/hydropartsholland.com\/?s={search_term_string}"},"query-input":"required name=search_term_string"}],"inLanguage":"de"},{"@type":"Organization","@id":"https:\/\/hydropartsholland.com\/#organization","name":"Spare Parts Holland","url":"https:\/\/hydropartsholland.com\/","logo":{"@type":"ImageObject","inLanguage":"de","@id":"https:\/\/hydropartsholland.com\/#\/schema\/logo\/image\/","url":"https:\/\/hydropartsholland.com\/wp-content\/uploads\/2022\/06\/spareparts-1.png","contentUrl":"https:\/\/hydropartsholland.com\/wp-content\/uploads\/2022\/06\/spareparts-1.png","width":824,"height":685,"caption":"Spare Parts Holland"},"image":{"@id":"https:\/\/hydropartsholland.com\/#\/schema\/logo\/image\/"}}]}},"_links":{"self":[{"href":"https:\/\/hydropartsholland.com\/de\/wp-json\/wp\/v2\/product\/32605","targetHints":{"allow":["GET"]}}],"collection":[{"href":"https:\/\/hydropartsholland.com\/de\/wp-json\/wp\/v2\/product"}],"about":[{"href":"https:\/\/hydropartsholland.com\/de\/wp-json\/wp\/v2\/types\/product"}],"replies":[{"embeddable":true,"href":"https:\/\/hydropartsholland.com\/de\/wp-json\/wp\/v2\/comments?post=32605"}],"wp:featuredmedia":[{"embeddable":true,"href":"https:\/\/hydropartsholland.com\/de\/wp-json\/wp\/v2\/media\/32314"}],"wp:attachment":[{"href":"https:\/\/hydropartsholland.com\/de\/wp-json\/wp\/v2\/media?parent=32605"}],"wp:term":[{"taxonomy":"product_cat","embeddable":true,"href":"https:\/\/hydropartsholland.com\/de\/wp-json\/wp\/v2\/product_cat?post=32605"},{"taxonomy":"product_tag","embeddable":true,"href":"https:\/\/hydropartsholland.com\/de\/wp-json\/wp\/v2\/product_tag?post=32605"}],"curies":[{"name":"wp","href":"https:\/\/api.w.org\/{rel}","templated":true}]}}