{"id":31023,"date":"2025-07-22T14:49:30","date_gmt":"2025-07-22T13:49:30","guid":{"rendered":"https:\/\/hydropartsholland.com\/?post_type=product&#038;p=31023"},"modified":"2025-03-11T12:20:48","modified_gmt":"2025-03-11T11:20:48","slug":"unterlenkerkugel-kat-1-kat-2-fangkugel-fuer-unterlenker-schnellkuppler-fanghaken","status":"publish","type":"product","link":"https:\/\/hydropartsholland.com\/de\/produkt\/unterlenkerkugel-kat-1-kat-2-fangkugel-fuer-unterlenker-schnellkuppler-fanghaken\/","title":{"rendered":"Unterlenkerkugel Kat 1 Kat 2 Fangkugel f\u00fcr Unterlenker Schnellkuppler Fanghaken"},"content":{"rendered":"<p>Unterlenkerkugel Fangkugel f\u00fcr Unterlenker Schnellkuppler Fanghaken.<\/p>\n<p>Aus Stahl in unterschiedlichen Kategorien.<\/p>\n<ul>\n<li>Oberfl\u00e4che: galvanisch verzinkt, A2L<\/li>\n<li>Material: SAE 1020 (geh\u00e4rteter Stahl)<\/li>\n<li>Push-Pull-H\u00fclsen mit 1-1\/2\u2033 Durchmesser (1\/2\u2033 K\u00f6rpergr\u00f6\u00dfe).<\/li>\n<li>Abrei\u00dfhalter zum Anschrauben oder Anschwei\u00dfen<\/li>\n<\/ul>\n","protected":false},"excerpt":{"rendered":"<ul>\n<li>Oberfl\u00e4che: galvanisch verzinkt, A2L<\/li>\n<li>Material: SAE 1020 (geh\u00e4rteter Stahl)<\/li>\n<li>Push-Pull-H\u00fclsen mit 1-1\/2\u2033 Durchmesser (1\/2\u2033 K\u00f6rpergr\u00f6\u00dfe).<\/li>\n<li>Abrei\u00dfhalter zum Anschrauben oder Anschwei\u00dfen<\/li>\n<\/ul>\n","protected":false},"featured_media":31021,"comment_status":"open","ping_status":"closed","template":"","meta":{"inline_featured_image":false},"product_cat":[649,648,650,651,2192,496],"product_tag":[],"class_list":{"0":"post-31023","1":"product","2":"type-product","3":"status-publish","4":"has-post-thumbnail","6":"product_cat-deutz-de","7":"product_cat-case-ihc-de","8":"product_cat-ford-de","9":"product_cat-john-deere-de","10":"product_cat-unterlenker-fanghaken","11":"product_cat-karosseriezubehor","13":"first","14":"instock","15":"taxable","16":"shipping-taxable","17":"purchasable","18":"product-type-variable"},"yoast_head":"<!-- This site is optimized with the Yoast SEO plugin v23.3 - https:\/\/yoast.com\/wordpress\/plugins\/seo\/ -->\n<title>Unterlenkerkugel Kat 1 Kat 2 Fangkugel f\u00fcr Unterlenker Schnellkuppler Fanghaken - Hydropartsholland<\/title>\n<meta name=\"description\" content=\"Unterlenkerkugel Fangkugel f\u00fcr Unterlenker Schnellkuppler Fanghaken. Aus Stahl in unterschiedlichen Kategorien. Schnelle Lieferung weltweit.\" \/>\n<meta name=\"robots\" content=\"index, follow, max-snippet:-1, max-image-preview:large, max-video-preview:-1\" \/>\n<link rel=\"canonical\" href=\"https:\/\/hydropartsholland.com\/de\/produkt\/unterlenkerkugel-kat-1-kat-2-fangkugel-fuer-unterlenker-schnellkuppler-fanghaken\/\" \/>\n<meta property=\"og:locale\" content=\"de_DE\" \/>\n<meta property=\"og:type\" content=\"article\" \/>\n<meta property=\"og:title\" content=\"Unterlenkerkugel Kat 1 Kat 2 Fangkugel f\u00fcr Unterlenker Schnellkuppler Fanghaken - Hydropartsholland\" \/>\n<meta property=\"og:description\" content=\"Unterlenkerkugel Fangkugel f\u00fcr Unterlenker Schnellkuppler Fanghaken. Aus Stahl in unterschiedlichen Kategorien. Schnelle Lieferung weltweit.\" \/>\n<meta property=\"og:url\" content=\"https:\/\/hydropartsholland.com\/de\/produkt\/unterlenkerkugel-kat-1-kat-2-fangkugel-fuer-unterlenker-schnellkuppler-fanghaken\/\" \/>\n<meta property=\"og:site_name\" content=\"Hydropartsholland\" \/>\n<meta property=\"article:modified_time\" content=\"2025-03-11T11:20:48+00:00\" \/>\n<meta property=\"og:image\" content=\"https:\/\/hydropartsholland.com\/wp-content\/uploads\/2023\/05\/01501_bf208ba1-0eda-4036-8cac-9931343d3b61_2048x2048.jpg\" \/>\n\t<meta property=\"og:image:width\" content=\"1056\" \/>\n\t<meta property=\"og:image:height\" content=\"1020\" \/>\n\t<meta property=\"og:image:type\" content=\"image\/jpeg\" \/>\n<meta name=\"twitter:card\" content=\"summary_large_image\" \/>\n<meta name=\"twitter:label1\" content=\"Gesch\u00e4tzte Lesezeit\" \/>\n\t<meta name=\"twitter:data1\" content=\"1\u00a0Minute\" \/>\n<script type=\"application\/ld+json\" class=\"yoast-schema-graph\">{\"@context\":\"https:\/\/schema.org\",\"@graph\":[{\"@type\":\"WebPage\",\"@id\":\"https:\/\/hydropartsholland.com\/de\/produkt\/unterlenkerkugel-kat-1-kat-2-fangkugel-fuer-unterlenker-schnellkuppler-fanghaken\/\",\"url\":\"https:\/\/hydropartsholland.com\/de\/produkt\/unterlenkerkugel-kat-1-kat-2-fangkugel-fuer-unterlenker-schnellkuppler-fanghaken\/\",\"name\":\"Unterlenkerkugel Kat 1 Kat 2 Fangkugel f\u00fcr Unterlenker Schnellkuppler Fanghaken - Hydropartsholland\",\"isPartOf\":{\"@id\":\"https:\/\/hydropartsholland.com\/#website\"},\"primaryImageOfPage\":{\"@id\":\"https:\/\/hydropartsholland.com\/de\/produkt\/unterlenkerkugel-kat-1-kat-2-fangkugel-fuer-unterlenker-schnellkuppler-fanghaken\/#primaryimage\"},\"image\":{\"@id\":\"https:\/\/hydropartsholland.com\/de\/produkt\/unterlenkerkugel-kat-1-kat-2-fangkugel-fuer-unterlenker-schnellkuppler-fanghaken\/#primaryimage\"},\"thumbnailUrl\":\"https:\/\/hydropartsholland.com\/wp-content\/uploads\/2023\/05\/01501_bf208ba1-0eda-4036-8cac-9931343d3b61_2048x2048.jpg\",\"datePublished\":\"2025-07-22T13:49:30+00:00\",\"dateModified\":\"2025-03-11T11:20:48+00:00\",\"description\":\"Unterlenkerkugel Fangkugel f\u00fcr Unterlenker Schnellkuppler Fanghaken. Aus Stahl in unterschiedlichen Kategorien. Schnelle Lieferung weltweit.\",\"breadcrumb\":{\"@id\":\"https:\/\/hydropartsholland.com\/de\/produkt\/unterlenkerkugel-kat-1-kat-2-fangkugel-fuer-unterlenker-schnellkuppler-fanghaken\/#breadcrumb\"},\"inLanguage\":\"de\",\"potentialAction\":[{\"@type\":\"ReadAction\",\"target\":[\"https:\/\/hydropartsholland.com\/de\/produkt\/unterlenkerkugel-kat-1-kat-2-fangkugel-fuer-unterlenker-schnellkuppler-fanghaken\/\"]}]},{\"@type\":\"ImageObject\",\"inLanguage\":\"de\",\"@id\":\"https:\/\/hydropartsholland.com\/de\/produkt\/unterlenkerkugel-kat-1-kat-2-fangkugel-fuer-unterlenker-schnellkuppler-fanghaken\/#primaryimage\",\"url\":\"https:\/\/hydropartsholland.com\/wp-content\/uploads\/2023\/05\/01501_bf208ba1-0eda-4036-8cac-9931343d3b61_2048x2048.jpg\",\"contentUrl\":\"https:\/\/hydropartsholland.com\/wp-content\/uploads\/2023\/05\/01501_bf208ba1-0eda-4036-8cac-9931343d3b61_2048x2048.jpg\",\"width\":1056,\"height\":1020},{\"@type\":\"BreadcrumbList\",\"@id\":\"https:\/\/hydropartsholland.com\/de\/produkt\/unterlenkerkugel-kat-1-kat-2-fangkugel-fuer-unterlenker-schnellkuppler-fanghaken\/#breadcrumb\",\"itemListElement\":[{\"@type\":\"ListItem\",\"position\":1,\"name\":\"Home\",\"item\":\"https:\/\/hydropartsholland.com\/\"},{\"@type\":\"ListItem\",\"position\":2,\"name\":\"Gesch\u00e4ft\",\"item\":\"https:\/\/hydropartsholland.com\/de\/shop-3\/\"},{\"@type\":\"ListItem\",\"position\":3,\"name\":\"Unterlenkerkugel Kat 1 Kat 2 Fangkugel f\u00fcr Unterlenker Schnellkuppler Fanghaken\"}]},{\"@type\":\"WebSite\",\"@id\":\"https:\/\/hydropartsholland.com\/#website\",\"url\":\"https:\/\/hydropartsholland.com\/\",\"name\":\"Hydropartsholland\",\"description\":\"\",\"publisher\":{\"@id\":\"https:\/\/hydropartsholland.com\/#organization\"},\"potentialAction\":[{\"@type\":\"SearchAction\",\"target\":{\"@type\":\"EntryPoint\",\"urlTemplate\":\"https:\/\/hydropartsholland.com\/?s={search_term_string}\"},\"query-input\":\"required name=search_term_string\"}],\"inLanguage\":\"de\"},{\"@type\":\"Organization\",\"@id\":\"https:\/\/hydropartsholland.com\/#organization\",\"name\":\"Spare Parts Holland\",\"url\":\"https:\/\/hydropartsholland.com\/\",\"logo\":{\"@type\":\"ImageObject\",\"inLanguage\":\"de\",\"@id\":\"https:\/\/hydropartsholland.com\/#\/schema\/logo\/image\/\",\"url\":\"https:\/\/hydropartsholland.com\/wp-content\/uploads\/2022\/06\/spareparts-1.png\",\"contentUrl\":\"https:\/\/hydropartsholland.com\/wp-content\/uploads\/2022\/06\/spareparts-1.png\",\"width\":824,\"height\":685,\"caption\":\"Spare Parts Holland\"},\"image\":{\"@id\":\"https:\/\/hydropartsholland.com\/#\/schema\/logo\/image\/\"}}]}<\/script>\n<!-- \/ Yoast SEO plugin. -->","yoast_head_json":{"title":"Unterlenkerkugel Kat 1 Kat 2 Fangkugel f\u00fcr Unterlenker Schnellkuppler Fanghaken - Hydropartsholland","description":"Unterlenkerkugel Fangkugel f\u00fcr Unterlenker Schnellkuppler Fanghaken. Aus Stahl in unterschiedlichen Kategorien. Schnelle Lieferung weltweit.","robots":{"index":"index","follow":"follow","max-snippet":"max-snippet:-1","max-image-preview":"max-image-preview:large","max-video-preview":"max-video-preview:-1"},"canonical":"https:\/\/hydropartsholland.com\/de\/produkt\/unterlenkerkugel-kat-1-kat-2-fangkugel-fuer-unterlenker-schnellkuppler-fanghaken\/","og_locale":"de_DE","og_type":"article","og_title":"Unterlenkerkugel Kat 1 Kat 2 Fangkugel f\u00fcr Unterlenker Schnellkuppler Fanghaken - Hydropartsholland","og_description":"Unterlenkerkugel Fangkugel f\u00fcr Unterlenker Schnellkuppler Fanghaken. Aus Stahl in unterschiedlichen Kategorien. Schnelle Lieferung weltweit.","og_url":"https:\/\/hydropartsholland.com\/de\/produkt\/unterlenkerkugel-kat-1-kat-2-fangkugel-fuer-unterlenker-schnellkuppler-fanghaken\/","og_site_name":"Hydropartsholland","article_modified_time":"2025-03-11T11:20:48+00:00","og_image":[{"width":1056,"height":1020,"url":"https:\/\/hydropartsholland.com\/wp-content\/uploads\/2023\/05\/01501_bf208ba1-0eda-4036-8cac-9931343d3b61_2048x2048.jpg","type":"image\/jpeg"}],"twitter_card":"summary_large_image","twitter_misc":{"Gesch\u00e4tzte Lesezeit":"1\u00a0Minute"},"schema":{"@context":"https:\/\/schema.org","@graph":[{"@type":"WebPage","@id":"https:\/\/hydropartsholland.com\/de\/produkt\/unterlenkerkugel-kat-1-kat-2-fangkugel-fuer-unterlenker-schnellkuppler-fanghaken\/","url":"https:\/\/hydropartsholland.com\/de\/produkt\/unterlenkerkugel-kat-1-kat-2-fangkugel-fuer-unterlenker-schnellkuppler-fanghaken\/","name":"Unterlenkerkugel Kat 1 Kat 2 Fangkugel f\u00fcr Unterlenker Schnellkuppler Fanghaken - Hydropartsholland","isPartOf":{"@id":"https:\/\/hydropartsholland.com\/#website"},"primaryImageOfPage":{"@id":"https:\/\/hydropartsholland.com\/de\/produkt\/unterlenkerkugel-kat-1-kat-2-fangkugel-fuer-unterlenker-schnellkuppler-fanghaken\/#primaryimage"},"image":{"@id":"https:\/\/hydropartsholland.com\/de\/produkt\/unterlenkerkugel-kat-1-kat-2-fangkugel-fuer-unterlenker-schnellkuppler-fanghaken\/#primaryimage"},"thumbnailUrl":"https:\/\/hydropartsholland.com\/wp-content\/uploads\/2023\/05\/01501_bf208ba1-0eda-4036-8cac-9931343d3b61_2048x2048.jpg","datePublished":"2025-07-22T13:49:30+00:00","dateModified":"2025-03-11T11:20:48+00:00","description":"Unterlenkerkugel Fangkugel f\u00fcr Unterlenker Schnellkuppler Fanghaken. Aus Stahl in unterschiedlichen Kategorien. Schnelle Lieferung weltweit.","breadcrumb":{"@id":"https:\/\/hydropartsholland.com\/de\/produkt\/unterlenkerkugel-kat-1-kat-2-fangkugel-fuer-unterlenker-schnellkuppler-fanghaken\/#breadcrumb"},"inLanguage":"de","potentialAction":[{"@type":"ReadAction","target":["https:\/\/hydropartsholland.com\/de\/produkt\/unterlenkerkugel-kat-1-kat-2-fangkugel-fuer-unterlenker-schnellkuppler-fanghaken\/"]}]},{"@type":"ImageObject","inLanguage":"de","@id":"https:\/\/hydropartsholland.com\/de\/produkt\/unterlenkerkugel-kat-1-kat-2-fangkugel-fuer-unterlenker-schnellkuppler-fanghaken\/#primaryimage","url":"https:\/\/hydropartsholland.com\/wp-content\/uploads\/2023\/05\/01501_bf208ba1-0eda-4036-8cac-9931343d3b61_2048x2048.jpg","contentUrl":"https:\/\/hydropartsholland.com\/wp-content\/uploads\/2023\/05\/01501_bf208ba1-0eda-4036-8cac-9931343d3b61_2048x2048.jpg","width":1056,"height":1020},{"@type":"BreadcrumbList","@id":"https:\/\/hydropartsholland.com\/de\/produkt\/unterlenkerkugel-kat-1-kat-2-fangkugel-fuer-unterlenker-schnellkuppler-fanghaken\/#breadcrumb","itemListElement":[{"@type":"ListItem","position":1,"name":"Home","item":"https:\/\/hydropartsholland.com\/"},{"@type":"ListItem","position":2,"name":"Gesch\u00e4ft","item":"https:\/\/hydropartsholland.com\/de\/shop-3\/"},{"@type":"ListItem","position":3,"name":"Unterlenkerkugel Kat 1 Kat 2 Fangkugel f\u00fcr Unterlenker Schnellkuppler Fanghaken"}]},{"@type":"WebSite","@id":"https:\/\/hydropartsholland.com\/#website","url":"https:\/\/hydropartsholland.com\/","name":"Hydropartsholland","description":"","publisher":{"@id":"https:\/\/hydropartsholland.com\/#organization"},"potentialAction":[{"@type":"SearchAction","target":{"@type":"EntryPoint","urlTemplate":"https:\/\/hydropartsholland.com\/?s={search_term_string}"},"query-input":"required name=search_term_string"}],"inLanguage":"de"},{"@type":"Organization","@id":"https:\/\/hydropartsholland.com\/#organization","name":"Spare Parts Holland","url":"https:\/\/hydropartsholland.com\/","logo":{"@type":"ImageObject","inLanguage":"de","@id":"https:\/\/hydropartsholland.com\/#\/schema\/logo\/image\/","url":"https:\/\/hydropartsholland.com\/wp-content\/uploads\/2022\/06\/spareparts-1.png","contentUrl":"https:\/\/hydropartsholland.com\/wp-content\/uploads\/2022\/06\/spareparts-1.png","width":824,"height":685,"caption":"Spare Parts Holland"},"image":{"@id":"https:\/\/hydropartsholland.com\/#\/schema\/logo\/image\/"}}]}},"_links":{"self":[{"href":"https:\/\/hydropartsholland.com\/de\/wp-json\/wp\/v2\/product\/31023","targetHints":{"allow":["GET"]}}],"collection":[{"href":"https:\/\/hydropartsholland.com\/de\/wp-json\/wp\/v2\/product"}],"about":[{"href":"https:\/\/hydropartsholland.com\/de\/wp-json\/wp\/v2\/types\/product"}],"replies":[{"embeddable":true,"href":"https:\/\/hydropartsholland.com\/de\/wp-json\/wp\/v2\/comments?post=31023"}],"wp:featuredmedia":[{"embeddable":true,"href":"https:\/\/hydropartsholland.com\/de\/wp-json\/wp\/v2\/media\/31021"}],"wp:attachment":[{"href":"https:\/\/hydropartsholland.com\/de\/wp-json\/wp\/v2\/media?parent=31023"}],"wp:term":[{"taxonomy":"product_cat","embeddable":true,"href":"https:\/\/hydropartsholland.com\/de\/wp-json\/wp\/v2\/product_cat?post=31023"},{"taxonomy":"product_tag","embeddable":true,"href":"https:\/\/hydropartsholland.com\/de\/wp-json\/wp\/v2\/product_tag?post=31023"}],"curies":[{"name":"wp","href":"https:\/\/api.w.org\/{rel}","templated":true}]}}