{"id":31014,"date":"2025-07-22T14:49:30","date_gmt":"2025-07-22T13:49:30","guid":{"rendered":"https:\/\/hydropartsholland.com\/product\/hydraulisches-oberlenkerventil-schlauchset\/"},"modified":"2025-03-11T12:21:53","modified_gmt":"2025-03-11T11:21:53","slug":"hydraulik-oberlenkerventil-schlauchsatz","status":"publish","type":"product","link":"https:\/\/hydropartsholland.com\/de\/produkt\/hydraulik-oberlenkerventil-schlauchsatz\/","title":{"rendered":"Hydraulisches Oberlenkerventil-Schlauchset"},"content":{"rendered":"<p>Hydraulischer Oberlenker-Schlauchsatz<\/p>\n<p>&nbsp;<\/p>\n<ul>\n<li>DIN EN853 1SN DN10WP 180 Bar-SAE 100 R1 AT 3\/8&#8243; WP 2610 PSI<\/li>\n<li>Schlauchl\u00e4nge 28,4&#8243;<\/li>\n<li>Arbeitsdruck 2610 PSI<\/li>\n<li>2 Schl\u00e4uche mit 3\/8&#8243; BSP<\/li>\n<li>Banjo-Anschluss (zum Anschluss an den BSP-Anschluss an unserem Oberlenker)<\/li>\n<li>1\/2&#8243;-Ventil-Schnellkupplung<\/li>\n<\/ul>\n<p>Hinweis: Die Banjo-Anschl\u00fcsse erm\u00f6glichen ein einfaches Ineinanderstecken der Schl\u00e4uche. Die Standardfarbe der Staubkappe ist Blau<\/p>\n","protected":false},"excerpt":{"rendered":"<ul>\n<li>DIN EN853 1SN DN10WP 180 Bar-SAE 100 R1 AT 3\/8&#8243; WP 2610 PSI<\/li>\n<li>Schlauchl\u00e4nge 28,4&#8243;<\/li>\n<li>Arbeitsdruck 2610 PSI<\/li>\n<li>2 Schl\u00e4uche mit 3\/8&#8243; BSP<\/li>\n<li>Banjo-Anschluss (zum Anschluss an den BSP-Anschluss an unserem Oberlenker)<\/li>\n<li>1\/2&#8243;-Ventil-Schnellkupplung<\/li>\n<\/ul>\n","protected":false},"featured_media":30994,"comment_status":"open","ping_status":"closed","template":"","meta":{"inline_featured_image":false},"product_cat":[642,643,644,645,646],"product_tag":[],"class_list":{"0":"post-31014","1":"product","2":"type-product","3":"status-publish","4":"has-post-thumbnail","6":"product_cat-kat-1","7":"product_cat-kat-2","8":"product_cat-fanghaken-kat-1","9":"product_cat-unterlenker-fanghaken-kat-2","10":"product_cat-unterlenker-fanghaken-kat-3","12":"first","13":"instock","14":"taxable","15":"shipping-taxable","16":"purchasable","17":"product-type-simple"},"yoast_head":"<!-- This site is optimized with the Yoast SEO plugin v23.3 - https:\/\/yoast.com\/wordpress\/plugins\/seo\/ -->\n<title>Hydraulisches Oberlenkerventil-Schlauchset - Hydropartsholland<\/title>\n<meta name=\"description\" content=\"Schlauchsatz bereit f\u00fcr den Einbau in den hydraulischen Oberlenker. Schlauchl\u00e4nge 28,4&quot;. Arbeitsdruck 2610 PSI. 1\/2&quot;-Ventil-Schnellkupplung.\" \/>\n<meta name=\"robots\" content=\"index, follow, max-snippet:-1, max-image-preview:large, max-video-preview:-1\" \/>\n<link rel=\"canonical\" href=\"https:\/\/hydropartsholland.com\/de\/produkt\/hydraulik-oberlenkerventil-schlauchsatz\/\" \/>\n<meta property=\"og:locale\" content=\"de_DE\" \/>\n<meta property=\"og:type\" content=\"article\" \/>\n<meta property=\"og:title\" content=\"Hydraulisches Oberlenkerventil-Schlauchset - Hydropartsholland\" \/>\n<meta property=\"og:description\" content=\"Schlauchsatz bereit f\u00fcr den Einbau in den hydraulischen Oberlenker. Schlauchl\u00e4nge 28,4&quot;. Arbeitsdruck 2610 PSI. 1\/2&quot;-Ventil-Schnellkupplung.\" \/>\n<meta property=\"og:url\" content=\"https:\/\/hydropartsholland.com\/de\/produkt\/hydraulik-oberlenkerventil-schlauchsatz\/\" \/>\n<meta property=\"og:site_name\" content=\"Hydropartsholland\" \/>\n<meta property=\"article:modified_time\" content=\"2025-03-11T11:21:53+00:00\" \/>\n<meta property=\"og:image\" content=\"https:\/\/hydropartsholland.com\/wp-content\/uploads\/2023\/05\/DSCF6502-copy-3-scaled.jpg\" \/>\n\t<meta property=\"og:image:width\" content=\"2560\" \/>\n\t<meta property=\"og:image:height\" content=\"2560\" \/>\n\t<meta property=\"og:image:type\" content=\"image\/jpeg\" \/>\n<meta name=\"twitter:card\" content=\"summary_large_image\" \/>\n<meta name=\"twitter:label1\" content=\"Gesch\u00e4tzte Lesezeit\" \/>\n\t<meta name=\"twitter:data1\" content=\"1\u00a0Minute\" \/>\n<script type=\"application\/ld+json\" class=\"yoast-schema-graph\">{\"@context\":\"https:\/\/schema.org\",\"@graph\":[{\"@type\":\"WebPage\",\"@id\":\"https:\/\/hydropartsholland.com\/de\/produkt\/hydraulik-oberlenkerventil-schlauchsatz\/\",\"url\":\"https:\/\/hydropartsholland.com\/de\/produkt\/hydraulik-oberlenkerventil-schlauchsatz\/\",\"name\":\"Hydraulisches Oberlenkerventil-Schlauchset - Hydropartsholland\",\"isPartOf\":{\"@id\":\"https:\/\/hydropartsholland.com\/#website\"},\"primaryImageOfPage\":{\"@id\":\"https:\/\/hydropartsholland.com\/de\/produkt\/hydraulik-oberlenkerventil-schlauchsatz\/#primaryimage\"},\"image\":{\"@id\":\"https:\/\/hydropartsholland.com\/de\/produkt\/hydraulik-oberlenkerventil-schlauchsatz\/#primaryimage\"},\"thumbnailUrl\":\"https:\/\/hydropartsholland.com\/wp-content\/uploads\/2023\/05\/DSCF6502-copy-3-scaled.jpg\",\"datePublished\":\"2025-07-22T13:49:30+00:00\",\"dateModified\":\"2025-03-11T11:21:53+00:00\",\"description\":\"Schlauchsatz bereit f\u00fcr den Einbau in den hydraulischen Oberlenker. Schlauchl\u00e4nge 28,4\\\". Arbeitsdruck 2610 PSI. 1\/2\\\"-Ventil-Schnellkupplung.\",\"breadcrumb\":{\"@id\":\"https:\/\/hydropartsholland.com\/de\/produkt\/hydraulik-oberlenkerventil-schlauchsatz\/#breadcrumb\"},\"inLanguage\":\"de\",\"potentialAction\":[{\"@type\":\"ReadAction\",\"target\":[\"https:\/\/hydropartsholland.com\/de\/produkt\/hydraulik-oberlenkerventil-schlauchsatz\/\"]}]},{\"@type\":\"ImageObject\",\"inLanguage\":\"de\",\"@id\":\"https:\/\/hydropartsholland.com\/de\/produkt\/hydraulik-oberlenkerventil-schlauchsatz\/#primaryimage\",\"url\":\"https:\/\/hydropartsholland.com\/wp-content\/uploads\/2023\/05\/DSCF6502-copy-3-scaled.jpg\",\"contentUrl\":\"https:\/\/hydropartsholland.com\/wp-content\/uploads\/2023\/05\/DSCF6502-copy-3-scaled.jpg\",\"width\":2560,\"height\":2560},{\"@type\":\"BreadcrumbList\",\"@id\":\"https:\/\/hydropartsholland.com\/de\/produkt\/hydraulik-oberlenkerventil-schlauchsatz\/#breadcrumb\",\"itemListElement\":[{\"@type\":\"ListItem\",\"position\":1,\"name\":\"Home\",\"item\":\"https:\/\/hydropartsholland.com\/\"},{\"@type\":\"ListItem\",\"position\":2,\"name\":\"Gesch\u00e4ft\",\"item\":\"https:\/\/hydropartsholland.com\/de\/shop-3\/\"},{\"@type\":\"ListItem\",\"position\":3,\"name\":\"Hydraulisches Oberlenkerventil-Schlauchset\"}]},{\"@type\":\"WebSite\",\"@id\":\"https:\/\/hydropartsholland.com\/#website\",\"url\":\"https:\/\/hydropartsholland.com\/\",\"name\":\"Hydropartsholland\",\"description\":\"\",\"publisher\":{\"@id\":\"https:\/\/hydropartsholland.com\/#organization\"},\"potentialAction\":[{\"@type\":\"SearchAction\",\"target\":{\"@type\":\"EntryPoint\",\"urlTemplate\":\"https:\/\/hydropartsholland.com\/?s={search_term_string}\"},\"query-input\":\"required name=search_term_string\"}],\"inLanguage\":\"de\"},{\"@type\":\"Organization\",\"@id\":\"https:\/\/hydropartsholland.com\/#organization\",\"name\":\"Spare Parts Holland\",\"url\":\"https:\/\/hydropartsholland.com\/\",\"logo\":{\"@type\":\"ImageObject\",\"inLanguage\":\"de\",\"@id\":\"https:\/\/hydropartsholland.com\/#\/schema\/logo\/image\/\",\"url\":\"https:\/\/hydropartsholland.com\/wp-content\/uploads\/2022\/06\/spareparts-1.png\",\"contentUrl\":\"https:\/\/hydropartsholland.com\/wp-content\/uploads\/2022\/06\/spareparts-1.png\",\"width\":824,\"height\":685,\"caption\":\"Spare Parts Holland\"},\"image\":{\"@id\":\"https:\/\/hydropartsholland.com\/#\/schema\/logo\/image\/\"}}]}<\/script>\n<!-- \/ Yoast SEO plugin. -->","yoast_head_json":{"title":"Hydraulisches Oberlenkerventil-Schlauchset - Hydropartsholland","description":"Schlauchsatz bereit f\u00fcr den Einbau in den hydraulischen Oberlenker. Schlauchl\u00e4nge 28,4\". Arbeitsdruck 2610 PSI. 1\/2\"-Ventil-Schnellkupplung.","robots":{"index":"index","follow":"follow","max-snippet":"max-snippet:-1","max-image-preview":"max-image-preview:large","max-video-preview":"max-video-preview:-1"},"canonical":"https:\/\/hydropartsholland.com\/de\/produkt\/hydraulik-oberlenkerventil-schlauchsatz\/","og_locale":"de_DE","og_type":"article","og_title":"Hydraulisches Oberlenkerventil-Schlauchset - Hydropartsholland","og_description":"Schlauchsatz bereit f\u00fcr den Einbau in den hydraulischen Oberlenker. Schlauchl\u00e4nge 28,4\". Arbeitsdruck 2610 PSI. 1\/2\"-Ventil-Schnellkupplung.","og_url":"https:\/\/hydropartsholland.com\/de\/produkt\/hydraulik-oberlenkerventil-schlauchsatz\/","og_site_name":"Hydropartsholland","article_modified_time":"2025-03-11T11:21:53+00:00","og_image":[{"width":2560,"height":2560,"url":"https:\/\/hydropartsholland.com\/wp-content\/uploads\/2023\/05\/DSCF6502-copy-3-scaled.jpg","type":"image\/jpeg"}],"twitter_card":"summary_large_image","twitter_misc":{"Gesch\u00e4tzte Lesezeit":"1\u00a0Minute"},"schema":{"@context":"https:\/\/schema.org","@graph":[{"@type":"WebPage","@id":"https:\/\/hydropartsholland.com\/de\/produkt\/hydraulik-oberlenkerventil-schlauchsatz\/","url":"https:\/\/hydropartsholland.com\/de\/produkt\/hydraulik-oberlenkerventil-schlauchsatz\/","name":"Hydraulisches Oberlenkerventil-Schlauchset - Hydropartsholland","isPartOf":{"@id":"https:\/\/hydropartsholland.com\/#website"},"primaryImageOfPage":{"@id":"https:\/\/hydropartsholland.com\/de\/produkt\/hydraulik-oberlenkerventil-schlauchsatz\/#primaryimage"},"image":{"@id":"https:\/\/hydropartsholland.com\/de\/produkt\/hydraulik-oberlenkerventil-schlauchsatz\/#primaryimage"},"thumbnailUrl":"https:\/\/hydropartsholland.com\/wp-content\/uploads\/2023\/05\/DSCF6502-copy-3-scaled.jpg","datePublished":"2025-07-22T13:49:30+00:00","dateModified":"2025-03-11T11:21:53+00:00","description":"Schlauchsatz bereit f\u00fcr den Einbau in den hydraulischen Oberlenker. Schlauchl\u00e4nge 28,4\". Arbeitsdruck 2610 PSI. 1\/2\"-Ventil-Schnellkupplung.","breadcrumb":{"@id":"https:\/\/hydropartsholland.com\/de\/produkt\/hydraulik-oberlenkerventil-schlauchsatz\/#breadcrumb"},"inLanguage":"de","potentialAction":[{"@type":"ReadAction","target":["https:\/\/hydropartsholland.com\/de\/produkt\/hydraulik-oberlenkerventil-schlauchsatz\/"]}]},{"@type":"ImageObject","inLanguage":"de","@id":"https:\/\/hydropartsholland.com\/de\/produkt\/hydraulik-oberlenkerventil-schlauchsatz\/#primaryimage","url":"https:\/\/hydropartsholland.com\/wp-content\/uploads\/2023\/05\/DSCF6502-copy-3-scaled.jpg","contentUrl":"https:\/\/hydropartsholland.com\/wp-content\/uploads\/2023\/05\/DSCF6502-copy-3-scaled.jpg","width":2560,"height":2560},{"@type":"BreadcrumbList","@id":"https:\/\/hydropartsholland.com\/de\/produkt\/hydraulik-oberlenkerventil-schlauchsatz\/#breadcrumb","itemListElement":[{"@type":"ListItem","position":1,"name":"Home","item":"https:\/\/hydropartsholland.com\/"},{"@type":"ListItem","position":2,"name":"Gesch\u00e4ft","item":"https:\/\/hydropartsholland.com\/de\/shop-3\/"},{"@type":"ListItem","position":3,"name":"Hydraulisches Oberlenkerventil-Schlauchset"}]},{"@type":"WebSite","@id":"https:\/\/hydropartsholland.com\/#website","url":"https:\/\/hydropartsholland.com\/","name":"Hydropartsholland","description":"","publisher":{"@id":"https:\/\/hydropartsholland.com\/#organization"},"potentialAction":[{"@type":"SearchAction","target":{"@type":"EntryPoint","urlTemplate":"https:\/\/hydropartsholland.com\/?s={search_term_string}"},"query-input":"required name=search_term_string"}],"inLanguage":"de"},{"@type":"Organization","@id":"https:\/\/hydropartsholland.com\/#organization","name":"Spare Parts Holland","url":"https:\/\/hydropartsholland.com\/","logo":{"@type":"ImageObject","inLanguage":"de","@id":"https:\/\/hydropartsholland.com\/#\/schema\/logo\/image\/","url":"https:\/\/hydropartsholland.com\/wp-content\/uploads\/2022\/06\/spareparts-1.png","contentUrl":"https:\/\/hydropartsholland.com\/wp-content\/uploads\/2022\/06\/spareparts-1.png","width":824,"height":685,"caption":"Spare Parts Holland"},"image":{"@id":"https:\/\/hydropartsholland.com\/#\/schema\/logo\/image\/"}}]}},"_links":{"self":[{"href":"https:\/\/hydropartsholland.com\/de\/wp-json\/wp\/v2\/product\/31014","targetHints":{"allow":["GET"]}}],"collection":[{"href":"https:\/\/hydropartsholland.com\/de\/wp-json\/wp\/v2\/product"}],"about":[{"href":"https:\/\/hydropartsholland.com\/de\/wp-json\/wp\/v2\/types\/product"}],"replies":[{"embeddable":true,"href":"https:\/\/hydropartsholland.com\/de\/wp-json\/wp\/v2\/comments?post=31014"}],"wp:featuredmedia":[{"embeddable":true,"href":"https:\/\/hydropartsholland.com\/de\/wp-json\/wp\/v2\/media\/30994"}],"wp:attachment":[{"href":"https:\/\/hydropartsholland.com\/de\/wp-json\/wp\/v2\/media?parent=31014"}],"wp:term":[{"taxonomy":"product_cat","embeddable":true,"href":"https:\/\/hydropartsholland.com\/de\/wp-json\/wp\/v2\/product_cat?post=31014"},{"taxonomy":"product_tag","embeddable":true,"href":"https:\/\/hydropartsholland.com\/de\/wp-json\/wp\/v2\/product_tag?post=31014"}],"curies":[{"name":"wp","href":"https:\/\/api.w.org\/{rel}","templated":true}]}}