{"id":13858,"date":"2025-07-22T14:49:55","date_gmt":"2025-07-22T13:49:55","guid":{"rendered":"https:\/\/hydropartsholland.com\/product\/doppeltwirkender-hydraulikzylinder-mit-querbuchsen-15-2-mehrere-varianten\/"},"modified":"2025-03-11T12:23:39","modified_gmt":"2025-03-11T11:23:39","slug":"doppeltwirkender-hydraulikzylinder-mit-querbuchsen","status":"publish","type":"product","link":"https:\/\/hydropartsholland.com\/de\/produkt\/doppeltwirkender-hydraulikzylinder-mit-querbuchsen\/","title":{"rendered":"Doppeltwirkender Hydraulikzylinder mit Querbuchse 1,5&#8243;- 2&#8243; (verschiedene Varianten)"},"content":{"rendered":"<p>Doppeltwirkender Hydraulikzylinder. Querrohr-Hydraulikzylinder, 1,5&#8243; und 2&#8243; Bohrung und verschiedene H\u00fcbe. Universelle Hydraulikzylinder (1,5&#215;12).<\/p>\n<ul class=\"a-unordered-list a-vertical a-spacing-mini\">\n<li><span class=\"a-list-item\">Dieser universelle Querrohr-Hydraulikzylinder ist ein perfekter Ersatz f\u00fcr Frontlader<\/span><\/li>\n<li><span class=\"a-list-item\">Rohr: Hochfestes, geschliffenes, kaltgezogenes Rohr<\/span><\/li>\n<li><span class=\"a-list-item\">Stab: Hochfester, geschliffener und polierter hartverchromter Stab CK45<\/span><\/li>\n<li><span class=\"a-list-item\">Stopfbuchse: Pr\u00e4zisionsgewindebuchse mit Verschlei\u00dfringen f\u00fcr lange Lebensdauer<\/span><\/li>\n<li><span class=\"a-list-item\">Kolben: Hochfester Stahl f\u00fcr schwere Anwendungen<\/span><\/li>\n<li><span class=\"a-list-item\">Basisenden: Endbefestigungen aus hochfestem, geschwei\u00dftem Stahl<\/span><\/li>\n<li><span class=\"a-list-item\">Kolbendichtungen: Hochwertige F\u00fcnf-Komponenten-Kompaktdichtungen f\u00fcr hervorragende Leistung<\/span><\/li>\n<li><span class=\"a-list-item\">Stangendichtungen: Standard-U-f\u00f6rmige Polyurethan-Stangendichtung mit innerem O-Ring, POM-C-Verschlei\u00dfringen und Polyurethan-Abstreifer<\/span><\/li>\n<li><span class=\"a-list-item\">Druck: 3500 PSI <\/span><\/li>\n<li><span class=\"a-list-item\">Farbe: Schwarz<\/span><\/li>\n<li><span class=\"a-list-item\">Anschl\u00fcsse: SAE 6 (O-Ring-Nabe)<\/span><\/li>\n<li><span class=\"a-list-item\">Druck: 3500 PSI<\/span><\/li>\n<li><span class=\"a-list-item\">S\u00e4ulenlast: 5.300 LBs, geschwei\u00dfter Hydraulikzylinder<\/span><\/li>\n<\/ul>\n<div class=\"a-row a-expander-container a-expander-inline-container\">\n<div class=\"a-expander-content a-expander-extend-content a-expander-content-expanded\" aria-expanded=\"true\"><\/div>\n<\/div>\n","protected":false},"excerpt":{"rendered":"<ul class=\"a-unordered-list a-vertical a-spacing-mini\">\n<li><span class=\"a-list-item\">Druck: 3500 PSI <\/span><\/li>\n<li><span class=\"a-list-item\">Painted black<\/span><\/li>\n<li><span class=\"a-list-item\">Anschl\u00fcsse: SAE 6 (O-Ring-Nabe)<\/span><\/li>\n<li><span class=\"a-list-item\">Druck: 3500 PSI<\/span><\/li>\n<li><span class=\"a-list-item\">S\u00e4ulenlast: 5.300 LBs<\/span><\/li>\n<li><span class=\"a-list-item\">Geschwei\u00dfter Hydraulikzylinder<\/span><\/li>\n<\/ul>\n","protected":false},"featured_media":13684,"comment_status":"open","ping_status":"closed","template":"","meta":{"inline_featured_image":false},"product_cat":[2188],"product_tag":[],"class_list":{"0":"post-13858","1":"product","2":"type-product","3":"status-publish","4":"has-post-thumbnail","6":"product_cat-hydraulische-zylinder","8":"first","9":"instock","10":"taxable","11":"shipping-taxable","12":"purchasable","13":"product-type-variable"},"yoast_head":"<!-- This site is optimized with the Yoast SEO plugin v23.3 - https:\/\/yoast.com\/wordpress\/plugins\/seo\/ -->\n<title>Doppeltwirkender Hydraulikzylinder mit Querbuchse 1,5&quot;- 2&quot; (verschiedene Varianten) - Hydropartsholland<\/title>\n<meta name=\"description\" content=\"Unsere Hydraulikzylinder bestehen aus hochwertigem Stahl und sind eine clevere L\u00f6sung zum Austausch defekter Zylinder. Verschiedene Varianten.\" \/>\n<meta name=\"robots\" content=\"index, follow, max-snippet:-1, max-image-preview:large, max-video-preview:-1\" \/>\n<link rel=\"canonical\" href=\"https:\/\/hydropartsholland.com\/de\/produkt\/doppeltwirkender-hydraulikzylinder-mit-querbuchsen\/\" \/>\n<meta property=\"og:locale\" content=\"de_DE\" \/>\n<meta property=\"og:type\" content=\"article\" \/>\n<meta property=\"og:title\" content=\"Doppeltwirkender Hydraulikzylinder mit Querbuchse 1,5&quot;- 2&quot; (verschiedene Varianten) - Hydropartsholland\" \/>\n<meta property=\"og:description\" content=\"Unsere Hydraulikzylinder bestehen aus hochwertigem Stahl und sind eine clevere L\u00f6sung zum Austausch defekter Zylinder. Verschiedene Varianten.\" \/>\n<meta property=\"og:url\" content=\"https:\/\/hydropartsholland.com\/de\/produkt\/doppeltwirkender-hydraulikzylinder-mit-querbuchsen\/\" \/>\n<meta property=\"og:site_name\" content=\"Hydropartsholland\" \/>\n<meta property=\"article:modified_time\" content=\"2025-03-11T11:23:39+00:00\" \/>\n<meta property=\"og:image\" content=\"https:\/\/hydropartsholland.com\/wp-content\/uploads\/2023\/01\/41DnmWoGmNL.jpg\" \/>\n\t<meta property=\"og:image:width\" content=\"817\" \/>\n\t<meta property=\"og:image:height\" content=\"802\" \/>\n\t<meta property=\"og:image:type\" content=\"image\/jpeg\" \/>\n<meta name=\"twitter:card\" content=\"summary_large_image\" \/>\n<meta name=\"twitter:label1\" content=\"Gesch\u00e4tzte Lesezeit\" \/>\n\t<meta name=\"twitter:data1\" content=\"1\u00a0Minute\" \/>\n<script type=\"application\/ld+json\" class=\"yoast-schema-graph\">{\"@context\":\"https:\/\/schema.org\",\"@graph\":[{\"@type\":\"WebPage\",\"@id\":\"https:\/\/hydropartsholland.com\/de\/produkt\/doppeltwirkender-hydraulikzylinder-mit-querbuchsen\/\",\"url\":\"https:\/\/hydropartsholland.com\/de\/produkt\/doppeltwirkender-hydraulikzylinder-mit-querbuchsen\/\",\"name\":\"Doppeltwirkender Hydraulikzylinder mit Querbuchse 1,5\\\"- 2\\\" (verschiedene Varianten) - Hydropartsholland\",\"isPartOf\":{\"@id\":\"https:\/\/hydropartsholland.com\/#website\"},\"primaryImageOfPage\":{\"@id\":\"https:\/\/hydropartsholland.com\/de\/produkt\/doppeltwirkender-hydraulikzylinder-mit-querbuchsen\/#primaryimage\"},\"image\":{\"@id\":\"https:\/\/hydropartsholland.com\/de\/produkt\/doppeltwirkender-hydraulikzylinder-mit-querbuchsen\/#primaryimage\"},\"thumbnailUrl\":\"https:\/\/hydropartsholland.com\/wp-content\/uploads\/2023\/01\/41DnmWoGmNL.jpg\",\"datePublished\":\"2025-07-22T13:49:55+00:00\",\"dateModified\":\"2025-03-11T11:23:39+00:00\",\"description\":\"Unsere Hydraulikzylinder bestehen aus hochwertigem Stahl und sind eine clevere L\u00f6sung zum Austausch defekter Zylinder. Verschiedene Varianten.\",\"breadcrumb\":{\"@id\":\"https:\/\/hydropartsholland.com\/de\/produkt\/doppeltwirkender-hydraulikzylinder-mit-querbuchsen\/#breadcrumb\"},\"inLanguage\":\"de\",\"potentialAction\":[{\"@type\":\"ReadAction\",\"target\":[\"https:\/\/hydropartsholland.com\/de\/produkt\/doppeltwirkender-hydraulikzylinder-mit-querbuchsen\/\"]}]},{\"@type\":\"ImageObject\",\"inLanguage\":\"de\",\"@id\":\"https:\/\/hydropartsholland.com\/de\/produkt\/doppeltwirkender-hydraulikzylinder-mit-querbuchsen\/#primaryimage\",\"url\":\"https:\/\/hydropartsholland.com\/wp-content\/uploads\/2023\/01\/41DnmWoGmNL.jpg\",\"contentUrl\":\"https:\/\/hydropartsholland.com\/wp-content\/uploads\/2023\/01\/41DnmWoGmNL.jpg\",\"width\":817,\"height\":802},{\"@type\":\"BreadcrumbList\",\"@id\":\"https:\/\/hydropartsholland.com\/de\/produkt\/doppeltwirkender-hydraulikzylinder-mit-querbuchsen\/#breadcrumb\",\"itemListElement\":[{\"@type\":\"ListItem\",\"position\":1,\"name\":\"Home\",\"item\":\"https:\/\/hydropartsholland.com\/\"},{\"@type\":\"ListItem\",\"position\":2,\"name\":\"Gesch\u00e4ft\",\"item\":\"https:\/\/hydropartsholland.com\/de\/shop-3\/\"},{\"@type\":\"ListItem\",\"position\":3,\"name\":\"Doppeltwirkender Hydraulikzylinder mit Querbuchse 1,5&#8243;- 2&#8243; (verschiedene Varianten)\"}]},{\"@type\":\"WebSite\",\"@id\":\"https:\/\/hydropartsholland.com\/#website\",\"url\":\"https:\/\/hydropartsholland.com\/\",\"name\":\"Hydropartsholland\",\"description\":\"\",\"publisher\":{\"@id\":\"https:\/\/hydropartsholland.com\/#organization\"},\"potentialAction\":[{\"@type\":\"SearchAction\",\"target\":{\"@type\":\"EntryPoint\",\"urlTemplate\":\"https:\/\/hydropartsholland.com\/?s={search_term_string}\"},\"query-input\":\"required name=search_term_string\"}],\"inLanguage\":\"de\"},{\"@type\":\"Organization\",\"@id\":\"https:\/\/hydropartsholland.com\/#organization\",\"name\":\"Spare Parts Holland\",\"url\":\"https:\/\/hydropartsholland.com\/\",\"logo\":{\"@type\":\"ImageObject\",\"inLanguage\":\"de\",\"@id\":\"https:\/\/hydropartsholland.com\/#\/schema\/logo\/image\/\",\"url\":\"https:\/\/hydropartsholland.com\/wp-content\/uploads\/2022\/06\/spareparts-1.png\",\"contentUrl\":\"https:\/\/hydropartsholland.com\/wp-content\/uploads\/2022\/06\/spareparts-1.png\",\"width\":824,\"height\":685,\"caption\":\"Spare Parts Holland\"},\"image\":{\"@id\":\"https:\/\/hydropartsholland.com\/#\/schema\/logo\/image\/\"}}]}<\/script>\n<!-- \/ Yoast SEO plugin. -->","yoast_head_json":{"title":"Doppeltwirkender Hydraulikzylinder mit Querbuchse 1,5\"- 2\" (verschiedene Varianten) - Hydropartsholland","description":"Unsere Hydraulikzylinder bestehen aus hochwertigem Stahl und sind eine clevere L\u00f6sung zum Austausch defekter Zylinder. Verschiedene Varianten.","robots":{"index":"index","follow":"follow","max-snippet":"max-snippet:-1","max-image-preview":"max-image-preview:large","max-video-preview":"max-video-preview:-1"},"canonical":"https:\/\/hydropartsholland.com\/de\/produkt\/doppeltwirkender-hydraulikzylinder-mit-querbuchsen\/","og_locale":"de_DE","og_type":"article","og_title":"Doppeltwirkender Hydraulikzylinder mit Querbuchse 1,5\"- 2\" (verschiedene Varianten) - Hydropartsholland","og_description":"Unsere Hydraulikzylinder bestehen aus hochwertigem Stahl und sind eine clevere L\u00f6sung zum Austausch defekter Zylinder. Verschiedene Varianten.","og_url":"https:\/\/hydropartsholland.com\/de\/produkt\/doppeltwirkender-hydraulikzylinder-mit-querbuchsen\/","og_site_name":"Hydropartsholland","article_modified_time":"2025-03-11T11:23:39+00:00","og_image":[{"width":817,"height":802,"url":"https:\/\/hydropartsholland.com\/wp-content\/uploads\/2023\/01\/41DnmWoGmNL.jpg","type":"image\/jpeg"}],"twitter_card":"summary_large_image","twitter_misc":{"Gesch\u00e4tzte Lesezeit":"1\u00a0Minute"},"schema":{"@context":"https:\/\/schema.org","@graph":[{"@type":"WebPage","@id":"https:\/\/hydropartsholland.com\/de\/produkt\/doppeltwirkender-hydraulikzylinder-mit-querbuchsen\/","url":"https:\/\/hydropartsholland.com\/de\/produkt\/doppeltwirkender-hydraulikzylinder-mit-querbuchsen\/","name":"Doppeltwirkender Hydraulikzylinder mit Querbuchse 1,5\"- 2\" (verschiedene Varianten) - Hydropartsholland","isPartOf":{"@id":"https:\/\/hydropartsholland.com\/#website"},"primaryImageOfPage":{"@id":"https:\/\/hydropartsholland.com\/de\/produkt\/doppeltwirkender-hydraulikzylinder-mit-querbuchsen\/#primaryimage"},"image":{"@id":"https:\/\/hydropartsholland.com\/de\/produkt\/doppeltwirkender-hydraulikzylinder-mit-querbuchsen\/#primaryimage"},"thumbnailUrl":"https:\/\/hydropartsholland.com\/wp-content\/uploads\/2023\/01\/41DnmWoGmNL.jpg","datePublished":"2025-07-22T13:49:55+00:00","dateModified":"2025-03-11T11:23:39+00:00","description":"Unsere Hydraulikzylinder bestehen aus hochwertigem Stahl und sind eine clevere L\u00f6sung zum Austausch defekter Zylinder. Verschiedene Varianten.","breadcrumb":{"@id":"https:\/\/hydropartsholland.com\/de\/produkt\/doppeltwirkender-hydraulikzylinder-mit-querbuchsen\/#breadcrumb"},"inLanguage":"de","potentialAction":[{"@type":"ReadAction","target":["https:\/\/hydropartsholland.com\/de\/produkt\/doppeltwirkender-hydraulikzylinder-mit-querbuchsen\/"]}]},{"@type":"ImageObject","inLanguage":"de","@id":"https:\/\/hydropartsholland.com\/de\/produkt\/doppeltwirkender-hydraulikzylinder-mit-querbuchsen\/#primaryimage","url":"https:\/\/hydropartsholland.com\/wp-content\/uploads\/2023\/01\/41DnmWoGmNL.jpg","contentUrl":"https:\/\/hydropartsholland.com\/wp-content\/uploads\/2023\/01\/41DnmWoGmNL.jpg","width":817,"height":802},{"@type":"BreadcrumbList","@id":"https:\/\/hydropartsholland.com\/de\/produkt\/doppeltwirkender-hydraulikzylinder-mit-querbuchsen\/#breadcrumb","itemListElement":[{"@type":"ListItem","position":1,"name":"Home","item":"https:\/\/hydropartsholland.com\/"},{"@type":"ListItem","position":2,"name":"Gesch\u00e4ft","item":"https:\/\/hydropartsholland.com\/de\/shop-3\/"},{"@type":"ListItem","position":3,"name":"Doppeltwirkender Hydraulikzylinder mit Querbuchse 1,5&#8243;- 2&#8243; (verschiedene Varianten)"}]},{"@type":"WebSite","@id":"https:\/\/hydropartsholland.com\/#website","url":"https:\/\/hydropartsholland.com\/","name":"Hydropartsholland","description":"","publisher":{"@id":"https:\/\/hydropartsholland.com\/#organization"},"potentialAction":[{"@type":"SearchAction","target":{"@type":"EntryPoint","urlTemplate":"https:\/\/hydropartsholland.com\/?s={search_term_string}"},"query-input":"required name=search_term_string"}],"inLanguage":"de"},{"@type":"Organization","@id":"https:\/\/hydropartsholland.com\/#organization","name":"Spare Parts Holland","url":"https:\/\/hydropartsholland.com\/","logo":{"@type":"ImageObject","inLanguage":"de","@id":"https:\/\/hydropartsholland.com\/#\/schema\/logo\/image\/","url":"https:\/\/hydropartsholland.com\/wp-content\/uploads\/2022\/06\/spareparts-1.png","contentUrl":"https:\/\/hydropartsholland.com\/wp-content\/uploads\/2022\/06\/spareparts-1.png","width":824,"height":685,"caption":"Spare Parts Holland"},"image":{"@id":"https:\/\/hydropartsholland.com\/#\/schema\/logo\/image\/"}}]}},"_links":{"self":[{"href":"https:\/\/hydropartsholland.com\/de\/wp-json\/wp\/v2\/product\/13858","targetHints":{"allow":["GET"]}}],"collection":[{"href":"https:\/\/hydropartsholland.com\/de\/wp-json\/wp\/v2\/product"}],"about":[{"href":"https:\/\/hydropartsholland.com\/de\/wp-json\/wp\/v2\/types\/product"}],"replies":[{"embeddable":true,"href":"https:\/\/hydropartsholland.com\/de\/wp-json\/wp\/v2\/comments?post=13858"}],"wp:featuredmedia":[{"embeddable":true,"href":"https:\/\/hydropartsholland.com\/de\/wp-json\/wp\/v2\/media\/13684"}],"wp:attachment":[{"href":"https:\/\/hydropartsholland.com\/de\/wp-json\/wp\/v2\/media?parent=13858"}],"wp:term":[{"taxonomy":"product_cat","embeddable":true,"href":"https:\/\/hydropartsholland.com\/de\/wp-json\/wp\/v2\/product_cat?post=13858"},{"taxonomy":"product_tag","embeddable":true,"href":"https:\/\/hydropartsholland.com\/de\/wp-json\/wp\/v2\/product_tag?post=13858"}],"curies":[{"name":"wp","href":"https:\/\/api.w.org\/{rel}","templated":true}]}}