{"id":21877,"date":"2023-04-19T08:54:23","date_gmt":"2023-04-19T07:54:23","guid":{"rendered":"https:\/\/hydropartsholland.com\/haeufig-gestellte-fragen\/kundendienst\/"},"modified":"2023-04-20T09:23:43","modified_gmt":"2023-04-20T08:23:43","slug":"kundendienst","status":"publish","type":"page","link":"https:\/\/hydropartsholland.com\/de\/haeufig-gestellte-fragen\/kundendienst\/","title":{"rendered":"Kundendienst"},"content":{"rendered":"\t\t<div data-elementor-type=\"wp-page\" data-elementor-id=\"21877\" class=\"elementor elementor-21877 elementor-21467\">\n\t\t\t\t\t\t<section class=\"elementor-section elementor-top-section elementor-element elementor-element-3674c43 elementor-section-boxed elementor-section-height-default elementor-section-height-default\" data-id=\"3674c43\" data-element_type=\"section\">\n\t\t\t\t\t\t<div class=\"elementor-container elementor-column-gap-default\">\n\t\t\t\t\t<div class=\"elementor-column elementor-col-100 elementor-top-column elementor-element elementor-element-846c62a\" data-id=\"846c62a\" data-element_type=\"column\">\n\t\t\t<div class=\"elementor-widget-wrap elementor-element-populated\">\n\t\t\t\t\t\t<div class=\"elementor-element elementor-element-b585c0b elementor-widget elementor-widget-elementor_faq_widget\" data-id=\"b585c0b\" data-element_type=\"widget\" data-widget_type=\"elementor_faq_widget.default\">\n\t\t\t\t<div class=\"elementor-widget-container\">\n\t\t\t        <div class=\"faq-container\">\n            <div class=\"faq-titles-container\">\n                                    <div class=\"faq-title\">Kundendienst<\/div>\n                                                    <div class=\"faq-description\"><p>Bei Sparepartsholland helfen wir Ihnen gerne bei all Ihren Fragen. Zweifeln Sie, ob ein Teil f\u00fcr Ihre Maschine geeignet ist oder m\u00f6chten Sie wissen, wie schnell Sie mit Ihrer Bestellung rechnen k\u00f6nnen? Stellen Sie einfach alle Ihre Fragen \u00fcber einen der folgenden Wege.<\/p><\/div>\n                            <\/div>\n\n                            <div class=\"faq-item-container-flex\">\n                                            <div class=\"faq-item-flex\">\n                            \t\t\t\t\t\t<style>\r\n\t\t\t\t<style>\r\n#wpsm_accordion_21951 .wpsm_panel-heading{\r\n\tpadding:0px !important;\r\n}\r\n#wpsm_accordion_21951 .wpsm_panel-title {\r\n\tmargin:0px !important; \r\n\ttext-transform:none !important;\r\n\tline-height: 1 !important;\r\n}\r\n#wpsm_accordion_21951 .wpsm_panel-title a{\r\n\ttext-decoration:none;\r\n\toverflow:hidden;\r\n\tdisplay:block;\r\n\tpadding:0px;\r\n\tfont-size: 16px !important;\r\n\tfont-family: Open Sans !important;\r\n\tcolor:#ffffff !important;\r\n\tborder-bottom:0px !important;\r\n}\r\n\r\n#wpsm_accordion_21951 .wpsm_panel-title a:focus {\r\noutline: 0px !important;\r\n}\r\n\r\n#wpsm_accordion_21951 .wpsm_panel-title a:hover, #wpsm_accordion_21951 .wpsm_panel-title a:focus {\r\n\tcolor:#ffffff !important;\r\n}\r\n#wpsm_accordion_21951 .acc-a{\r\n\tcolor: #ffffff !important;\r\n\tbackground-color:#ec6707 !important;\r\n\tborder-color: #ddd;\r\n}\r\n#wpsm_accordion_21951 .wpsm_panel-default > .wpsm_panel-heading{\r\n\tcolor: #ffffff !important;\r\n\tbackground-color: #ec6707 !important;\r\n\tborder-color: #ec6707 !important;\r\n\tborder-top-left-radius: 0px;\r\n\tborder-top-right-radius: 0px;\r\n}\r\n#wpsm_accordion_21951 .wpsm_panel-default {\r\n\t\tborder:1px solid transparent !important;\r\n\t}\r\n#wpsm_accordion_21951 {\r\n\tmargin-bottom: 20px;\r\n\toverflow: hidden;\r\n\tfloat: none;\r\n\twidth: 100%;\r\n\tdisplay: block;\r\n}\r\n#wpsm_accordion_21951 .ac_title_class{\r\n\tdisplay: block;\r\n\tpadding-top: 12px;\r\n\tpadding-bottom: 12px;\r\n\tpadding-left: 15px;\r\n\tpadding-right: 15px;\r\n}\r\n#wpsm_accordion_21951  .wpsm_panel {\r\n\toverflow:hidden;\r\n\t-webkit-box-shadow: 0 0px 0px rgba(0, 0, 0, .05);\r\n\tbox-shadow: 0 0px 0px rgba(0, 0, 0, .05);\r\n\t\tborder-radius: 4px;\r\n\t}\r\n#wpsm_accordion_21951  .wpsm_panel + .wpsm_panel {\r\n\t\tmargin-top: 5px;\r\n\t}\r\n#wpsm_accordion_21951  .wpsm_panel-body{\r\n\tbackground-color:#ffffff !important;\r\n\tcolor:#000000 !important;\r\n\tborder-top-color: #ec6707 !important;\r\n\tfont-size:14px !important;\r\n\tfont-family: Open Sans !important;\r\n\toverflow: hidden;\r\n\t\tborder: 2px solid #ec6707 !important;\r\n\t}\r\n\r\n#wpsm_accordion_21951 .ac_open_cl_icon{\r\n\tbackground-color:#ec6707 !important;\r\n\tcolor: #ffffff !important;\r\n\tfloat:right !important;\r\n\tpadding-top: 12px !important;\r\n\tpadding-bottom: 12px !important;\r\n\tline-height: 1.0 !important;\r\n\tpadding-left: 15px !important;\r\n\tpadding-right: 15px !important;\r\n\tdisplay: inline-block !important;\r\n}\r\n\r\n\t\t\t\r\n\t\t\t<\/style>\t\r\n\t\t\t<\/style>\r\n\t\t\t<div class=\"wpsm_panel-group\" id=\"wpsm_accordion_21951\" >\r\n\t\t\t\t\t\t\t\t\r\n\t\t\t\t\t<!-- Inner panel Start -->\r\n\t\t\t\t\t<div class=\"wpsm_panel wpsm_panel-default\">\r\n\t\t\t\t\t\t<div class=\"wpsm_panel-heading\" role=\"tab\" >\r\n\t\t\t\t\t\t  <h4 class=\"wpsm_panel-title\">\r\n\t\t\t\t\t\t\t<a  class=\"\"  data-toggle=\"collapse\" data-parent=\"#wpsm_accordion_21951 \" href=\"javascript:void(0)\" data-target=\"#ac_21951_collapse1\" onclick=\"do_resize()\">\r\n\t\t\t\t\t\t\t\t\t\t\t\t\t\t\t\t\t<span class=\"ac_open_cl_icon fa fa-minus\"><\/span>\r\n\t\t\t\t\t\t\t\t\t\r\n\t\t\t\t\t\t\t\t \r\n\t\t\t\t\t\t\t\t<span class=\"ac_title_class\">\r\n\t\t\t\t\t\t\t\t\tWhatsApp\t\t\t\t\t\t\t\t<\/span>\r\n\t\t\t\t\t\t\t<\/a>\r\n\t\t\t\t\t\t  <\/h4>\r\n\t\t\t\t\t\t<\/div>\r\n\t\t\t\t\t\t<div id=\"ac_21951_collapse1\" class=\"wpsm_panel-collapse collapse in\"  >\r\n\t\t\t\t\t\t  <div class=\"wpsm_panel-body\">\r\n\t\t\t\t\t\t\tDer vielleicht einfachste Weg, Ihre Frage zu stellen, ist \u00fcber Whatsapp. Oft haben Sie innerhalb von 30 Minuten eine Antwort auf Ihre Fragen. Dies h\u00e4ngt nat\u00fcrlich davon ab, wann Sie uns eine Nachricht senden.\t\t\t\t\t\t  <\/div>\r\n\t\t\t\t\t\t<\/div>\r\n\t\t\t\t\t<\/div>\r\n\t\t\t\t\t<!-- Inner panel End -->\r\n\t\t\t\t\t\r\n\t\t\t\t\t\t\t\t\r\n\t\t\t\t\t<!-- Inner panel Start -->\r\n\t\t\t\t\t<div class=\"wpsm_panel wpsm_panel-default\">\r\n\t\t\t\t\t\t<div class=\"wpsm_panel-heading\" role=\"tab\" >\r\n\t\t\t\t\t\t  <h4 class=\"wpsm_panel-title\">\r\n\t\t\t\t\t\t\t<a  class=\"collapsed\"  data-toggle=\"collapse\" data-parent=\"#wpsm_accordion_21951 \" href=\"javascript:void(0)\" data-target=\"#ac_21951_collapse2\" onclick=\"do_resize()\">\r\n\t\t\t\t\t\t\t\t\t\t\t\t\t\t\t\t\t<span class=\"ac_open_cl_icon fa fa-plus\"><\/span>\r\n\t\t\t\t\t\t\t\t\t\r\n\t\t\t\t\t\t\t\t \r\n\t\t\t\t\t\t\t\t<span class=\"ac_title_class\">\r\n\t\t\t\t\t\t\t\t\tEmail\t\t\t\t\t\t\t\t<\/span>\r\n\t\t\t\t\t\t\t<\/a>\r\n\t\t\t\t\t\t  <\/h4>\r\n\t\t\t\t\t\t<\/div>\r\n\t\t\t\t\t\t<div id=\"ac_21951_collapse2\" class=\"wpsm_panel-collapse collapse \"  >\r\n\t\t\t\t\t\t  <div class=\"wpsm_panel-body\">\r\n\t\t\t\t\t\t\tSie m\u00f6chten Ihre Frage lieber per E-Mail stellen? Sparepartsholland bem\u00fcht sich, Ihre Post so schnell wie m\u00f6glich zu bearbeiten. Sie erhalten oft innerhalb von 1 Stunde eine Antwort.<br><br>\r\n\r\nUm Ihre Frage per E-Mail zu senden, senden Sie uns bitte eine E-Mail an <a href=\"mailto:info@sparepartsholland.nl\">info@sparepartsholland.nl<\/a>.\r\n\t\t\t\t\t\t  <\/div>\r\n\t\t\t\t\t\t<\/div>\r\n\t\t\t\t\t<\/div>\r\n\t\t\t\t\t<!-- Inner panel End -->\r\n\t\t\t\t\t\r\n\t\t\t\t\t\t\t<\/div>\r\n\t\t\t\r\n<script type=\"text\/javascript\">\r\n\t\r\n\t\tfunction do_resize(){\r\n\r\n\t\t\tvar width=jQuery( '.wpsm_panel .wpsm_panel-body iframe' ).width();\r\n\t\t\tvar height=jQuery( '.wpsm_panel .wpsm_panel-body iframe' ).height();\r\n\r\n\t\t\tvar toggleSize = true;\r\n\t\t\tjQuery('iframe').animate({\r\n\t\t\t    width: toggleSize ? width : 640,\r\n\t\t\t    height: toggleSize ? height : 360\r\n\t\t\t  }, 250);\r\n\r\n\t\t\t  toggleSize = !toggleSize;\r\n\t\t}\r\n\t\t\r\n<\/script>\t                        <\/div>\n                                    <\/div>\n                    <\/div>\n\t\t<\/div>\n\t\t\t\t<\/div>\n\t\t\t\t\t<\/div>\n\t\t<\/div>\n\t\t\t\t\t<\/div>\n\t\t<\/section>\n\t\t\t\t<\/div>\n\t\t","protected":false},"excerpt":{"rendered":"<p>Kundendienst Bei Sparepartsholland helfen wir Ihnen gerne bei all Ihren Fragen. Zweifeln Sie, ob ein Teil f\u00fcr Ihre Maschine geeignet ist oder m\u00f6chten Sie wissen, wie schnell Sie mit Ihrer Bestellung rechnen k\u00f6nnen? Stellen Sie einfach alle Ihre Fragen \u00fcber einen der folgenden Wege.<\/p>\n","protected":false},"author":10,"featured_media":0,"parent":4985,"menu_order":0,"comment_status":"closed","ping_status":"closed","template":"","meta":{"inline_featured_image":false,"footnotes":""},"class_list":["post-21877","page","type-page","status-publish","hentry"],"yoast_head":"<!-- This site is optimized with the Yoast SEO plugin v23.3 - https:\/\/yoast.com\/wordpress\/plugins\/seo\/ -->\n<title>Kundendienst - Hydropartsholland<\/title>\n<meta name=\"robots\" content=\"index, follow, max-snippet:-1, max-image-preview:large, max-video-preview:-1\" \/>\n<link rel=\"canonical\" href=\"https:\/\/hydropartsholland.com\/de\/haeufig-gestellte-fragen\/kundendienst\/\" \/>\n<meta property=\"og:locale\" content=\"de_DE\" \/>\n<meta property=\"og:type\" content=\"article\" \/>\n<meta property=\"og:title\" content=\"Kundendienst - Hydropartsholland\" \/>\n<meta property=\"og:description\" content=\"Kundendienst Bei Sparepartsholland helfen wir Ihnen gerne bei all Ihren Fragen. Zweifeln Sie, ob ein Teil f\u00fcr Ihre Maschine geeignet ist oder m\u00f6chten Sie wissen, wie schnell Sie mit Ihrer Bestellung rechnen k\u00f6nnen? Stellen Sie einfach alle Ihre Fragen \u00fcber einen der folgenden Wege.\" \/>\n<meta property=\"og:url\" content=\"https:\/\/hydropartsholland.com\/de\/haeufig-gestellte-fragen\/kundendienst\/\" \/>\n<meta property=\"og:site_name\" content=\"Hydropartsholland\" \/>\n<meta property=\"article:modified_time\" content=\"2023-04-20T08:23:43+00:00\" \/>\n<meta name=\"twitter:card\" content=\"summary_large_image\" \/>\n<meta name=\"twitter:label1\" content=\"Gesch\u00e4tzte Lesezeit\" \/>\n\t<meta name=\"twitter:data1\" content=\"1\u00a0Minute\" \/>\n<script type=\"application\/ld+json\" class=\"yoast-schema-graph\">{\"@context\":\"https:\/\/schema.org\",\"@graph\":[{\"@type\":\"WebPage\",\"@id\":\"https:\/\/hydropartsholland.com\/de\/haeufig-gestellte-fragen\/kundendienst\/\",\"url\":\"https:\/\/hydropartsholland.com\/de\/haeufig-gestellte-fragen\/kundendienst\/\",\"name\":\"Kundendienst - Hydropartsholland\",\"isPartOf\":{\"@id\":\"https:\/\/hydropartsholland.com\/#website\"},\"datePublished\":\"2023-04-19T07:54:23+00:00\",\"dateModified\":\"2023-04-20T08:23:43+00:00\",\"breadcrumb\":{\"@id\":\"https:\/\/hydropartsholland.com\/de\/haeufig-gestellte-fragen\/kundendienst\/#breadcrumb\"},\"inLanguage\":\"de\",\"potentialAction\":[{\"@type\":\"ReadAction\",\"target\":[\"https:\/\/hydropartsholland.com\/de\/haeufig-gestellte-fragen\/kundendienst\/\"]}]},{\"@type\":\"BreadcrumbList\",\"@id\":\"https:\/\/hydropartsholland.com\/de\/haeufig-gestellte-fragen\/kundendienst\/#breadcrumb\",\"itemListElement\":[{\"@type\":\"ListItem\",\"position\":1,\"name\":\"Home\",\"item\":\"https:\/\/hydropartsholland.com\/\"},{\"@type\":\"ListItem\",\"position\":2,\"name\":\"H\u00e4ufig gestellte Fragen\",\"item\":\"https:\/\/hydropartsholland.com\/de\/haeufig-gestellte-fragen\/\"},{\"@type\":\"ListItem\",\"position\":3,\"name\":\"Kundendienst\"}]},{\"@type\":\"WebSite\",\"@id\":\"https:\/\/hydropartsholland.com\/#website\",\"url\":\"https:\/\/hydropartsholland.com\/\",\"name\":\"Hydropartsholland\",\"description\":\"\",\"publisher\":{\"@id\":\"https:\/\/hydropartsholland.com\/#organization\"},\"potentialAction\":[{\"@type\":\"SearchAction\",\"target\":{\"@type\":\"EntryPoint\",\"urlTemplate\":\"https:\/\/hydropartsholland.com\/?s={search_term_string}\"},\"query-input\":\"required name=search_term_string\"}],\"inLanguage\":\"de\"},{\"@type\":\"Organization\",\"@id\":\"https:\/\/hydropartsholland.com\/#organization\",\"name\":\"Spare Parts Holland\",\"url\":\"https:\/\/hydropartsholland.com\/\",\"logo\":{\"@type\":\"ImageObject\",\"inLanguage\":\"de\",\"@id\":\"https:\/\/hydropartsholland.com\/#\/schema\/logo\/image\/\",\"url\":\"https:\/\/hydropartsholland.com\/wp-content\/uploads\/2022\/06\/spareparts-1.png\",\"contentUrl\":\"https:\/\/hydropartsholland.com\/wp-content\/uploads\/2022\/06\/spareparts-1.png\",\"width\":824,\"height\":685,\"caption\":\"Spare Parts Holland\"},\"image\":{\"@id\":\"https:\/\/hydropartsholland.com\/#\/schema\/logo\/image\/\"}}]}<\/script>\n<!-- \/ Yoast SEO plugin. -->","yoast_head_json":{"title":"Kundendienst - Hydropartsholland","robots":{"index":"index","follow":"follow","max-snippet":"max-snippet:-1","max-image-preview":"max-image-preview:large","max-video-preview":"max-video-preview:-1"},"canonical":"https:\/\/hydropartsholland.com\/de\/haeufig-gestellte-fragen\/kundendienst\/","og_locale":"de_DE","og_type":"article","og_title":"Kundendienst - Hydropartsholland","og_description":"Kundendienst Bei Sparepartsholland helfen wir Ihnen gerne bei all Ihren Fragen. Zweifeln Sie, ob ein Teil f\u00fcr Ihre Maschine geeignet ist oder m\u00f6chten Sie wissen, wie schnell Sie mit Ihrer Bestellung rechnen k\u00f6nnen? Stellen Sie einfach alle Ihre Fragen \u00fcber einen der folgenden Wege.","og_url":"https:\/\/hydropartsholland.com\/de\/haeufig-gestellte-fragen\/kundendienst\/","og_site_name":"Hydropartsholland","article_modified_time":"2023-04-20T08:23:43+00:00","twitter_card":"summary_large_image","twitter_misc":{"Gesch\u00e4tzte Lesezeit":"1\u00a0Minute"},"schema":{"@context":"https:\/\/schema.org","@graph":[{"@type":"WebPage","@id":"https:\/\/hydropartsholland.com\/de\/haeufig-gestellte-fragen\/kundendienst\/","url":"https:\/\/hydropartsholland.com\/de\/haeufig-gestellte-fragen\/kundendienst\/","name":"Kundendienst - Hydropartsholland","isPartOf":{"@id":"https:\/\/hydropartsholland.com\/#website"},"datePublished":"2023-04-19T07:54:23+00:00","dateModified":"2023-04-20T08:23:43+00:00","breadcrumb":{"@id":"https:\/\/hydropartsholland.com\/de\/haeufig-gestellte-fragen\/kundendienst\/#breadcrumb"},"inLanguage":"de","potentialAction":[{"@type":"ReadAction","target":["https:\/\/hydropartsholland.com\/de\/haeufig-gestellte-fragen\/kundendienst\/"]}]},{"@type":"BreadcrumbList","@id":"https:\/\/hydropartsholland.com\/de\/haeufig-gestellte-fragen\/kundendienst\/#breadcrumb","itemListElement":[{"@type":"ListItem","position":1,"name":"Home","item":"https:\/\/hydropartsholland.com\/"},{"@type":"ListItem","position":2,"name":"H\u00e4ufig gestellte Fragen","item":"https:\/\/hydropartsholland.com\/de\/haeufig-gestellte-fragen\/"},{"@type":"ListItem","position":3,"name":"Kundendienst"}]},{"@type":"WebSite","@id":"https:\/\/hydropartsholland.com\/#website","url":"https:\/\/hydropartsholland.com\/","name":"Hydropartsholland","description":"","publisher":{"@id":"https:\/\/hydropartsholland.com\/#organization"},"potentialAction":[{"@type":"SearchAction","target":{"@type":"EntryPoint","urlTemplate":"https:\/\/hydropartsholland.com\/?s={search_term_string}"},"query-input":"required name=search_term_string"}],"inLanguage":"de"},{"@type":"Organization","@id":"https:\/\/hydropartsholland.com\/#organization","name":"Spare Parts Holland","url":"https:\/\/hydropartsholland.com\/","logo":{"@type":"ImageObject","inLanguage":"de","@id":"https:\/\/hydropartsholland.com\/#\/schema\/logo\/image\/","url":"https:\/\/hydropartsholland.com\/wp-content\/uploads\/2022\/06\/spareparts-1.png","contentUrl":"https:\/\/hydropartsholland.com\/wp-content\/uploads\/2022\/06\/spareparts-1.png","width":824,"height":685,"caption":"Spare Parts Holland"},"image":{"@id":"https:\/\/hydropartsholland.com\/#\/schema\/logo\/image\/"}}]}},"_links":{"self":[{"href":"https:\/\/hydropartsholland.com\/de\/wp-json\/wp\/v2\/pages\/21877","targetHints":{"allow":["GET"]}}],"collection":[{"href":"https:\/\/hydropartsholland.com\/de\/wp-json\/wp\/v2\/pages"}],"about":[{"href":"https:\/\/hydropartsholland.com\/de\/wp-json\/wp\/v2\/types\/page"}],"author":[{"embeddable":true,"href":"https:\/\/hydropartsholland.com\/de\/wp-json\/wp\/v2\/users\/10"}],"replies":[{"embeddable":true,"href":"https:\/\/hydropartsholland.com\/de\/wp-json\/wp\/v2\/comments?post=21877"}],"version-history":[{"count":4,"href":"https:\/\/hydropartsholland.com\/de\/wp-json\/wp\/v2\/pages\/21877\/revisions"}],"predecessor-version":[{"id":23962,"href":"https:\/\/hydropartsholland.com\/de\/wp-json\/wp\/v2\/pages\/21877\/revisions\/23962"}],"up":[{"embeddable":true,"href":"https:\/\/hydropartsholland.com\/de\/wp-json\/wp\/v2\/pages\/4985"}],"wp:attachment":[{"href":"https:\/\/hydropartsholland.com\/de\/wp-json\/wp\/v2\/media?parent=21877"}],"curies":[{"name":"wp","href":"https:\/\/api.w.org\/{rel}","templated":true}]}}