{"id":21862,"date":"2023-04-19T08:58:03","date_gmt":"2023-04-19T07:58:03","guid":{"rendered":"https:\/\/hydropartsholland.com\/haeufig-gestellte-fragen\/zurueckkehren\/"},"modified":"2023-04-20T09:24:27","modified_gmt":"2023-04-20T08:24:27","slug":"zurueckkehren","status":"publish","type":"page","link":"https:\/\/hydropartsholland.com\/de\/haeufig-gestellte-fragen\/zurueckkehren\/","title":{"rendered":"Zur\u00fcckkehren"},"content":{"rendered":"\t\t<div data-elementor-type=\"wp-page\" data-elementor-id=\"21862\" class=\"elementor elementor-21862 elementor-21474\">\n\t\t\t\t\t\t<section class=\"elementor-section elementor-top-section elementor-element elementor-element-fea7d97 elementor-section-boxed elementor-section-height-default elementor-section-height-default\" data-id=\"fea7d97\" data-element_type=\"section\">\n\t\t\t\t\t\t<div class=\"elementor-container elementor-column-gap-default\">\n\t\t\t\t\t<div class=\"elementor-column elementor-col-100 elementor-top-column elementor-element elementor-element-a7cd389\" data-id=\"a7cd389\" data-element_type=\"column\">\n\t\t\t<div class=\"elementor-widget-wrap elementor-element-populated\">\n\t\t\t\t\t\t<div class=\"elementor-element elementor-element-8de8b58 elementor-widget elementor-widget-elementor_faq_widget\" data-id=\"8de8b58\" data-element_type=\"widget\" data-widget_type=\"elementor_faq_widget.default\">\n\t\t\t\t<div class=\"elementor-widget-container\">\n\t\t\t        <div class=\"faq-container\">\n            <div class=\"faq-titles-container\">\n                                    <div class=\"faq-title\">R\u00fccksendung & R\u00fcckerstattung<\/div>\n                                            <\/div>\n\n                            <div class=\"faq-item-container-flex\">\n                                            <div class=\"faq-item-flex\">\n                            \t\t\t\t\t\t<style>\r\n\t\t\t\t<style>\r\n#wpsm_accordion_22006 .wpsm_panel-heading{\r\n\tpadding:0px !important;\r\n}\r\n#wpsm_accordion_22006 .wpsm_panel-title {\r\n\tmargin:0px !important; \r\n\ttext-transform:none !important;\r\n\tline-height: 1 !important;\r\n}\r\n#wpsm_accordion_22006 .wpsm_panel-title a{\r\n\ttext-decoration:none;\r\n\toverflow:hidden;\r\n\tdisplay:block;\r\n\tpadding:0px;\r\n\tfont-size: 16px !important;\r\n\tfont-family: Open Sans !important;\r\n\tcolor:#ffffff !important;\r\n\tborder-bottom:0px !important;\r\n}\r\n\r\n#wpsm_accordion_22006 .wpsm_panel-title a:focus {\r\noutline: 0px !important;\r\n}\r\n\r\n#wpsm_accordion_22006 .wpsm_panel-title a:hover, #wpsm_accordion_22006 .wpsm_panel-title a:focus {\r\n\tcolor:#ffffff !important;\r\n}\r\n#wpsm_accordion_22006 .acc-a{\r\n\tcolor: #ffffff !important;\r\n\tbackground-color:#ec6707 !important;\r\n\tborder-color: #ddd;\r\n}\r\n#wpsm_accordion_22006 .wpsm_panel-default > .wpsm_panel-heading{\r\n\tcolor: #ffffff !important;\r\n\tbackground-color: #ec6707 !important;\r\n\tborder-color: #ec6707 !important;\r\n\tborder-top-left-radius: 0px;\r\n\tborder-top-right-radius: 0px;\r\n}\r\n#wpsm_accordion_22006 .wpsm_panel-default {\r\n\t\tborder:1px solid transparent !important;\r\n\t}\r\n#wpsm_accordion_22006 {\r\n\tmargin-bottom: 20px;\r\n\toverflow: hidden;\r\n\tfloat: none;\r\n\twidth: 100%;\r\n\tdisplay: block;\r\n}\r\n#wpsm_accordion_22006 .ac_title_class{\r\n\tdisplay: block;\r\n\tpadding-top: 12px;\r\n\tpadding-bottom: 12px;\r\n\tpadding-left: 15px;\r\n\tpadding-right: 15px;\r\n}\r\n#wpsm_accordion_22006  .wpsm_panel {\r\n\toverflow:hidden;\r\n\t-webkit-box-shadow: 0 0px 0px rgba(0, 0, 0, .05);\r\n\tbox-shadow: 0 0px 0px rgba(0, 0, 0, .05);\r\n\t\tborder-radius: 4px;\r\n\t}\r\n#wpsm_accordion_22006  .wpsm_panel + .wpsm_panel {\r\n\t\tmargin-top: 5px;\r\n\t}\r\n#wpsm_accordion_22006  .wpsm_panel-body{\r\n\tbackground-color:#ffffff !important;\r\n\tcolor:#000000 !important;\r\n\tborder-top-color: #ec6707 !important;\r\n\tfont-size:14px !important;\r\n\tfont-family: Open Sans !important;\r\n\toverflow: hidden;\r\n\t\tborder: 2px solid #ec6707 !important;\r\n\t}\r\n\r\n#wpsm_accordion_22006 .ac_open_cl_icon{\r\n\tbackground-color:#ec6707 !important;\r\n\tcolor: #ffffff !important;\r\n\tfloat:right !important;\r\n\tpadding-top: 12px !important;\r\n\tpadding-bottom: 12px !important;\r\n\tline-height: 1.0 !important;\r\n\tpadding-left: 15px !important;\r\n\tpadding-right: 15px !important;\r\n\tdisplay: inline-block !important;\r\n}\r\n\r\n\t\t\t\r\n\t\t\t<\/style>\t\r\n\t\t\t<\/style>\r\n\t\t\t<div class=\"wpsm_panel-group\" id=\"wpsm_accordion_22006\" >\r\n\t\t\t\t\t\t\t\t\r\n\t\t\t\t\t<!-- Inner panel Start -->\r\n\t\t\t\t\t<div class=\"wpsm_panel wpsm_panel-default\">\r\n\t\t\t\t\t\t<div class=\"wpsm_panel-heading\" role=\"tab\" >\r\n\t\t\t\t\t\t  <h4 class=\"wpsm_panel-title\">\r\n\t\t\t\t\t\t\t<a  class=\"\"  data-toggle=\"collapse\" data-parent=\"#wpsm_accordion_22006 \" href=\"javascript:void(0)\" data-target=\"#ac_22006_collapse1\" onclick=\"do_resize()\">\r\n\t\t\t\t\t\t\t\t\t\t\t\t\t\t\t\t\t<span class=\"ac_open_cl_icon fa fa-minus\"><\/span>\r\n\t\t\t\t\t\t\t\t\t\r\n\t\t\t\t\t\t\t\t \r\n\t\t\t\t\t\t\t\t<span class=\"ac_title_class\">\r\n\t\t\t\t\t\t\t\t\tStandard 30 Tage Bedenkzeit\t\t\t\t\t\t\t\t<\/span>\r\n\t\t\t\t\t\t\t<\/a>\r\n\t\t\t\t\t\t  <\/h4>\r\n\t\t\t\t\t\t<\/div>\r\n\t\t\t\t\t\t<div id=\"ac_22006_collapse1\" class=\"wpsm_panel-collapse collapse in\"  >\r\n\t\t\t\t\t\t  <div class=\"wpsm_panel-body\">\r\n\t\t\t\t\t\t\tBei Sparepartsholland tun wir alles, um Ihr Produkt in h\u00f6chstm\u00f6glicher Qualit\u00e4t zu liefern, damit es Ihren Erwartungen entspricht. Gef\u00e4llt Ihnen das Produkt nicht? Dann haben Sie jederzeit die M\u00f6glichkeit, das Produkt ohne Angabe von Gr\u00fcnden zur\u00fcckzugeben und somit Ihren Kauf zu widerrufen.<br><br>\r\n\r\nSie sind mit Ihrem gekauften Produkt nicht zufrieden oder haben das falsche Teil gekauft? Dann mach dir keine Sorgen. Sie erhalten nicht nur den vollen Kaufbetrag erstattet, sondern auch alle anfallenden Versandkosten! Bitte beachten Sie die unten beschriebenen Bedingungen.\r\n\t\t\t\t\t\t  <\/div>\r\n\t\t\t\t\t\t<\/div>\r\n\t\t\t\t\t<\/div>\r\n\t\t\t\t\t<!-- Inner panel End -->\r\n\t\t\t\t\t\r\n\t\t\t\t\t\t\t\t\r\n\t\t\t\t\t<!-- Inner panel Start -->\r\n\t\t\t\t\t<div class=\"wpsm_panel wpsm_panel-default\">\r\n\t\t\t\t\t\t<div class=\"wpsm_panel-heading\" role=\"tab\" >\r\n\t\t\t\t\t\t  <h4 class=\"wpsm_panel-title\">\r\n\t\t\t\t\t\t\t<a  class=\"collapsed\"  data-toggle=\"collapse\" data-parent=\"#wpsm_accordion_22006 \" href=\"javascript:void(0)\" data-target=\"#ac_22006_collapse2\" onclick=\"do_resize()\">\r\n\t\t\t\t\t\t\t\t\t\t\t\t\t\t\t\t\t<span class=\"ac_open_cl_icon fa fa-plus\"><\/span>\r\n\t\t\t\t\t\t\t\t\t\r\n\t\t\t\t\t\t\t\t \r\n\t\t\t\t\t\t\t\t<span class=\"ac_title_class\">\r\n\t\t\t\t\t\t\t\t\tR\u00fcckgabebedingungen\t\t\t\t\t\t\t\t<\/span>\r\n\t\t\t\t\t\t\t<\/a>\r\n\t\t\t\t\t\t  <\/h4>\r\n\t\t\t\t\t\t<\/div>\r\n\t\t\t\t\t\t<div id=\"ac_22006_collapse2\" class=\"wpsm_panel-collapse collapse \"  >\r\n\t\t\t\t\t\t  <div class=\"wpsm_panel-body\">\r\n\t\t\t\t\t\t\t<ul>\r\n\t<li>Als Kunde k\u00f6nnen Sie das Produkt innerhalb von 30 Tagen nach dem Bestelldatum des Produkts zur\u00fccksenden<\/li>\r\n\t<li>Die Produkte m\u00fcssen unbenutzt und unbesch\u00e4digt sein und nach M\u00f6glichkeit in der Originalverpackung zur\u00fcckgesendet werden<\/li>\r\n\t<li>Getestete Produkte werden nicht angenommen<\/li>\r\n\t<li>Unvollst\u00e4ndige Produkte werden nicht angenommen<\/li>\r\n<\/ul>\r\n\r\n\r\n\r\n\r\n\r\n\r\n\t\t\t\t\t\t  <\/div>\r\n\t\t\t\t\t\t<\/div>\r\n\t\t\t\t\t<\/div>\r\n\t\t\t\t\t<!-- Inner panel End -->\r\n\t\t\t\t\t\r\n\t\t\t\t\t\t\t\t\r\n\t\t\t\t\t<!-- Inner panel Start -->\r\n\t\t\t\t\t<div class=\"wpsm_panel wpsm_panel-default\">\r\n\t\t\t\t\t\t<div class=\"wpsm_panel-heading\" role=\"tab\" >\r\n\t\t\t\t\t\t  <h4 class=\"wpsm_panel-title\">\r\n\t\t\t\t\t\t\t<a  class=\"collapsed\"  data-toggle=\"collapse\" data-parent=\"#wpsm_accordion_22006 \" href=\"javascript:void(0)\" data-target=\"#ac_22006_collapse3\" onclick=\"do_resize()\">\r\n\t\t\t\t\t\t\t\t\t\t\t\t\t\t\t\t\t<span class=\"ac_open_cl_icon fa fa-plus\"><\/span>\r\n\t\t\t\t\t\t\t\t\t\r\n\t\t\t\t\t\t\t\t \r\n\t\t\t\t\t\t\t\t<span class=\"ac_title_class\">\r\n\t\t\t\t\t\t\t\t\tR\u00fcckgabeverfahren\t\t\t\t\t\t\t\t<\/span>\r\n\t\t\t\t\t\t\t<\/a>\r\n\t\t\t\t\t\t  <\/h4>\r\n\t\t\t\t\t\t<\/div>\r\n\t\t\t\t\t\t<div id=\"ac_22006_collapse3\" class=\"wpsm_panel-collapse collapse \"  >\r\n\t\t\t\t\t\t  <div class=\"wpsm_panel-body\">\r\n\t\t\t\t\t\t\t<ol>\r\n\t<li>Stellen Sie sicher, dass das Produkt, das Sie zur\u00fccksenden m\u00f6chten, unbesch\u00e4digt, unbenutzt und vollst\u00e4ndig ist<\/li>\r\n\t<li>Stellen Sie sicher, dass das Produkt, das Sie zur\u00fccksenden m\u00f6chten, in der Originalverpackung ist (wenn m\u00f6glich)<\/li>\r\n\t<li>Senden Sie eine E-Mail an info@sparepartsholland.nl und geben Sie mindestens die Rechnungsnummer und\/oder Bestellnummer an<\/li>\r\n\t<li>Sparepartsholland bearbeitet Ihre Post innerhalb von (mindestens) 5 Tagen und sendet Ihnen ein R\u00fccksendeetikett per Post zu<\/li>\r\n\t<li>Verpacken Sie das Produkt, das Sie zur\u00fccksenden m\u00f6chten, gut und kleben Sie das R\u00fccksendeetikett darauf.<\/li>\r\n\t<li>Der Kurier holt das Produkt bei Ihnen ab<\/li>\r\n\t<li>Innerhalb von maximal 7 Tagen nach Erhalt des zur\u00fcckgegebenen Produkts \u00fcberweist Sparepartsholland Ihnen den vollen Kaufbetrag + Versandkosten<\/li>\r\n<\/ol>\r\n\r\n\r\n\r\n\r\n\t\t\t\t\t\t  <\/div>\r\n\t\t\t\t\t\t<\/div>\r\n\t\t\t\t\t<\/div>\r\n\t\t\t\t\t<!-- Inner panel End -->\r\n\t\t\t\t\t\r\n\t\t\t\t\t\t\t<\/div>\r\n\t\t\t\r\n<script type=\"text\/javascript\">\r\n\t\r\n\t\tfunction do_resize(){\r\n\r\n\t\t\tvar width=jQuery( '.wpsm_panel .wpsm_panel-body iframe' ).width();\r\n\t\t\tvar height=jQuery( '.wpsm_panel .wpsm_panel-body iframe' ).height();\r\n\r\n\t\t\tvar toggleSize = true;\r\n\t\t\tjQuery('iframe').animate({\r\n\t\t\t    width: toggleSize ? width : 640,\r\n\t\t\t    height: toggleSize ? height : 360\r\n\t\t\t  }, 250);\r\n\r\n\t\t\t  toggleSize = !toggleSize;\r\n\t\t}\r\n\t\t\r\n<\/script>\t                        <\/div>\n                                    <\/div>\n                    <\/div>\n\t\t<\/div>\n\t\t\t\t<\/div>\n\t\t\t\t\t<\/div>\n\t\t<\/div>\n\t\t\t\t\t<\/div>\n\t\t<\/section>\n\t\t\t\t<\/div>\n\t\t","protected":false},"excerpt":{"rendered":"<p>R\u00fccksendung &#038; R\u00fcckerstattung<\/p>\n","protected":false},"author":10,"featured_media":0,"parent":4985,"menu_order":0,"comment_status":"closed","ping_status":"closed","template":"","meta":{"inline_featured_image":false,"footnotes":""},"class_list":["post-21862","page","type-page","status-publish","hentry"],"yoast_head":"<!-- This site is optimized with the Yoast SEO plugin v23.3 - https:\/\/yoast.com\/wordpress\/plugins\/seo\/ -->\n<title>Zur\u00fcckkehren - Hydropartsholland<\/title>\n<meta name=\"robots\" content=\"index, follow, max-snippet:-1, max-image-preview:large, max-video-preview:-1\" \/>\n<link rel=\"canonical\" href=\"https:\/\/hydropartsholland.com\/de\/haeufig-gestellte-fragen\/zurueckkehren\/\" \/>\n<meta property=\"og:locale\" content=\"de_DE\" \/>\n<meta property=\"og:type\" content=\"article\" \/>\n<meta property=\"og:title\" content=\"Zur\u00fcckkehren - Hydropartsholland\" \/>\n<meta property=\"og:description\" content=\"R\u00fccksendung &#038; R\u00fcckerstattung\" \/>\n<meta property=\"og:url\" content=\"https:\/\/hydropartsholland.com\/de\/haeufig-gestellte-fragen\/zurueckkehren\/\" \/>\n<meta property=\"og:site_name\" content=\"Hydropartsholland\" \/>\n<meta property=\"article:modified_time\" content=\"2023-04-20T08:24:27+00:00\" \/>\n<meta name=\"twitter:card\" content=\"summary_large_image\" \/>\n<meta name=\"twitter:label1\" content=\"Gesch\u00e4tzte Lesezeit\" \/>\n\t<meta name=\"twitter:data1\" content=\"1\u00a0Minute\" \/>\n<script type=\"application\/ld+json\" class=\"yoast-schema-graph\">{\"@context\":\"https:\/\/schema.org\",\"@graph\":[{\"@type\":\"WebPage\",\"@id\":\"https:\/\/hydropartsholland.com\/de\/haeufig-gestellte-fragen\/zurueckkehren\/\",\"url\":\"https:\/\/hydropartsholland.com\/de\/haeufig-gestellte-fragen\/zurueckkehren\/\",\"name\":\"Zur\u00fcckkehren - Hydropartsholland\",\"isPartOf\":{\"@id\":\"https:\/\/hydropartsholland.com\/#website\"},\"datePublished\":\"2023-04-19T07:58:03+00:00\",\"dateModified\":\"2023-04-20T08:24:27+00:00\",\"breadcrumb\":{\"@id\":\"https:\/\/hydropartsholland.com\/de\/haeufig-gestellte-fragen\/zurueckkehren\/#breadcrumb\"},\"inLanguage\":\"de\",\"potentialAction\":[{\"@type\":\"ReadAction\",\"target\":[\"https:\/\/hydropartsholland.com\/de\/haeufig-gestellte-fragen\/zurueckkehren\/\"]}]},{\"@type\":\"BreadcrumbList\",\"@id\":\"https:\/\/hydropartsholland.com\/de\/haeufig-gestellte-fragen\/zurueckkehren\/#breadcrumb\",\"itemListElement\":[{\"@type\":\"ListItem\",\"position\":1,\"name\":\"Home\",\"item\":\"https:\/\/hydropartsholland.com\/\"},{\"@type\":\"ListItem\",\"position\":2,\"name\":\"H\u00e4ufig gestellte Fragen\",\"item\":\"https:\/\/hydropartsholland.com\/de\/haeufig-gestellte-fragen\/\"},{\"@type\":\"ListItem\",\"position\":3,\"name\":\"Zur\u00fcckkehren\"}]},{\"@type\":\"WebSite\",\"@id\":\"https:\/\/hydropartsholland.com\/#website\",\"url\":\"https:\/\/hydropartsholland.com\/\",\"name\":\"Hydropartsholland\",\"description\":\"\",\"publisher\":{\"@id\":\"https:\/\/hydropartsholland.com\/#organization\"},\"potentialAction\":[{\"@type\":\"SearchAction\",\"target\":{\"@type\":\"EntryPoint\",\"urlTemplate\":\"https:\/\/hydropartsholland.com\/?s={search_term_string}\"},\"query-input\":\"required name=search_term_string\"}],\"inLanguage\":\"de\"},{\"@type\":\"Organization\",\"@id\":\"https:\/\/hydropartsholland.com\/#organization\",\"name\":\"Spare Parts Holland\",\"url\":\"https:\/\/hydropartsholland.com\/\",\"logo\":{\"@type\":\"ImageObject\",\"inLanguage\":\"de\",\"@id\":\"https:\/\/hydropartsholland.com\/#\/schema\/logo\/image\/\",\"url\":\"https:\/\/hydropartsholland.com\/wp-content\/uploads\/2022\/06\/spareparts-1.png\",\"contentUrl\":\"https:\/\/hydropartsholland.com\/wp-content\/uploads\/2022\/06\/spareparts-1.png\",\"width\":824,\"height\":685,\"caption\":\"Spare Parts Holland\"},\"image\":{\"@id\":\"https:\/\/hydropartsholland.com\/#\/schema\/logo\/image\/\"}}]}<\/script>\n<!-- \/ Yoast SEO plugin. -->","yoast_head_json":{"title":"Zur\u00fcckkehren - Hydropartsholland","robots":{"index":"index","follow":"follow","max-snippet":"max-snippet:-1","max-image-preview":"max-image-preview:large","max-video-preview":"max-video-preview:-1"},"canonical":"https:\/\/hydropartsholland.com\/de\/haeufig-gestellte-fragen\/zurueckkehren\/","og_locale":"de_DE","og_type":"article","og_title":"Zur\u00fcckkehren - Hydropartsholland","og_description":"R\u00fccksendung &#038; R\u00fcckerstattung","og_url":"https:\/\/hydropartsholland.com\/de\/haeufig-gestellte-fragen\/zurueckkehren\/","og_site_name":"Hydropartsholland","article_modified_time":"2023-04-20T08:24:27+00:00","twitter_card":"summary_large_image","twitter_misc":{"Gesch\u00e4tzte Lesezeit":"1\u00a0Minute"},"schema":{"@context":"https:\/\/schema.org","@graph":[{"@type":"WebPage","@id":"https:\/\/hydropartsholland.com\/de\/haeufig-gestellte-fragen\/zurueckkehren\/","url":"https:\/\/hydropartsholland.com\/de\/haeufig-gestellte-fragen\/zurueckkehren\/","name":"Zur\u00fcckkehren - Hydropartsholland","isPartOf":{"@id":"https:\/\/hydropartsholland.com\/#website"},"datePublished":"2023-04-19T07:58:03+00:00","dateModified":"2023-04-20T08:24:27+00:00","breadcrumb":{"@id":"https:\/\/hydropartsholland.com\/de\/haeufig-gestellte-fragen\/zurueckkehren\/#breadcrumb"},"inLanguage":"de","potentialAction":[{"@type":"ReadAction","target":["https:\/\/hydropartsholland.com\/de\/haeufig-gestellte-fragen\/zurueckkehren\/"]}]},{"@type":"BreadcrumbList","@id":"https:\/\/hydropartsholland.com\/de\/haeufig-gestellte-fragen\/zurueckkehren\/#breadcrumb","itemListElement":[{"@type":"ListItem","position":1,"name":"Home","item":"https:\/\/hydropartsholland.com\/"},{"@type":"ListItem","position":2,"name":"H\u00e4ufig gestellte Fragen","item":"https:\/\/hydropartsholland.com\/de\/haeufig-gestellte-fragen\/"},{"@type":"ListItem","position":3,"name":"Zur\u00fcckkehren"}]},{"@type":"WebSite","@id":"https:\/\/hydropartsholland.com\/#website","url":"https:\/\/hydropartsholland.com\/","name":"Hydropartsholland","description":"","publisher":{"@id":"https:\/\/hydropartsholland.com\/#organization"},"potentialAction":[{"@type":"SearchAction","target":{"@type":"EntryPoint","urlTemplate":"https:\/\/hydropartsholland.com\/?s={search_term_string}"},"query-input":"required name=search_term_string"}],"inLanguage":"de"},{"@type":"Organization","@id":"https:\/\/hydropartsholland.com\/#organization","name":"Spare Parts Holland","url":"https:\/\/hydropartsholland.com\/","logo":{"@type":"ImageObject","inLanguage":"de","@id":"https:\/\/hydropartsholland.com\/#\/schema\/logo\/image\/","url":"https:\/\/hydropartsholland.com\/wp-content\/uploads\/2022\/06\/spareparts-1.png","contentUrl":"https:\/\/hydropartsholland.com\/wp-content\/uploads\/2022\/06\/spareparts-1.png","width":824,"height":685,"caption":"Spare Parts Holland"},"image":{"@id":"https:\/\/hydropartsholland.com\/#\/schema\/logo\/image\/"}}]}},"_links":{"self":[{"href":"https:\/\/hydropartsholland.com\/de\/wp-json\/wp\/v2\/pages\/21862","targetHints":{"allow":["GET"]}}],"collection":[{"href":"https:\/\/hydropartsholland.com\/de\/wp-json\/wp\/v2\/pages"}],"about":[{"href":"https:\/\/hydropartsholland.com\/de\/wp-json\/wp\/v2\/types\/page"}],"author":[{"embeddable":true,"href":"https:\/\/hydropartsholland.com\/de\/wp-json\/wp\/v2\/users\/10"}],"replies":[{"embeddable":true,"href":"https:\/\/hydropartsholland.com\/de\/wp-json\/wp\/v2\/comments?post=21862"}],"version-history":[{"count":4,"href":"https:\/\/hydropartsholland.com\/de\/wp-json\/wp\/v2\/pages\/21862\/revisions"}],"predecessor-version":[{"id":23965,"href":"https:\/\/hydropartsholland.com\/de\/wp-json\/wp\/v2\/pages\/21862\/revisions\/23965"}],"up":[{"embeddable":true,"href":"https:\/\/hydropartsholland.com\/de\/wp-json\/wp\/v2\/pages\/4985"}],"wp:attachment":[{"href":"https:\/\/hydropartsholland.com\/de\/wp-json\/wp\/v2\/media?parent=21862"}],"curies":[{"name":"wp","href":"https:\/\/api.w.org\/{rel}","templated":true}]}}